{"id":61714,"date":"2025-11-03T14:35:35","date_gmt":"2025-11-03T14:35:35","guid":{"rendered":"https:\/\/www.retro-games.hu\/index.php\/termek\/swine-s-w-i-n-e-hd-remaster-uj\/"},"modified":"2025-11-03T14:35:38","modified_gmt":"2025-11-03T14:35:38","slug":"swine-s-w-i-n-e-hd-remaster-uj","status":"publish","type":"product","link":"https:\/\/www.retro-games.hu\/index.php\/termek\/swine-s-w-i-n-e-hd-remaster-uj\/","title":{"rendered":"SWINE S.W.I.N.E. HD Remaster (\u00faj)"},"content":{"rendered":"<p>Val\u00f3sidej\u0171 strat\u00e9giai j\u00e1t\u00e9k. Kiad\u00e1s \u00e9ve: 2019. Platform: Windows XP\/7\/10. Kivitel: dvd tokos, els\u0151 kiad\u00e1s, magyar feliratos bor\u00edt\u00f3, eredeti DVD, magyar szinkronos \u00e9s angol, francia, n\u00e9met, olasz, spanyol, orosz, cseh \u00e9s k\u00ednai nyelv\u0171 j\u00e1t\u00e9k. \u00daj, bontatlan, f\u00f3li\u00e1s! Figyelem: ingyenes Steam-fi\u00f3k \u00e9s internetes aktiv\u00e1l\u00e1s sz\u00fcks\u00e9ges hozz\u00e1.<\/p>\n","protected":false},"excerpt":{"rendered":"<p>Val\u00f3sidej\u0171 strat\u00e9giai j\u00e1t\u00e9k. Kiad\u00e1s \u00e9ve: 2019. Platform: Windows XP\/7\/10. Kivitel: dvd tokos, els\u0151 kiad\u00e1s, magyar feliratos bor\u00edt\u00f3, eredeti DVD, magyar szinkronos \u00e9s angol, francia, n\u00e9met, olasz, spanyol, orosz, cseh \u00e9s k\u00ednai nyelv\u0171 j\u00e1t\u00e9k. \u00daj, bontatlan, f\u00f3li\u00e1s! Figyelem: ingyenes Steam-fi\u00f3k \u00e9s internetes aktiv\u00e1l\u00e1s sz\u00fcks\u00e9ges hozz\u00e1.<\/p>\n","protected":false},"featured_media":61713,"comment_status":"open","ping_status":"closed","template":"","meta":{"_et_pb_use_builder":"","_et_pb_old_content":"","_et_gb_content_width":""},"product_brand":[],"product_cat":[155,43,47],"product_tag":[],"class_list":{"0":"post-61714","1":"product","2":"type-product","3":"status-publish","4":"has-post-thumbnail","6":"product_cat-jatekok","7":"product_cat-strategiai-jatek","8":"product_cat-valos-ideju-rts","9":"pa_allapot-uj","10":"pa_kivitel-dvd-tokos","11":"pa_nyelv-angol","12":"pa_nyelv-cseh","13":"pa_nyelv-francia","14":"pa_nyelv-kinai","15":"pa_nyelv-magyar-szinkronos","16":"pa_nyelv-nemet","17":"pa_nyelv-olasz","18":"pa_nyelv-orosz","19":"pa_nyelv-spanyol","20":"pa_platform-pc-windows-10","21":"pa_platform-pc-windows-7","22":"pa_platform-pc_windows","24":"first","25":"instock","26":"shipping-taxable","27":"purchasable","28":"product-type-simple"},"_links":{"self":[{"href":"https:\/\/www.retro-games.hu\/index.php\/wp-json\/wp\/v2\/product\/61714","targetHints":{"allow":["GET"]}}],"collection":[{"href":"https:\/\/www.retro-games.hu\/index.php\/wp-json\/wp\/v2\/product"}],"about":[{"href":"https:\/\/www.retro-games.hu\/index.php\/wp-json\/wp\/v2\/types\/product"}],"replies":[{"embeddable":true,"href":"https:\/\/www.retro-games.hu\/index.php\/wp-json\/wp\/v2\/comments?post=61714"}],"wp:featuredmedia":[{"embeddable":true,"href":"https:\/\/www.retro-games.hu\/index.php\/wp-json\/wp\/v2\/media\/61713"}],"wp:attachment":[{"href":"https:\/\/www.retro-games.hu\/index.php\/wp-json\/wp\/v2\/media?parent=61714"}],"wp:term":[{"taxonomy":"product_brand","embeddable":true,"href":"https:\/\/www.retro-games.hu\/index.php\/wp-json\/wp\/v2\/product_brand?post=61714"},{"taxonomy":"product_cat","embeddable":true,"href":"https:\/\/www.retro-games.hu\/index.php\/wp-json\/wp\/v2\/product_cat?post=61714"},{"taxonomy":"product_tag","embeddable":true,"href":"https:\/\/www.retro-games.hu\/index.php\/wp-json\/wp\/v2\/product_tag?post=61714"}],"curies":[{"name":"wp","href":"https:\/\/api.w.org\/{rel}","templated":true}]}}