{"id":61732,"date":"2025-11-03T14:36:18","date_gmt":"2025-11-03T14:36:18","guid":{"rendered":"https:\/\/www.retro-games.hu\/index.php\/termek\/traktor-derby-uj\/"},"modified":"2026-04-13T23:26:35","modified_gmt":"2026-04-13T23:26:35","slug":"traktor-derby-uj","status":"publish","type":"product","link":"https:\/\/www.retro-games.hu\/index.php\/termek\/traktor-derby-uj\/","title":{"rendered":"Traktor Derby (\u00faj)"},"content":{"rendered":"<p>Traktorversenyz\u0151s j\u00e1t\u00e9k. Kiad\u00e1s \u00e9ve: 2010. Platform: Windows XP\/Vista\/7. Kivitel: dvd tokos, els\u0151 kiad\u00e1s, magyar feliratos bor\u00edt\u00f3, eredeti cd, magyar feliratos j\u00e1t\u00e9k. \u00daj, bontatlan, f\u00f3li\u00e1s!<\/p>\n","protected":false},"excerpt":{"rendered":"<p>Traktorversenyz\u0151s j\u00e1t\u00e9k. Kiad\u00e1s \u00e9ve: 2010. Platform: Windows XP\/Vista\/7. Kivitel: dvd tokos, els\u0151 kiad\u00e1s, magyar feliratos bor\u00edt\u00f3, eredeti cd, magyar feliratos j\u00e1t\u00e9k. \u00daj, bontatlan, f\u00f3li\u00e1s!<\/p>\n","protected":false},"featured_media":61731,"comment_status":"open","ping_status":"closed","template":"","meta":{"_et_pb_use_builder":"","_et_pb_old_content":"","_et_gb_content_width":""},"product_brand":[],"product_cat":[33,155,8],"product_tag":[],"class_list":{"0":"post-61732","1":"product","2":"type-product","3":"status-publish","4":"has-post-thumbnail","6":"product_cat-autoversenyzos","7":"product_cat-jatekok","8":"product_cat-szimulator","9":"pa_allapot-uj","10":"pa_kivitel-dvd-tokos","11":"pa_nyelv-magyar-feliratos","12":"pa_platform-pc-windows-7","13":"pa_platform-pc-windows-vista","14":"pa_platform-pc_windows","16":"first","17":"outofstock","18":"shipping-taxable","19":"purchasable","20":"product-type-simple"},"_links":{"self":[{"href":"https:\/\/www.retro-games.hu\/index.php\/wp-json\/wp\/v2\/product\/61732","targetHints":{"allow":["GET"]}}],"collection":[{"href":"https:\/\/www.retro-games.hu\/index.php\/wp-json\/wp\/v2\/product"}],"about":[{"href":"https:\/\/www.retro-games.hu\/index.php\/wp-json\/wp\/v2\/types\/product"}],"replies":[{"embeddable":true,"href":"https:\/\/www.retro-games.hu\/index.php\/wp-json\/wp\/v2\/comments?post=61732"}],"wp:featuredmedia":[{"embeddable":true,"href":"https:\/\/www.retro-games.hu\/index.php\/wp-json\/wp\/v2\/media\/61731"}],"wp:attachment":[{"href":"https:\/\/www.retro-games.hu\/index.php\/wp-json\/wp\/v2\/media?parent=61732"}],"wp:term":[{"taxonomy":"product_brand","embeddable":true,"href":"https:\/\/www.retro-games.hu\/index.php\/wp-json\/wp\/v2\/product_brand?post=61732"},{"taxonomy":"product_cat","embeddable":true,"href":"https:\/\/www.retro-games.hu\/index.php\/wp-json\/wp\/v2\/product_cat?post=61732"},{"taxonomy":"product_tag","embeddable":true,"href":"https:\/\/www.retro-games.hu\/index.php\/wp-json\/wp\/v2\/product_tag?post=61732"}],"curies":[{"name":"wp","href":"https:\/\/api.w.org\/{rel}","templated":true}]}}