{"id":61744,"date":"2025-11-03T14:36:45","date_gmt":"2025-11-03T14:36:45","guid":{"rendered":"https:\/\/www.retro-games.hu\/index.php\/termek\/x-blades-uj\/"},"modified":"2025-11-03T14:36:48","modified_gmt":"2025-11-03T14:36:48","slug":"x-blades-uj","status":"publish","type":"product","link":"https:\/\/www.retro-games.hu\/index.php\/termek\/x-blades-uj\/","title":{"rendered":"X-Blades (\u00faj)"},"content":{"rendered":"<p>Hack &#8216;n slash akci\u00f3j\u00e1t\u00e9k. Kiad\u00e1s \u00e9ve: 2009. Platform: Windows XP\/Vista. Kivitel: vastag dvd tokos j\u00e1t\u00e9k kics\u00fasztathat\u00f3 pap\u00edrtokban, els\u0151 kiad\u00e1s, magyar feliratos bor\u00edt\u00f3, magyar nyelv\u0171 pap\u00edrk\u00e9zik\u00f6nyv, eredeti dvd, magyar feliratos \u00e9s angol, francia, olasz, spanyol, n\u00e9met, lengyel, cseh, orosz \u00e9s rom\u00e1n nyelv\u0171 j\u00e1t\u00e9k. \u00daj, bontatlan, f\u00f3li\u00e1s!<\/p>\n","protected":false},"excerpt":{"rendered":"<p>Hack &#8216;n slash akci\u00f3j\u00e1t\u00e9k. Kiad\u00e1s \u00e9ve: 2009. Platform: Windows XP\/Vista. Kivitel: vastag dvd tokos j\u00e1t\u00e9k kics\u00fasztathat\u00f3 pap\u00edrtokban, els\u0151 kiad\u00e1s, magyar feliratos bor\u00edt\u00f3, magyar nyelv\u0171 pap\u00edrk\u00e9zik\u00f6nyv, eredeti dvd, magyar feliratos \u00e9s angol, francia, olasz, spanyol, n\u00e9met, lengyel, cseh, orosz \u00e9s rom\u00e1n nyelv\u0171 j\u00e1t\u00e9k. \u00daj, bontatlan, f\u00f3li\u00e1s!<\/p>\n","protected":false},"featured_media":61743,"comment_status":"open","ping_status":"closed","template":"","meta":{"_et_pb_use_builder":"","_et_pb_old_content":"","_et_gb_content_width":""},"product_brand":[],"product_cat":[21,296,155],"product_tag":[],"class_list":{"0":"post-61744","1":"product","2":"type-product","3":"status-publish","4":"has-post-thumbnail","6":"product_cat-akcio","7":"product_cat-hack-n-slash","8":"product_cat-jatekok","9":"pa_allapot-uj","10":"pa_kivitel-vastag-dvd-tokos","11":"pa_nyelv-angol","12":"pa_nyelv-cseh","13":"pa_nyelv-francia","14":"pa_nyelv-lengyel","15":"pa_nyelv-magyar-feliratos","16":"pa_nyelv-nemet","17":"pa_nyelv-olasz","18":"pa_nyelv-orosz","19":"pa_nyelv-roman","20":"pa_nyelv-spanyol","21":"pa_platform-pc-windows-vista","22":"pa_platform-pc_windows","24":"first","25":"instock","26":"shipping-taxable","27":"purchasable","28":"product-type-simple"},"_links":{"self":[{"href":"https:\/\/www.retro-games.hu\/index.php\/wp-json\/wp\/v2\/product\/61744","targetHints":{"allow":["GET"]}}],"collection":[{"href":"https:\/\/www.retro-games.hu\/index.php\/wp-json\/wp\/v2\/product"}],"about":[{"href":"https:\/\/www.retro-games.hu\/index.php\/wp-json\/wp\/v2\/types\/product"}],"replies":[{"embeddable":true,"href":"https:\/\/www.retro-games.hu\/index.php\/wp-json\/wp\/v2\/comments?post=61744"}],"wp:featuredmedia":[{"embeddable":true,"href":"https:\/\/www.retro-games.hu\/index.php\/wp-json\/wp\/v2\/media\/61743"}],"wp:attachment":[{"href":"https:\/\/www.retro-games.hu\/index.php\/wp-json\/wp\/v2\/media?parent=61744"}],"wp:term":[{"taxonomy":"product_brand","embeddable":true,"href":"https:\/\/www.retro-games.hu\/index.php\/wp-json\/wp\/v2\/product_brand?post=61744"},{"taxonomy":"product_cat","embeddable":true,"href":"https:\/\/www.retro-games.hu\/index.php\/wp-json\/wp\/v2\/product_cat?post=61744"},{"taxonomy":"product_tag","embeddable":true,"href":"https:\/\/www.retro-games.hu\/index.php\/wp-json\/wp\/v2\/product_tag?post=61744"}],"curies":[{"name":"wp","href":"https:\/\/api.w.org\/{rel}","templated":true}]}}