{"id":61747,"date":"2025-11-03T14:36:51","date_gmt":"2025-11-03T14:36:51","guid":{"rendered":"https:\/\/www.retro-games.hu\/index.php\/termek\/victoria-complete-edition-1-revolutions-2-a-house-divided-egyben-uj\/"},"modified":"2025-11-03T14:36:54","modified_gmt":"2025-11-03T14:36:54","slug":"victoria-complete-edition-1-revolutions-2-a-house-divided-egyben-uj","status":"publish","type":"product","link":"https:\/\/www.retro-games.hu\/index.php\/termek\/victoria-complete-edition-1-revolutions-2-a-house-divided-egyben-uj\/","title":{"rendered":"Victoria Complete Edition (1 + Revolutions + 2 + A House Divided egyben) (\u00faj)"},"content":{"rendered":"<p>\u00c1tfog\u00f3 (grand) strat\u00e9giai j\u00e1t\u00e9k. Kiad\u00e1s \u00e9ve: 2007. Platform: Windows XP\/Vista\/7. Kivitel: vastag dvd tokos, Premium Games kiad\u00e1s, magyar feliratos bor\u00edt\u00f3, eredeti dvd, angol nyelv\u0171 j\u00e1t\u00e9kok. \u00daj, bontatlan, f\u00f3li\u00e1s!<\/p>\n","protected":false},"excerpt":{"rendered":"<p>\u00c1tfog\u00f3 (grand) strat\u00e9giai j\u00e1t\u00e9k. Kiad\u00e1s \u00e9ve: 2007. Platform: Windows XP\/Vista\/7. Kivitel: vastag dvd tokos, Premium Games kiad\u00e1s, magyar feliratos bor\u00edt\u00f3, eredeti dvd, angol nyelv\u0171 j\u00e1t\u00e9kok. \u00daj, bontatlan, f\u00f3li\u00e1s!<\/p>\n","protected":false},"featured_media":61746,"comment_status":"open","ping_status":"closed","template":"","meta":{"_et_pb_use_builder":"","_et_pb_old_content":"","_et_gb_content_width":""},"product_brand":[],"product_cat":[135,155,43],"product_tag":[],"class_list":{"0":"post-61747","1":"product","2":"type-product","3":"status-publish","4":"has-post-thumbnail","6":"product_cat-atfogo-grand","7":"product_cat-jatekok","8":"product_cat-strategiai-jatek","9":"pa_allapot-uj","10":"pa_kivitel-vastag-dvd-tokos","11":"pa_nyelv-angol","12":"pa_platform-pc-windows-7","13":"pa_platform-pc-windows-vista","14":"pa_platform-pc_windows","16":"first","17":"instock","18":"shipping-taxable","19":"purchasable","20":"product-type-simple"},"_links":{"self":[{"href":"https:\/\/www.retro-games.hu\/index.php\/wp-json\/wp\/v2\/product\/61747","targetHints":{"allow":["GET"]}}],"collection":[{"href":"https:\/\/www.retro-games.hu\/index.php\/wp-json\/wp\/v2\/product"}],"about":[{"href":"https:\/\/www.retro-games.hu\/index.php\/wp-json\/wp\/v2\/types\/product"}],"replies":[{"embeddable":true,"href":"https:\/\/www.retro-games.hu\/index.php\/wp-json\/wp\/v2\/comments?post=61747"}],"wp:featuredmedia":[{"embeddable":true,"href":"https:\/\/www.retro-games.hu\/index.php\/wp-json\/wp\/v2\/media\/61746"}],"wp:attachment":[{"href":"https:\/\/www.retro-games.hu\/index.php\/wp-json\/wp\/v2\/media?parent=61747"}],"wp:term":[{"taxonomy":"product_brand","embeddable":true,"href":"https:\/\/www.retro-games.hu\/index.php\/wp-json\/wp\/v2\/product_brand?post=61747"},{"taxonomy":"product_cat","embeddable":true,"href":"https:\/\/www.retro-games.hu\/index.php\/wp-json\/wp\/v2\/product_cat?post=61747"},{"taxonomy":"product_tag","embeddable":true,"href":"https:\/\/www.retro-games.hu\/index.php\/wp-json\/wp\/v2\/product_tag?post=61747"}],"curies":[{"name":"wp","href":"https:\/\/api.w.org\/{rel}","templated":true}]}}