{"id":61865,"date":"2025-11-03T14:41:46","date_gmt":"2025-11-03T14:41:46","guid":{"rendered":"https:\/\/www.retro-games.hu\/index.php\/termek\/alien-bugs-b-u-g-s\/"},"modified":"2025-11-03T14:41:52","modified_gmt":"2025-11-03T14:41:52","slug":"alien-bugs-b-u-g-s","status":"publish","type":"product","link":"https:\/\/www.retro-games.hu\/index.php\/termek\/alien-bugs-b-u-g-s\/","title":{"rendered":"Alien Bugs (B.U.G.S.)"},"content":{"rendered":"<p>\u0170rbeli 2D l\u00f6v\u00f6ld\u00f6z\u0151s j\u00e1t\u00e9k. Kiad\u00e1s \u00e9ve: 1997. Platform: Windows 95\/98\/NT. Kivitel: dvd tokos, Sikersorozat ut\u00e1nkiad\u00e1s, magyar feliratos bor\u00edt\u00f3, eredeti cd, angol nyelv\u0171 j\u00e1t\u00e9k. CD \u00e1llapota: szinte karcmentes, tesztelt, m\u0171k\u00f6dik<\/p>\n","protected":false},"excerpt":{"rendered":"<p>\u0170rbeli 2D l\u00f6v\u00f6ld\u00f6z\u0151s j\u00e1t\u00e9k. Kiad\u00e1s \u00e9ve: 1997. Platform: Windows 95\/98\/NT. Kivitel: dvd tokos, Sikersorozat ut\u00e1nkiad\u00e1s, magyar feliratos bor\u00edt\u00f3, eredeti cd, angol nyelv\u0171 j\u00e1t\u00e9k. CD \u00e1llapota: szinte karcmentes, tesztelt, m\u0171k\u00f6dik<\/p>\n","protected":false},"featured_media":61864,"comment_status":"open","ping_status":"closed","template":"","meta":{"_et_pb_use_builder":"","_et_pb_old_content":"","_et_gb_content_width":""},"product_brand":[],"product_cat":[21,83,155],"product_tag":[],"class_list":{"0":"post-61865","1":"product","2":"type-product","3":"status-publish","4":"has-post-thumbnail","6":"product_cat-akcio","7":"product_cat-egyeb-2d-lovoldozos","8":"product_cat-jatekok","9":"pa_allapot-hasznalt","10":"pa_kivitel-dvd-tokos","11":"pa_nyelv-angol","12":"pa_platform-pc-windows-95","13":"pa_platform-pc-windows-98","14":"pa_platform-pc-windows-nt","16":"first","17":"instock","18":"shipping-taxable","19":"purchasable","20":"product-type-simple"},"_links":{"self":[{"href":"https:\/\/www.retro-games.hu\/index.php\/wp-json\/wp\/v2\/product\/61865","targetHints":{"allow":["GET"]}}],"collection":[{"href":"https:\/\/www.retro-games.hu\/index.php\/wp-json\/wp\/v2\/product"}],"about":[{"href":"https:\/\/www.retro-games.hu\/index.php\/wp-json\/wp\/v2\/types\/product"}],"replies":[{"embeddable":true,"href":"https:\/\/www.retro-games.hu\/index.php\/wp-json\/wp\/v2\/comments?post=61865"}],"wp:featuredmedia":[{"embeddable":true,"href":"https:\/\/www.retro-games.hu\/index.php\/wp-json\/wp\/v2\/media\/61864"}],"wp:attachment":[{"href":"https:\/\/www.retro-games.hu\/index.php\/wp-json\/wp\/v2\/media?parent=61865"}],"wp:term":[{"taxonomy":"product_brand","embeddable":true,"href":"https:\/\/www.retro-games.hu\/index.php\/wp-json\/wp\/v2\/product_brand?post=61865"},{"taxonomy":"product_cat","embeddable":true,"href":"https:\/\/www.retro-games.hu\/index.php\/wp-json\/wp\/v2\/product_cat?post=61865"},{"taxonomy":"product_tag","embeddable":true,"href":"https:\/\/www.retro-games.hu\/index.php\/wp-json\/wp\/v2\/product_tag?post=61865"}],"curies":[{"name":"wp","href":"https:\/\/api.w.org\/{rel}","templated":true}]}}