{"id":61877,"date":"2025-11-03T14:42:16","date_gmt":"2025-11-03T14:42:16","guid":{"rendered":"https:\/\/www.retro-games.hu\/index.php\/termek\/bazis-a-melyben-deep-sea-tycoon\/"},"modified":"2025-11-03T14:42:22","modified_gmt":"2025-11-03T14:42:22","slug":"bazis-a-melyben-deep-sea-tycoon","status":"publish","type":"product","link":"https:\/\/www.retro-games.hu\/index.php\/termek\/bazis-a-melyben-deep-sea-tycoon\/","title":{"rendered":"B\u00e1zis a m\u00e9lyben (Deep Sea Tycoon)"},"content":{"rendered":"<p>Menedzsment j\u00e1t\u00e9k. Kiad\u00e1s \u00e9ve: 2003. Platform: Windows 98\/ME\/2000\/XP. Kivitel: dvd tokos, els\u0151 kiad\u00e1s, magyar feliratos bor\u00edt\u00f3, eredeti CD, magyar nyelv\u0171 j\u00e1t\u00e9k. CD \u00e1llapota: karcmentes, \u00fajnak t\u0171nik.<\/p>\n","protected":false},"excerpt":{"rendered":"<p>Menedzsment j\u00e1t\u00e9k. Kiad\u00e1s \u00e9ve: 2003. Platform: Windows 98\/ME\/2000\/XP. Kivitel: dvd tokos, els\u0151 kiad\u00e1s, magyar feliratos bor\u00edt\u00f3, eredeti CD, magyar nyelv\u0171 j\u00e1t\u00e9k. CD \u00e1llapota: karcmentes, \u00fajnak t\u0171nik.<\/p>\n","protected":false},"featured_media":61876,"comment_status":"open","ping_status":"closed","template":"","meta":{"_et_pb_use_builder":"","_et_pb_old_content":"","_et_gb_content_width":""},"product_brand":[],"product_cat":[8,81],"product_tag":[],"class_list":{"0":"post-61877","1":"product","2":"type-product","3":"status-publish","4":"has-post-thumbnail","6":"product_cat-szimulator","7":"product_cat-uzlet-menedzsment","8":"pa_allapot-hasznalt","9":"pa_kivitel-dvd-tokos","10":"pa_nyelv-magyar-feliratos","11":"pa_platform-pc-windows-2000","12":"pa_platform-pc-windows-98","13":"pa_platform-pc-windows-me","14":"pa_platform-pc_windows","16":"first","17":"instock","18":"shipping-taxable","19":"purchasable","20":"product-type-simple"},"_links":{"self":[{"href":"https:\/\/www.retro-games.hu\/index.php\/wp-json\/wp\/v2\/product\/61877","targetHints":{"allow":["GET"]}}],"collection":[{"href":"https:\/\/www.retro-games.hu\/index.php\/wp-json\/wp\/v2\/product"}],"about":[{"href":"https:\/\/www.retro-games.hu\/index.php\/wp-json\/wp\/v2\/types\/product"}],"replies":[{"embeddable":true,"href":"https:\/\/www.retro-games.hu\/index.php\/wp-json\/wp\/v2\/comments?post=61877"}],"wp:featuredmedia":[{"embeddable":true,"href":"https:\/\/www.retro-games.hu\/index.php\/wp-json\/wp\/v2\/media\/61876"}],"wp:attachment":[{"href":"https:\/\/www.retro-games.hu\/index.php\/wp-json\/wp\/v2\/media?parent=61877"}],"wp:term":[{"taxonomy":"product_brand","embeddable":true,"href":"https:\/\/www.retro-games.hu\/index.php\/wp-json\/wp\/v2\/product_brand?post=61877"},{"taxonomy":"product_cat","embeddable":true,"href":"https:\/\/www.retro-games.hu\/index.php\/wp-json\/wp\/v2\/product_cat?post=61877"},{"taxonomy":"product_tag","embeddable":true,"href":"https:\/\/www.retro-games.hu\/index.php\/wp-json\/wp\/v2\/product_tag?post=61877"}],"curies":[{"name":"wp","href":"https:\/\/api.w.org\/{rel}","templated":true}]}}