{"id":61881,"date":"2025-11-03T14:42:25","date_gmt":"2025-11-03T14:42:25","guid":{"rendered":"https:\/\/www.retro-games.hu\/index.php\/termek\/alpha-protocol\/"},"modified":"2025-11-03T14:42:31","modified_gmt":"2025-11-03T14:42:31","slug":"alpha-protocol","status":"publish","type":"product","link":"https:\/\/www.retro-games.hu\/index.php\/termek\/alpha-protocol\/","title":{"rendered":"Alpha Protocol"},"content":{"rendered":"<p>Akci\u00f3-szerepj\u00e1t\u00e9k. Kiad\u00e1s \u00e9ve: 2007. Platform: Windows XP\/Vista. Kivitel: dvd tokos, LV ut\u00e1nkiad\u00e1s, magyar nyelv\u0171 pap\u00edrk\u00e9zik\u00f6nyv, magyar feliratos bor\u00edt\u00f3, eredeti 2 dvd, angol \u00e9s francia, n\u00e9met, olasz, spanyol nyelv\u0171 j\u00e1t\u00e9k. DVD-k \u00e1llapota: enyh\u00e9n karcos (hajsz\u00e1lkarcok), tesztelt, m\u0171k\u00f6dik. Figyelem: A j\u00e1t\u00e9k elind\u00edt\u00e1s\u00e1hoz interneten aktiv\u00e1l\u00e1s sz\u00fcks\u00e9ges, de ez a m\u00e1sol\u00e1sv\u00e9delem az 1.1-es patch telep\u00edt\u00e9s\u00e9vel elt\u00e1vol\u00edthat\u00f3.<\/p>\n","protected":false},"excerpt":{"rendered":"<p>Akci\u00f3-szerepj\u00e1t\u00e9k. Kiad\u00e1s \u00e9ve: 2007. Platform: Windows XP\/Vista. Kivitel: dvd tokos, LV ut\u00e1nkiad\u00e1s, magyar nyelv\u0171 pap\u00edrk\u00e9zik\u00f6nyv, magyar feliratos bor\u00edt\u00f3, eredeti 2 dvd, angol \u00e9s francia, n\u00e9met, olasz, spanyol nyelv\u0171 j\u00e1t\u00e9k. DVD-k \u00e1llapota: enyh\u00e9n karcos (hajsz\u00e1lkarcok), tesztelt, m\u0171k\u00f6dik. Figyelem: A j\u00e1t\u00e9k elind\u00edt\u00e1s\u00e1hoz interneten aktiv\u00e1l\u00e1s sz\u00fcks\u00e9ges, de ez a m\u00e1sol\u00e1sv\u00e9delem az 1.1-es patch telep\u00edt\u00e9s\u00e9vel elt\u00e1vol\u00edthat\u00f3.<\/p>\n","protected":false},"featured_media":61880,"comment_status":"open","ping_status":"closed","template":"","meta":{"_et_pb_use_builder":"","_et_pb_old_content":"","_et_gb_content_width":""},"product_brand":[],"product_cat":[67,155,272],"product_tag":[],"class_list":{"0":"post-61881","1":"product","2":"type-product","3":"status-publish","4":"has-post-thumbnail","6":"product_cat-akcio-szerepjatek-arpg","7":"product_cat-jatekok","8":"product_cat-szerepjatek-rpg","9":"pa_allapot-hasznalt","10":"pa_kivitel-dvd-tokos","11":"pa_nyelv-angol","12":"pa_nyelv-francia","13":"pa_nyelv-nemet","14":"pa_nyelv-olasz","15":"pa_nyelv-spanyol","16":"pa_platform-pc-windows-vista","17":"pa_platform-pc_windows","19":"first","20":"instock","21":"shipping-taxable","22":"purchasable","23":"product-type-simple"},"_links":{"self":[{"href":"https:\/\/www.retro-games.hu\/index.php\/wp-json\/wp\/v2\/product\/61881","targetHints":{"allow":["GET"]}}],"collection":[{"href":"https:\/\/www.retro-games.hu\/index.php\/wp-json\/wp\/v2\/product"}],"about":[{"href":"https:\/\/www.retro-games.hu\/index.php\/wp-json\/wp\/v2\/types\/product"}],"replies":[{"embeddable":true,"href":"https:\/\/www.retro-games.hu\/index.php\/wp-json\/wp\/v2\/comments?post=61881"}],"wp:featuredmedia":[{"embeddable":true,"href":"https:\/\/www.retro-games.hu\/index.php\/wp-json\/wp\/v2\/media\/61880"}],"wp:attachment":[{"href":"https:\/\/www.retro-games.hu\/index.php\/wp-json\/wp\/v2\/media?parent=61881"}],"wp:term":[{"taxonomy":"product_brand","embeddable":true,"href":"https:\/\/www.retro-games.hu\/index.php\/wp-json\/wp\/v2\/product_brand?post=61881"},{"taxonomy":"product_cat","embeddable":true,"href":"https:\/\/www.retro-games.hu\/index.php\/wp-json\/wp\/v2\/product_cat?post=61881"},{"taxonomy":"product_tag","embeddable":true,"href":"https:\/\/www.retro-games.hu\/index.php\/wp-json\/wp\/v2\/product_tag?post=61881"}],"curies":[{"name":"wp","href":"https:\/\/api.w.org\/{rel}","templated":true}]}}