{"id":61909,"date":"2025-11-03T14:43:30","date_gmt":"2025-11-03T14:43:30","guid":{"rendered":"https:\/\/www.retro-games.hu\/index.php\/termek\/anno-1404-venice-kiegeszito\/"},"modified":"2025-11-03T14:43:36","modified_gmt":"2025-11-03T14:43:36","slug":"anno-1404-venice-kiegeszito","status":"publish","type":"product","link":"https:\/\/www.retro-games.hu\/index.php\/termek\/anno-1404-venice-kiegeszito\/","title":{"rendered":"Anno 1404: Venice kieg\u00e9sz\u00edt\u0151"},"content":{"rendered":"<p>V\u00e1ros\u00e9p\u00edt\u0151 menedzsment j\u00e1t\u00e9k. Kiad\u00e1s \u00e9ve: 2010. Platform: Windows XP\/Vista\/7. Kivitel: dvd tokos, els\u0151 kiad\u00e1s, magyar feliratos bor\u00edt\u00f3, magyar nyelv\u0171 pap\u00edrk\u00e9zik\u00f6nyv, eredeti dvd, angol, francia, spanyol, olasz nyelv\u0171 kieg\u00e9sz\u00edt\u0151 lemez,  az Anno 1404 alapj\u00e1t\u00e9k sz\u00fcks\u00e9ges hozz\u00e1! DVD \u00e1llapota: karcmentes, \u00fajnak t\u0171nik<\/p>\n","protected":false},"excerpt":{"rendered":"<p>V\u00e1ros\u00e9p\u00edt\u0151 menedzsment j\u00e1t\u00e9k. Kiad\u00e1s \u00e9ve: 2010. Platform: Windows XP\/Vista\/7. Kivitel: dvd tokos, els\u0151 kiad\u00e1s, magyar feliratos bor\u00edt\u00f3, magyar nyelv\u0171 pap\u00edrk\u00e9zik\u00f6nyv, eredeti dvd, angol, francia, spanyol, olasz nyelv\u0171 kieg\u00e9sz\u00edt\u0151 lemez, az Anno 1404 alapj\u00e1t\u00e9k sz\u00fcks\u00e9ges hozz\u00e1! DVD \u00e1llapota: karcmentes, \u00fajnak t\u0171nik<\/p>\n","protected":false},"featured_media":61908,"comment_status":"open","ping_status":"closed","template":"","meta":{"_et_pb_use_builder":"","_et_pb_old_content":"","_et_gb_content_width":""},"product_brand":[],"product_cat":[155,43,117],"product_tag":[],"class_list":{"0":"post-61909","1":"product","2":"type-product","3":"status-publish","4":"has-post-thumbnail","6":"product_cat-jatekok","7":"product_cat-strategiai-jatek","8":"product_cat-varosepito","9":"pa_allapot-hasznalt","10":"pa_kivitel-dvd-tokos","11":"pa_nyelv-angol","12":"pa_nyelv-francia","13":"pa_nyelv-olasz","14":"pa_nyelv-spanyol","15":"pa_platform-pc-windows-7","16":"pa_platform-pc-windows-vista","17":"pa_platform-pc_windows","19":"first","20":"instock","21":"shipping-taxable","22":"purchasable","23":"product-type-simple"},"_links":{"self":[{"href":"https:\/\/www.retro-games.hu\/index.php\/wp-json\/wp\/v2\/product\/61909","targetHints":{"allow":["GET"]}}],"collection":[{"href":"https:\/\/www.retro-games.hu\/index.php\/wp-json\/wp\/v2\/product"}],"about":[{"href":"https:\/\/www.retro-games.hu\/index.php\/wp-json\/wp\/v2\/types\/product"}],"replies":[{"embeddable":true,"href":"https:\/\/www.retro-games.hu\/index.php\/wp-json\/wp\/v2\/comments?post=61909"}],"wp:featuredmedia":[{"embeddable":true,"href":"https:\/\/www.retro-games.hu\/index.php\/wp-json\/wp\/v2\/media\/61908"}],"wp:attachment":[{"href":"https:\/\/www.retro-games.hu\/index.php\/wp-json\/wp\/v2\/media?parent=61909"}],"wp:term":[{"taxonomy":"product_brand","embeddable":true,"href":"https:\/\/www.retro-games.hu\/index.php\/wp-json\/wp\/v2\/product_brand?post=61909"},{"taxonomy":"product_cat","embeddable":true,"href":"https:\/\/www.retro-games.hu\/index.php\/wp-json\/wp\/v2\/product_cat?post=61909"},{"taxonomy":"product_tag","embeddable":true,"href":"https:\/\/www.retro-games.hu\/index.php\/wp-json\/wp\/v2\/product_tag?post=61909"}],"curies":[{"name":"wp","href":"https:\/\/api.w.org\/{rel}","templated":true}]}}