{"id":61949,"date":"2025-11-03T14:45:12","date_gmt":"2025-11-03T14:45:12","guid":{"rendered":"https:\/\/www.retro-games.hu\/index.php\/termek\/aquarium-2\/"},"modified":"2025-11-03T14:45:19","modified_gmt":"2025-11-03T14:45:19","slug":"aquarium-2","status":"publish","type":"product","link":"https:\/\/www.retro-games.hu\/index.php\/termek\/aquarium-2\/","title":{"rendered":"Aquarium"},"content":{"rendered":"<p>V\u00edzi vid\u00e1mpark \u00fczleti menedzsment szimul\u00e1tor. Kiad\u00e1s \u00e9ve: 2000. Platform: Windows 95\/98. Kivitel: dvd tokos, ut\u00e1nkiad\u00e1s, angol feliratos bor\u00edt\u00f3, eredeti CD + dokument\u00e1ci\u00f3 CD, angol nyelv\u0171 j\u00e1t\u00e9k. CD-k \u00e1llapota: karcmentes, \u00fajnak t\u0171nik<\/p>\n","protected":false},"excerpt":{"rendered":"<p>V\u00edzi vid\u00e1mpark \u00fczleti menedzsment szimul\u00e1tor. Kiad\u00e1s \u00e9ve: 2000. Platform: Windows 95\/98. Kivitel: dvd tokos, ut\u00e1nkiad\u00e1s, angol feliratos bor\u00edt\u00f3, eredeti CD + dokument\u00e1ci\u00f3 CD, angol nyelv\u0171 j\u00e1t\u00e9k. CD-k \u00e1llapota: karcmentes, \u00fajnak t\u0171nik<\/p>\n","protected":false},"featured_media":61948,"comment_status":"open","ping_status":"closed","template":"","meta":{"_et_pb_use_builder":"","_et_pb_old_content":"","_et_gb_content_width":""},"product_brand":[],"product_cat":[155,8,81],"product_tag":[],"class_list":{"0":"post-61949","1":"product","2":"type-product","3":"status-publish","4":"has-post-thumbnail","6":"product_cat-jatekok","7":"product_cat-szimulator","8":"product_cat-uzlet-menedzsment","9":"pa_allapot-hasznalt","10":"pa_kivitel-dvd-tokos","11":"pa_nyelv-angol","12":"pa_platform-pc-windows-95","13":"pa_platform-pc-windows-98","15":"first","16":"instock","17":"shipping-taxable","18":"purchasable","19":"product-type-simple"},"_links":{"self":[{"href":"https:\/\/www.retro-games.hu\/index.php\/wp-json\/wp\/v2\/product\/61949","targetHints":{"allow":["GET"]}}],"collection":[{"href":"https:\/\/www.retro-games.hu\/index.php\/wp-json\/wp\/v2\/product"}],"about":[{"href":"https:\/\/www.retro-games.hu\/index.php\/wp-json\/wp\/v2\/types\/product"}],"replies":[{"embeddable":true,"href":"https:\/\/www.retro-games.hu\/index.php\/wp-json\/wp\/v2\/comments?post=61949"}],"wp:featuredmedia":[{"embeddable":true,"href":"https:\/\/www.retro-games.hu\/index.php\/wp-json\/wp\/v2\/media\/61948"}],"wp:attachment":[{"href":"https:\/\/www.retro-games.hu\/index.php\/wp-json\/wp\/v2\/media?parent=61949"}],"wp:term":[{"taxonomy":"product_brand","embeddable":true,"href":"https:\/\/www.retro-games.hu\/index.php\/wp-json\/wp\/v2\/product_brand?post=61949"},{"taxonomy":"product_cat","embeddable":true,"href":"https:\/\/www.retro-games.hu\/index.php\/wp-json\/wp\/v2\/product_cat?post=61949"},{"taxonomy":"product_tag","embeddable":true,"href":"https:\/\/www.retro-games.hu\/index.php\/wp-json\/wp\/v2\/product_tag?post=61949"}],"curies":[{"name":"wp","href":"https:\/\/api.w.org\/{rel}","templated":true}]}}