{"id":61993,"date":"2025-11-03T14:47:06","date_gmt":"2025-11-03T14:47:06","guid":{"rendered":"https:\/\/www.retro-games.hu\/index.php\/termek\/armored-fist-3\/"},"modified":"2025-11-03T14:47:12","modified_gmt":"2025-11-03T14:47:12","slug":"armored-fist-3","status":"publish","type":"product","link":"https:\/\/www.retro-games.hu\/index.php\/termek\/armored-fist-3\/","title":{"rendered":"Armored Fist 3"},"content":{"rendered":"<p>Tankszimul\u00e1tor. Kiad\u00e1s \u00e9ve: 1999. Platform: Windows 95\/98\/NT. Kivitel: dvd tokos, Cool Price kiad\u00e1s, magyar feliratos bor\u00edt\u00f3, magyar nyelv\u0171 r\u00f6vid ismertet\u0151, eredeti cd, angol nyelv\u0171 j\u00e1t\u00e9k. CD \u00e1llapota: szinte karcmentes, tesztelt, m\u0171k\u00f6dik<\/p>\n","protected":false},"excerpt":{"rendered":"<p>Tankszimul\u00e1tor. Kiad\u00e1s \u00e9ve: 1999. Platform: Windows 95\/98\/NT. Kivitel: dvd tokos, Cool Price kiad\u00e1s, magyar feliratos bor\u00edt\u00f3, magyar nyelv\u0171 r\u00f6vid ismertet\u0151, eredeti cd, angol nyelv\u0171 j\u00e1t\u00e9k. CD \u00e1llapota: szinte karcmentes, tesztelt, m\u0171k\u00f6dik<\/p>\n","protected":false},"featured_media":61992,"comment_status":"open","ping_status":"closed","template":"","meta":{"_et_pb_use_builder":"","_et_pb_old_content":"","_et_gb_content_width":""},"product_brand":[],"product_cat":[155,8,122],"product_tag":[],"class_list":{"0":"post-61993","1":"product","2":"type-product","3":"status-publish","4":"has-post-thumbnail","6":"product_cat-jatekok","7":"product_cat-szimulator","8":"product_cat-tank","9":"pa_allapot-hasznalt","10":"pa_kivitel-dvd-tokos","11":"pa_nyelv-angol","12":"pa_platform-pc-windows-95","13":"pa_platform-pc-windows-98","14":"pa_platform-pc-windows-nt","16":"first","17":"instock","18":"shipping-taxable","19":"purchasable","20":"product-type-simple"},"_links":{"self":[{"href":"https:\/\/www.retro-games.hu\/index.php\/wp-json\/wp\/v2\/product\/61993","targetHints":{"allow":["GET"]}}],"collection":[{"href":"https:\/\/www.retro-games.hu\/index.php\/wp-json\/wp\/v2\/product"}],"about":[{"href":"https:\/\/www.retro-games.hu\/index.php\/wp-json\/wp\/v2\/types\/product"}],"replies":[{"embeddable":true,"href":"https:\/\/www.retro-games.hu\/index.php\/wp-json\/wp\/v2\/comments?post=61993"}],"wp:featuredmedia":[{"embeddable":true,"href":"https:\/\/www.retro-games.hu\/index.php\/wp-json\/wp\/v2\/media\/61992"}],"wp:attachment":[{"href":"https:\/\/www.retro-games.hu\/index.php\/wp-json\/wp\/v2\/media?parent=61993"}],"wp:term":[{"taxonomy":"product_brand","embeddable":true,"href":"https:\/\/www.retro-games.hu\/index.php\/wp-json\/wp\/v2\/product_brand?post=61993"},{"taxonomy":"product_cat","embeddable":true,"href":"https:\/\/www.retro-games.hu\/index.php\/wp-json\/wp\/v2\/product_cat?post=61993"},{"taxonomy":"product_tag","embeddable":true,"href":"https:\/\/www.retro-games.hu\/index.php\/wp-json\/wp\/v2\/product_tag?post=61993"}],"curies":[{"name":"wp","href":"https:\/\/api.w.org\/{rel}","templated":true}]}}