{"id":62061,"date":"2025-11-03T14:50:01","date_gmt":"2025-11-03T14:50:01","guid":{"rendered":"https:\/\/www.retro-games.hu\/index.php\/termek\/barbie-beauty-styler\/"},"modified":"2025-11-03T14:50:07","modified_gmt":"2025-11-03T14:50:07","slug":"barbie-beauty-styler","status":"publish","type":"product","link":"https:\/\/www.retro-games.hu\/index.php\/termek\/barbie-beauty-styler\/","title":{"rendered":"Barbie Beauty Styler"},"content":{"rendered":"<p>Divat stylist j\u00e1t\u00e9k. Kiad\u00e1s \u00e9ve: 2001. Platform: Windows 95\/98 \u00e9s Apple\/Power Macintosh. Kivitel: dvd tokos, Bestseller junior kiad\u00e1s, magyar feliratos bor\u00edt\u00f3, magyar nyelv\u0171 \u00fatmutat\u00f3, eredeti CD, angol nyelv\u0171 j\u00e1t\u00e9k. CD \u00e1llapota:<\/p>\n","protected":false},"excerpt":{"rendered":"<p>Divat stylist j\u00e1t\u00e9k. Kiad\u00e1s \u00e9ve: 2001. Platform: Windows 95\/98 \u00e9s Apple\/Power Macintosh. Kivitel: dvd tokos, Bestseller junior kiad\u00e1s, magyar feliratos bor\u00edt\u00f3, magyar nyelv\u0171 \u00fatmutat\u00f3, eredeti CD, angol nyelv\u0171 j\u00e1t\u00e9k. CD \u00e1llapota:<\/p>\n","protected":false},"featured_media":62060,"comment_status":"open","ping_status":"closed","template":"","meta":{"_et_pb_use_builder":"","_et_pb_old_content":"","_et_gb_content_width":""},"product_brand":[],"product_cat":[301,45,155],"product_tag":[],"class_list":{"0":"post-62061","1":"product","2":"type-product","3":"status-publish","4":"has-post-thumbnail","6":"product_cat-divat","7":"product_cat-egyeb","8":"product_cat-jatekok","9":"pa_allapot-hasznalt","10":"pa_kivitel-dvd-tokos","11":"pa_nyelv-angol","12":"pa_platform-applepower-macintosh","13":"pa_platform-pc-windows-95","14":"pa_platform-pc-windows-98","16":"first","17":"instock","18":"shipping-taxable","19":"purchasable","20":"product-type-simple"},"_links":{"self":[{"href":"https:\/\/www.retro-games.hu\/index.php\/wp-json\/wp\/v2\/product\/62061","targetHints":{"allow":["GET"]}}],"collection":[{"href":"https:\/\/www.retro-games.hu\/index.php\/wp-json\/wp\/v2\/product"}],"about":[{"href":"https:\/\/www.retro-games.hu\/index.php\/wp-json\/wp\/v2\/types\/product"}],"replies":[{"embeddable":true,"href":"https:\/\/www.retro-games.hu\/index.php\/wp-json\/wp\/v2\/comments?post=62061"}],"wp:featuredmedia":[{"embeddable":true,"href":"https:\/\/www.retro-games.hu\/index.php\/wp-json\/wp\/v2\/media\/62060"}],"wp:attachment":[{"href":"https:\/\/www.retro-games.hu\/index.php\/wp-json\/wp\/v2\/media?parent=62061"}],"wp:term":[{"taxonomy":"product_brand","embeddable":true,"href":"https:\/\/www.retro-games.hu\/index.php\/wp-json\/wp\/v2\/product_brand?post=62061"},{"taxonomy":"product_cat","embeddable":true,"href":"https:\/\/www.retro-games.hu\/index.php\/wp-json\/wp\/v2\/product_cat?post=62061"},{"taxonomy":"product_tag","embeddable":true,"href":"https:\/\/www.retro-games.hu\/index.php\/wp-json\/wp\/v2\/product_tag?post=62061"}],"curies":[{"name":"wp","href":"https:\/\/api.w.org\/{rel}","templated":true}]}}