{"id":62073,"date":"2025-11-03T14:50:33","date_gmt":"2025-11-03T14:50:33","guid":{"rendered":"https:\/\/www.retro-games.hu\/index.php\/termek\/battlefield-2142-2\/"},"modified":"2025-11-03T14:50:41","modified_gmt":"2025-11-03T14:50:41","slug":"battlefield-2142-2","status":"publish","type":"product","link":"https:\/\/www.retro-games.hu\/index.php\/termek\/battlefield-2142-2\/","title":{"rendered":"Battlefield 2142"},"content":{"rendered":"<p>Bels\u0151 n\u00e9zetes l\u00f6v\u00f6ld\u00f6z\u0151s j\u00e1t\u00e9k (FPS). Kiad\u00e1s \u00e9ve: 2005. Platform: Windows XP. Kivitel: dvd tokos, EA Value Games kiad\u00e1s, magyar feliratos bor\u00edt\u00f3, telep\u00edt\u0151k\u00f3d, eredeti dvd, angol, k\u00ednai (hagyom\u00e1nyos), cseh, d\u00e1n, holland, finn, francia, olasz, n\u00e9met, jap\u00e1n, koreai, lengyel, orosz, spanyol, sv\u00e9d nyelv\u0171 j\u00e1t\u00e9k. DVD \u00e1llapota: szinte karcmentes, tesztelt, m\u0171k\u00f6dik. Figyelem: a haszn\u00e1lat\u00e1hoz offline fi\u00f3k l\u00e9trehoz\u00e1sa sz\u00fcks\u00e9ges (online \u00fatmutat\u00f3 l\u00e9tezik hozz\u00e1), illetve c\u00e9lszer\u0171 a leg\u00fajabb 1.51 patchre friss\u00edteni a telep\u00edt\u00e9s ut\u00e1n, mert az elt\u00e1vol\u00edtja a m\u00e1sol\u00e1sv\u00e9delmet. A term\u00e9kkulcs val\u00f3sz\u00edn\u0171leg el lett haszn\u00e1lva online j\u00e1t\u00e9kra, offline j\u00e1t\u00e9kra alkalmas biztosan.<\/p>\n","protected":false},"excerpt":{"rendered":"<p>Bels\u0151 n\u00e9zetes l\u00f6v\u00f6ld\u00f6z\u0151s j\u00e1t\u00e9k (FPS). Kiad\u00e1s \u00e9ve: 2005. Platform: Windows XP. Kivitel: dvd tokos, EA Value Games kiad\u00e1s, magyar feliratos bor\u00edt\u00f3, telep\u00edt\u0151k\u00f3d, eredeti dvd, angol, k\u00ednai (hagyom\u00e1nyos), cseh, d\u00e1n, holland, finn, francia, olasz, n\u00e9met, jap\u00e1n, koreai, lengyel, orosz, spanyol, sv\u00e9d nyelv\u0171 j\u00e1t\u00e9k. DVD \u00e1llapota: szinte karcmentes, tesztelt, m\u0171k\u00f6dik. Figyelem: a haszn\u00e1lat\u00e1hoz offline fi\u00f3k l\u00e9trehoz\u00e1sa sz\u00fcks\u00e9ges [&hellip;]<\/p>\n","protected":false},"featured_media":62072,"comment_status":"open","ping_status":"closed","template":"","meta":{"_et_pb_use_builder":"","_et_pb_old_content":"","_et_gb_content_width":""},"product_brand":[],"product_cat":[21,22,155],"product_tag":[],"class_list":{"0":"post-62073","1":"product","2":"type-product","3":"status-publish","4":"has-post-thumbnail","6":"product_cat-akcio","7":"product_cat-belso-nezetes-lovoldozos-fps","8":"product_cat-jatekok","9":"pa_allapot-hasznalt","10":"pa_kivitel-dvd-tokos","11":"pa_nyelv-angol","12":"pa_nyelv-cseh","13":"pa_nyelv-dan","14":"pa_nyelv-finn","15":"pa_nyelv-francia","16":"pa_nyelv-holland","17":"pa_nyelv-japan","18":"pa_nyelv-kinai","19":"pa_nyelv-koreai","20":"pa_nyelv-lengyel","21":"pa_nyelv-nemet","22":"pa_nyelv-olasz","23":"pa_nyelv-orosz","24":"pa_nyelv-spanyol","25":"pa_nyelv-sved","26":"pa_platform-pc_windows","28":"first","29":"instock","30":"shipping-taxable","31":"purchasable","32":"product-type-simple"},"_links":{"self":[{"href":"https:\/\/www.retro-games.hu\/index.php\/wp-json\/wp\/v2\/product\/62073","targetHints":{"allow":["GET"]}}],"collection":[{"href":"https:\/\/www.retro-games.hu\/index.php\/wp-json\/wp\/v2\/product"}],"about":[{"href":"https:\/\/www.retro-games.hu\/index.php\/wp-json\/wp\/v2\/types\/product"}],"replies":[{"embeddable":true,"href":"https:\/\/www.retro-games.hu\/index.php\/wp-json\/wp\/v2\/comments?post=62073"}],"wp:featuredmedia":[{"embeddable":true,"href":"https:\/\/www.retro-games.hu\/index.php\/wp-json\/wp\/v2\/media\/62072"}],"wp:attachment":[{"href":"https:\/\/www.retro-games.hu\/index.php\/wp-json\/wp\/v2\/media?parent=62073"}],"wp:term":[{"taxonomy":"product_brand","embeddable":true,"href":"https:\/\/www.retro-games.hu\/index.php\/wp-json\/wp\/v2\/product_brand?post=62073"},{"taxonomy":"product_cat","embeddable":true,"href":"https:\/\/www.retro-games.hu\/index.php\/wp-json\/wp\/v2\/product_cat?post=62073"},{"taxonomy":"product_tag","embeddable":true,"href":"https:\/\/www.retro-games.hu\/index.php\/wp-json\/wp\/v2\/product_tag?post=62073"}],"curies":[{"name":"wp","href":"https:\/\/api.w.org\/{rel}","templated":true}]}}