{"id":62085,"date":"2025-11-03T14:51:08","date_gmt":"2025-11-03T14:51:08","guid":{"rendered":"https:\/\/www.retro-games.hu\/index.php\/termek\/battlefield-2-special-forces-kiegeszito\/"},"modified":"2025-11-03T14:51:15","modified_gmt":"2025-11-03T14:51:15","slug":"battlefield-2-special-forces-kiegeszito","status":"publish","type":"product","link":"https:\/\/www.retro-games.hu\/index.php\/termek\/battlefield-2-special-forces-kiegeszito\/","title":{"rendered":"Battlefield 2: Special Forces kieg\u00e9sz\u00edt\u0151"},"content":{"rendered":"<p>Bels\u0151 n\u00e9zetes l\u00f6v\u00f6ld\u00f6z\u0151s j\u00e1t\u00e9k (FPS). Kiad\u00e1s \u00e9ve: 2005. Platform: Windows XP. Kivitel: dvd tokos, els\u0151 kiad\u00e1s, magyar\/cseh feliratos bor\u00edt\u00f3, magyar\/cseh nyelv\u0171 pap\u00edrk\u00e9zik\u00f6nyv, eredeti dvd, angol, n\u00e9met, francia, olasz, spanyol, holland, k\u00ednai, jap\u00e1n, koreai, lengyel, sv\u00e9d, thai nyelv\u0171 j\u00e1t\u00e9k a Battlefield 2 alapj\u00e1t\u00e9k sz\u00fcks\u00e9ges a futtat\u00e1s\u00e1hoz. DVD \u00e1llapota: enyh\u00e9n karcos (hajsz\u00e1lkarcok), tesztelt, m\u0171k\u00f6dik<\/p>\n","protected":false},"excerpt":{"rendered":"<p>Bels\u0151 n\u00e9zetes l\u00f6v\u00f6ld\u00f6z\u0151s j\u00e1t\u00e9k (FPS). Kiad\u00e1s \u00e9ve: 2005. Platform: Windows XP. Kivitel: dvd tokos, els\u0151 kiad\u00e1s, magyar\/cseh feliratos bor\u00edt\u00f3, magyar\/cseh nyelv\u0171 pap\u00edrk\u00e9zik\u00f6nyv, eredeti dvd, angol, n\u00e9met, francia, olasz, spanyol, holland, k\u00ednai, jap\u00e1n, koreai, lengyel, sv\u00e9d, thai nyelv\u0171 j\u00e1t\u00e9k a Battlefield 2 alapj\u00e1t\u00e9k sz\u00fcks\u00e9ges a futtat\u00e1s\u00e1hoz. DVD \u00e1llapota: enyh\u00e9n karcos (hajsz\u00e1lkarcok), tesztelt, m\u0171k\u00f6dik<\/p>\n","protected":false},"featured_media":62084,"comment_status":"open","ping_status":"closed","template":"","meta":{"_et_pb_use_builder":"","_et_pb_old_content":"","_et_gb_content_width":""},"product_brand":[],"product_cat":[21,22,155],"product_tag":[],"class_list":{"0":"post-62085","1":"product","2":"type-product","3":"status-publish","4":"has-post-thumbnail","6":"product_cat-akcio","7":"product_cat-belso-nezetes-lovoldozos-fps","8":"product_cat-jatekok","9":"pa_allapot-hasznalt","10":"pa_kivitel-dvd-tokos","11":"pa_nyelv-angol","12":"pa_nyelv-francia","13":"pa_nyelv-holland","14":"pa_nyelv-japan","15":"pa_nyelv-kinai","16":"pa_nyelv-koreai","17":"pa_nyelv-lengyel","18":"pa_nyelv-nemet","19":"pa_nyelv-olasz","20":"pa_nyelv-spanyol","21":"pa_nyelv-sved","22":"pa_nyelv-thai","23":"pa_platform-pc_windows","25":"first","26":"instock","27":"shipping-taxable","28":"purchasable","29":"product-type-simple"},"_links":{"self":[{"href":"https:\/\/www.retro-games.hu\/index.php\/wp-json\/wp\/v2\/product\/62085","targetHints":{"allow":["GET"]}}],"collection":[{"href":"https:\/\/www.retro-games.hu\/index.php\/wp-json\/wp\/v2\/product"}],"about":[{"href":"https:\/\/www.retro-games.hu\/index.php\/wp-json\/wp\/v2\/types\/product"}],"replies":[{"embeddable":true,"href":"https:\/\/www.retro-games.hu\/index.php\/wp-json\/wp\/v2\/comments?post=62085"}],"wp:featuredmedia":[{"embeddable":true,"href":"https:\/\/www.retro-games.hu\/index.php\/wp-json\/wp\/v2\/media\/62084"}],"wp:attachment":[{"href":"https:\/\/www.retro-games.hu\/index.php\/wp-json\/wp\/v2\/media?parent=62085"}],"wp:term":[{"taxonomy":"product_brand","embeddable":true,"href":"https:\/\/www.retro-games.hu\/index.php\/wp-json\/wp\/v2\/product_brand?post=62085"},{"taxonomy":"product_cat","embeddable":true,"href":"https:\/\/www.retro-games.hu\/index.php\/wp-json\/wp\/v2\/product_cat?post=62085"},{"taxonomy":"product_tag","embeddable":true,"href":"https:\/\/www.retro-games.hu\/index.php\/wp-json\/wp\/v2\/product_tag?post=62085"}],"curies":[{"name":"wp","href":"https:\/\/api.w.org\/{rel}","templated":true}]}}