{"id":62261,"date":"2025-11-03T14:59:08","date_gmt":"2025-11-03T14:59:08","guid":{"rendered":"https:\/\/www.retro-games.hu\/index.php\/termek\/caesar-iv-4-3\/"},"modified":"2026-04-20T09:45:35","modified_gmt":"2026-04-20T09:45:35","slug":"caesar-iv-4-3","status":"publish","type":"product","link":"https:\/\/www.retro-games.hu\/index.php\/termek\/caesar-iv-4-3\/","title":{"rendered":"Caesar IV 4"},"content":{"rendered":"<p>V\u00e1ros\u00e9p\u00edt\u0151 j\u00e1t\u00e9k. Kiad\u00e1s \u00e9ve: 2006. Platform: Windows 2000\/XP. Kivitel: dvd tokos, LV ut\u00e1nkiad\u00e1s, magyar feliratos bor\u00edt\u00f3, magyar nyelv\u0171 pap\u00edrk\u00e9zik\u00f6nyv, eredeti dvd, magyar szinkronos j\u00e1t\u00e9k. DVD \u00e1llapota: karcmentes, \u00fajnak t\u0171nik<\/p>\n","protected":false},"excerpt":{"rendered":"<p>V\u00e1ros\u00e9p\u00edt\u0151 j\u00e1t\u00e9k. Kiad\u00e1s \u00e9ve: 2006. Platform: Windows 2000\/XP. Kivitel: dvd tokos, LV ut\u00e1nkiad\u00e1s, magyar feliratos bor\u00edt\u00f3, magyar nyelv\u0171 pap\u00edrk\u00e9zik\u00f6nyv, eredeti dvd, magyar szinkronos j\u00e1t\u00e9k. DVD \u00e1llapota: karcmentes, \u00fajnak t\u0171nik<\/p>\n","protected":false},"featured_media":62260,"comment_status":"open","ping_status":"closed","template":"","meta":{"_et_pb_use_builder":"","_et_pb_old_content":"","_et_gb_content_width":""},"product_brand":[],"product_cat":[155,43,117],"product_tag":[],"class_list":{"0":"post-62261","1":"product","2":"type-product","3":"status-publish","4":"has-post-thumbnail","6":"product_cat-jatekok","7":"product_cat-strategiai-jatek","8":"product_cat-varosepito","9":"pa_allapot-hasznalt","10":"pa_kivitel-dvd-tokos","11":"pa_nyelv-magyar-szinkronos","12":"pa_platform-pc-windows-2000","13":"pa_platform-pc_windows","15":"first","16":"instock","17":"shipping-taxable","18":"purchasable","19":"product-type-simple"},"_links":{"self":[{"href":"https:\/\/www.retro-games.hu\/index.php\/wp-json\/wp\/v2\/product\/62261","targetHints":{"allow":["GET"]}}],"collection":[{"href":"https:\/\/www.retro-games.hu\/index.php\/wp-json\/wp\/v2\/product"}],"about":[{"href":"https:\/\/www.retro-games.hu\/index.php\/wp-json\/wp\/v2\/types\/product"}],"replies":[{"embeddable":true,"href":"https:\/\/www.retro-games.hu\/index.php\/wp-json\/wp\/v2\/comments?post=62261"}],"wp:featuredmedia":[{"embeddable":true,"href":"https:\/\/www.retro-games.hu\/index.php\/wp-json\/wp\/v2\/media\/62260"}],"wp:attachment":[{"href":"https:\/\/www.retro-games.hu\/index.php\/wp-json\/wp\/v2\/media?parent=62261"}],"wp:term":[{"taxonomy":"product_brand","embeddable":true,"href":"https:\/\/www.retro-games.hu\/index.php\/wp-json\/wp\/v2\/product_brand?post=62261"},{"taxonomy":"product_cat","embeddable":true,"href":"https:\/\/www.retro-games.hu\/index.php\/wp-json\/wp\/v2\/product_cat?post=62261"},{"taxonomy":"product_tag","embeddable":true,"href":"https:\/\/www.retro-games.hu\/index.php\/wp-json\/wp\/v2\/product_tag?post=62261"}],"curies":[{"name":"wp","href":"https:\/\/api.w.org\/{rel}","templated":true}]}}