{"id":62309,"date":"2025-11-03T15:01:07","date_gmt":"2025-11-03T15:01:07","guid":{"rendered":"https:\/\/www.retro-games.hu\/index.php\/termek\/a-ceh-2-the-guild-2\/"},"modified":"2025-11-03T15:01:13","modified_gmt":"2025-11-03T15:01:13","slug":"a-ceh-2-the-guild-2","status":"publish","type":"product","link":"https:\/\/www.retro-games.hu\/index.php\/termek\/a-ceh-2-the-guild-2\/","title":{"rendered":"A C\u00e9h 2 (The Guild 2)"},"content":{"rendered":"<p>\u00dczleti menedzsment j\u00e1t\u00e9k. Kiad\u00e1s \u00e9ve: 2006. Platform: Windows 98\/ME\/XP. Kivitel: dvd tokos, els\u0151 kiad\u00e1s, magyar feliratos bor\u00edt\u00f3, magyar nyelv\u0171 pap\u00edrk\u00e9zik\u00f6nyv, eredeti dvd, magyar feliratos j\u00e1t\u00e9k. DVD \u00e1llapota: karcmentes, \u00fajnak t\u0171nik<\/p>\n","protected":false},"excerpt":{"rendered":"<p>\u00dczleti menedzsment j\u00e1t\u00e9k. Kiad\u00e1s \u00e9ve: 2006. Platform: Windows 98\/ME\/XP. Kivitel: dvd tokos, els\u0151 kiad\u00e1s, magyar feliratos bor\u00edt\u00f3, magyar nyelv\u0171 pap\u00edrk\u00e9zik\u00f6nyv, eredeti dvd, magyar feliratos j\u00e1t\u00e9k. DVD \u00e1llapota: karcmentes, \u00fajnak t\u0171nik<\/p>\n","protected":false},"featured_media":62308,"comment_status":"open","ping_status":"closed","template":"","meta":{"_et_pb_use_builder":"","_et_pb_old_content":"","_et_gb_content_width":""},"product_brand":[],"product_cat":[155,8,81],"product_tag":[],"class_list":{"0":"post-62309","1":"product","2":"type-product","3":"status-publish","4":"has-post-thumbnail","6":"product_cat-jatekok","7":"product_cat-szimulator","8":"product_cat-uzlet-menedzsment","9":"pa_allapot-hasznalt","10":"pa_kivitel-dvd-tokos","11":"pa_nyelv-magyar-feliratos","12":"pa_platform-pc-windows-98","13":"pa_platform-pc-windows-me","14":"pa_platform-pc_windows","16":"first","17":"instock","18":"shipping-taxable","19":"purchasable","20":"product-type-simple"},"_links":{"self":[{"href":"https:\/\/www.retro-games.hu\/index.php\/wp-json\/wp\/v2\/product\/62309","targetHints":{"allow":["GET"]}}],"collection":[{"href":"https:\/\/www.retro-games.hu\/index.php\/wp-json\/wp\/v2\/product"}],"about":[{"href":"https:\/\/www.retro-games.hu\/index.php\/wp-json\/wp\/v2\/types\/product"}],"replies":[{"embeddable":true,"href":"https:\/\/www.retro-games.hu\/index.php\/wp-json\/wp\/v2\/comments?post=62309"}],"wp:featuredmedia":[{"embeddable":true,"href":"https:\/\/www.retro-games.hu\/index.php\/wp-json\/wp\/v2\/media\/62308"}],"wp:attachment":[{"href":"https:\/\/www.retro-games.hu\/index.php\/wp-json\/wp\/v2\/media?parent=62309"}],"wp:term":[{"taxonomy":"product_brand","embeddable":true,"href":"https:\/\/www.retro-games.hu\/index.php\/wp-json\/wp\/v2\/product_brand?post=62309"},{"taxonomy":"product_cat","embeddable":true,"href":"https:\/\/www.retro-games.hu\/index.php\/wp-json\/wp\/v2\/product_cat?post=62309"},{"taxonomy":"product_tag","embeddable":true,"href":"https:\/\/www.retro-games.hu\/index.php\/wp-json\/wp\/v2\/product_tag?post=62309"}],"curies":[{"name":"wp","href":"https:\/\/api.w.org\/{rel}","templated":true}]}}