{"id":62317,"date":"2025-11-03T15:01:27","date_gmt":"2025-11-03T15:01:27","guid":{"rendered":"https:\/\/www.retro-games.hu\/index.php\/termek\/a-ceh-2-velence-the-guild-2-venice\/"},"modified":"2025-11-03T15:01:34","modified_gmt":"2025-11-03T15:01:34","slug":"a-ceh-2-velence-the-guild-2-venice","status":"publish","type":"product","link":"https:\/\/www.retro-games.hu\/index.php\/termek\/a-ceh-2-velence-the-guild-2-venice\/","title":{"rendered":"A C\u00e9h 2: Velence (The Guild 2: Venice)"},"content":{"rendered":"<p>\u00dczleti menedzsment j\u00e1t\u00e9k. Kiad\u00e1s \u00e9ve: 2008. Platform: Windows XP\/Vista. Kivitel: dvd tokos, els\u0151 kiad\u00e1s, magyar feliratos bor\u00edt\u00f3, magyar nyelv\u0171 pap\u00edrk\u00e9zik\u00f6nyv, eredeti dvd, magyar feliratos \u00f6n\u00e1ll\u00f3an fut\u00f3 kieg\u00e9sz\u00edt\u0151 lemez, futtat\u00e1s\u00e1hoz NEM sz\u00fcks\u00e9ges A C\u00e9h 2 alapj\u00e1t\u00e9k! DVD \u00e1llapota: karcmentes, \u00fajnak t\u0171nik<\/p>\n","protected":false},"excerpt":{"rendered":"<p>\u00dczleti menedzsment j\u00e1t\u00e9k. Kiad\u00e1s \u00e9ve: 2008. Platform: Windows XP\/Vista. Kivitel: dvd tokos, els\u0151 kiad\u00e1s, magyar feliratos bor\u00edt\u00f3, magyar nyelv\u0171 pap\u00edrk\u00e9zik\u00f6nyv, eredeti dvd, magyar feliratos \u00f6n\u00e1ll\u00f3an fut\u00f3 kieg\u00e9sz\u00edt\u0151 lemez, futtat\u00e1s\u00e1hoz NEM sz\u00fcks\u00e9ges A C\u00e9h 2 alapj\u00e1t\u00e9k! DVD \u00e1llapota: karcmentes, \u00fajnak t\u0171nik<\/p>\n","protected":false},"featured_media":62316,"comment_status":"open","ping_status":"closed","template":"","meta":{"_et_pb_use_builder":"","_et_pb_old_content":"","_et_gb_content_width":""},"product_brand":[],"product_cat":[155,8,81],"product_tag":[],"class_list":{"0":"post-62317","1":"product","2":"type-product","3":"status-publish","4":"has-post-thumbnail","6":"product_cat-jatekok","7":"product_cat-szimulator","8":"product_cat-uzlet-menedzsment","9":"pa_allapot-hasznalt","10":"pa_kivitel-dvd-tokos","11":"pa_nyelv-magyar-feliratos","12":"pa_platform-pc-windows-vista","13":"pa_platform-pc_windows","15":"first","16":"instock","17":"shipping-taxable","18":"purchasable","19":"product-type-simple"},"_links":{"self":[{"href":"https:\/\/www.retro-games.hu\/index.php\/wp-json\/wp\/v2\/product\/62317","targetHints":{"allow":["GET"]}}],"collection":[{"href":"https:\/\/www.retro-games.hu\/index.php\/wp-json\/wp\/v2\/product"}],"about":[{"href":"https:\/\/www.retro-games.hu\/index.php\/wp-json\/wp\/v2\/types\/product"}],"replies":[{"embeddable":true,"href":"https:\/\/www.retro-games.hu\/index.php\/wp-json\/wp\/v2\/comments?post=62317"}],"wp:featuredmedia":[{"embeddable":true,"href":"https:\/\/www.retro-games.hu\/index.php\/wp-json\/wp\/v2\/media\/62316"}],"wp:attachment":[{"href":"https:\/\/www.retro-games.hu\/index.php\/wp-json\/wp\/v2\/media?parent=62317"}],"wp:term":[{"taxonomy":"product_brand","embeddable":true,"href":"https:\/\/www.retro-games.hu\/index.php\/wp-json\/wp\/v2\/product_brand?post=62317"},{"taxonomy":"product_cat","embeddable":true,"href":"https:\/\/www.retro-games.hu\/index.php\/wp-json\/wp\/v2\/product_cat?post=62317"},{"taxonomy":"product_tag","embeddable":true,"href":"https:\/\/www.retro-games.hu\/index.php\/wp-json\/wp\/v2\/product_tag?post=62317"}],"curies":[{"name":"wp","href":"https:\/\/api.w.org\/{rel}","templated":true}]}}