{"id":62365,"date":"2025-11-03T15:03:29","date_gmt":"2025-11-03T15:03:29","guid":{"rendered":"https:\/\/www.retro-games.hu\/index.php\/termek\/chaser-nemet\/"},"modified":"2025-11-03T15:03:35","modified_gmt":"2025-11-03T15:03:35","slug":"chaser-nemet","status":"publish","type":"product","link":"https:\/\/www.retro-games.hu\/index.php\/termek\/chaser-nemet\/","title":{"rendered":"Chaser (n\u00e9met)"},"content":{"rendered":"<p>Bels\u0151 n\u00e9zetes l\u00f6v\u00f6ld\u00f6z\u0151s j\u00e1t\u00e9k (FPS). Kiad\u00e1s \u00e9ve: 2003. Platform: Windows 98SE\/ME\/2000\/XP. Kivitel: dvd tokos, els\u0151 kiad\u00e1s, n\u00e9met feliratos bor\u00edt\u00f3, n\u00e9met nyelv\u0171 pap\u00edrk\u00e9zik\u00f6nyv, eredeti 2 cd, n\u00e9met nyelv\u0171 j\u00e1t\u00e9k. CD-k \u00e1llapota: karcmentes, \u00fajnak t\u0171nik<\/p>\n","protected":false},"excerpt":{"rendered":"<p>Bels\u0151 n\u00e9zetes l\u00f6v\u00f6ld\u00f6z\u0151s j\u00e1t\u00e9k (FPS). Kiad\u00e1s \u00e9ve: 2003. Platform: Windows 98SE\/ME\/2000\/XP. Kivitel: dvd tokos, els\u0151 kiad\u00e1s, n\u00e9met feliratos bor\u00edt\u00f3, n\u00e9met nyelv\u0171 pap\u00edrk\u00e9zik\u00f6nyv, eredeti 2 cd, n\u00e9met nyelv\u0171 j\u00e1t\u00e9k. CD-k \u00e1llapota: karcmentes, \u00fajnak t\u0171nik<\/p>\n","protected":false},"featured_media":62364,"comment_status":"open","ping_status":"closed","template":"","meta":{"_et_pb_use_builder":"","_et_pb_old_content":"","_et_gb_content_width":""},"product_brand":[],"product_cat":[21,22,155],"product_tag":[],"class_list":{"0":"post-62365","1":"product","2":"type-product","3":"status-publish","4":"has-post-thumbnail","6":"product_cat-akcio","7":"product_cat-belso-nezetes-lovoldozos-fps","8":"product_cat-jatekok","9":"pa_allapot-hasznalt","10":"pa_kivitel-dvd-tokos","11":"pa_nyelv-nemet","12":"pa_platform-pc-windows-2000","13":"pa_platform-pc-windows-98se-2","14":"pa_platform-pc-windows-me","15":"pa_platform-pc_windows","17":"first","18":"instock","19":"shipping-taxable","20":"purchasable","21":"product-type-simple"},"_links":{"self":[{"href":"https:\/\/www.retro-games.hu\/index.php\/wp-json\/wp\/v2\/product\/62365","targetHints":{"allow":["GET"]}}],"collection":[{"href":"https:\/\/www.retro-games.hu\/index.php\/wp-json\/wp\/v2\/product"}],"about":[{"href":"https:\/\/www.retro-games.hu\/index.php\/wp-json\/wp\/v2\/types\/product"}],"replies":[{"embeddable":true,"href":"https:\/\/www.retro-games.hu\/index.php\/wp-json\/wp\/v2\/comments?post=62365"}],"wp:featuredmedia":[{"embeddable":true,"href":"https:\/\/www.retro-games.hu\/index.php\/wp-json\/wp\/v2\/media\/62364"}],"wp:attachment":[{"href":"https:\/\/www.retro-games.hu\/index.php\/wp-json\/wp\/v2\/media?parent=62365"}],"wp:term":[{"taxonomy":"product_brand","embeddable":true,"href":"https:\/\/www.retro-games.hu\/index.php\/wp-json\/wp\/v2\/product_brand?post=62365"},{"taxonomy":"product_cat","embeddable":true,"href":"https:\/\/www.retro-games.hu\/index.php\/wp-json\/wp\/v2\/product_cat?post=62365"},{"taxonomy":"product_tag","embeddable":true,"href":"https:\/\/www.retro-games.hu\/index.php\/wp-json\/wp\/v2\/product_tag?post=62365"}],"curies":[{"name":"wp","href":"https:\/\/api.w.org\/{rel}","templated":true}]}}