{"id":62417,"date":"2025-11-03T15:05:37","date_gmt":"2025-11-03T15:05:37","guid":{"rendered":"https:\/\/www.retro-games.hu\/index.php\/termek\/classic-car-racing\/"},"modified":"2025-11-03T15:05:43","modified_gmt":"2025-11-03T15:05:43","slug":"classic-car-racing","status":"publish","type":"product","link":"https:\/\/www.retro-games.hu\/index.php\/termek\/classic-car-racing\/","title":{"rendered":"Classic Car Racing"},"content":{"rendered":"<p>Aut\u00f3versenyz\u0151s j\u00e1t\u00e9k. Kiad\u00e1s \u00e9ve: 2007. Platform: Windows XP. Kivitel: dvd tokos, els\u0151 kiad\u00e1s, magyar\/rom\u00e1n feliratos bor\u00edt\u00f3, r\u00f6vid \u00fatmutat\u00f3, eredeti dvd, angol nyelv\u0171 j\u00e1t\u00e9k. DVD \u00e1llapota: karcmentes, \u00fajnak t\u0171nik<\/p>\n","protected":false},"excerpt":{"rendered":"<p>Aut\u00f3versenyz\u0151s j\u00e1t\u00e9k. Kiad\u00e1s \u00e9ve: 2007. Platform: Windows XP. Kivitel: dvd tokos, els\u0151 kiad\u00e1s, magyar\/rom\u00e1n feliratos bor\u00edt\u00f3, r\u00f6vid \u00fatmutat\u00f3, eredeti dvd, angol nyelv\u0171 j\u00e1t\u00e9k. DVD \u00e1llapota: karcmentes, \u00fajnak t\u0171nik<\/p>\n","protected":false},"featured_media":62416,"comment_status":"open","ping_status":"closed","template":"","meta":{"_et_pb_use_builder":"","_et_pb_old_content":"","_et_gb_content_width":""},"product_brand":[],"product_cat":[33,155,8],"product_tag":[],"class_list":{"0":"post-62417","1":"product","2":"type-product","3":"status-publish","4":"has-post-thumbnail","6":"product_cat-autoversenyzos","7":"product_cat-jatekok","8":"product_cat-szimulator","9":"pa_allapot-hasznalt","10":"pa_kivitel-dvd-tokos","11":"pa_nyelv-angol","12":"pa_platform-pc_windows","14":"first","15":"instock","16":"shipping-taxable","17":"purchasable","18":"product-type-simple"},"_links":{"self":[{"href":"https:\/\/www.retro-games.hu\/index.php\/wp-json\/wp\/v2\/product\/62417","targetHints":{"allow":["GET"]}}],"collection":[{"href":"https:\/\/www.retro-games.hu\/index.php\/wp-json\/wp\/v2\/product"}],"about":[{"href":"https:\/\/www.retro-games.hu\/index.php\/wp-json\/wp\/v2\/types\/product"}],"replies":[{"embeddable":true,"href":"https:\/\/www.retro-games.hu\/index.php\/wp-json\/wp\/v2\/comments?post=62417"}],"wp:featuredmedia":[{"embeddable":true,"href":"https:\/\/www.retro-games.hu\/index.php\/wp-json\/wp\/v2\/media\/62416"}],"wp:attachment":[{"href":"https:\/\/www.retro-games.hu\/index.php\/wp-json\/wp\/v2\/media?parent=62417"}],"wp:term":[{"taxonomy":"product_brand","embeddable":true,"href":"https:\/\/www.retro-games.hu\/index.php\/wp-json\/wp\/v2\/product_brand?post=62417"},{"taxonomy":"product_cat","embeddable":true,"href":"https:\/\/www.retro-games.hu\/index.php\/wp-json\/wp\/v2\/product_cat?post=62417"},{"taxonomy":"product_tag","embeddable":true,"href":"https:\/\/www.retro-games.hu\/index.php\/wp-json\/wp\/v2\/product_tag?post=62417"}],"curies":[{"name":"wp","href":"https:\/\/api.w.org\/{rel}","templated":true}]}}