{"id":62465,"date":"2025-11-03T15:07:34","date_gmt":"2025-11-03T15:07:34","guid":{"rendered":"https:\/\/www.retro-games.hu\/index.php\/termek\/enemy-engaged-rah-66-comanche-versus-ka-52-hokum-2\/"},"modified":"2025-11-03T15:07:41","modified_gmt":"2025-11-03T15:07:41","slug":"enemy-engaged-rah-66-comanche-versus-ka-52-hokum-2","status":"publish","type":"product","link":"https:\/\/www.retro-games.hu\/index.php\/termek\/enemy-engaged-rah-66-comanche-versus-ka-52-hokum-2\/","title":{"rendered":"Enemy Engaged: RAH-66 Comanche versus Ka-52 Hokum"},"content":{"rendered":"<p>Helikopter szimul\u00e1tor. Kiad\u00e1s \u00e9ve: 2000. Platform: Windows 95\/98. Kivitel: dvd tokos, EVM ut\u00e1nkiad\u00e1s, magyar feliratos bor\u00edt\u00f3, eredeti cd, angol\/francia\/n\u00e9met\/olasz nyelv\u0171 j\u00e1t\u00e9k. CD \u00e1llapota: enyh\u00e9n karcos (hajsz\u00e1lkarcok), tesztelt, m\u0171k\u00f6dik<\/p>\n","protected":false},"excerpt":{"rendered":"<p>Helikopter szimul\u00e1tor. Kiad\u00e1s \u00e9ve: 2000. Platform: Windows 95\/98. Kivitel: dvd tokos, EVM ut\u00e1nkiad\u00e1s, magyar feliratos bor\u00edt\u00f3, eredeti cd, angol\/francia\/n\u00e9met\/olasz nyelv\u0171 j\u00e1t\u00e9k. CD \u00e1llapota: enyh\u00e9n karcos (hajsz\u00e1lkarcok), tesztelt, m\u0171k\u00f6dik<\/p>\n","protected":false},"featured_media":62464,"comment_status":"open","ping_status":"closed","template":"","meta":{"_et_pb_use_builder":"","_et_pb_old_content":"","_et_gb_content_width":""},"product_brand":[],"product_cat":[11,155,9,8],"product_tag":[],"class_list":{"0":"post-62465","1":"product","2":"type-product","3":"status-publish","4":"has-post-thumbnail","6":"product_cat-harci","7":"product_cat-jatekok","8":"product_cat-repulogep-szimulator-szimulator","9":"product_cat-szimulator","10":"pa_allapot-hasznalt","11":"pa_kivitel-dvd-tokos","12":"pa_nyelv-angol","13":"pa_nyelv-francia","14":"pa_nyelv-nemet","15":"pa_nyelv-olasz","16":"pa_platform-pc-windows-95","17":"pa_platform-pc-windows-98","19":"first","20":"instock","21":"shipping-taxable","22":"purchasable","23":"product-type-simple"},"_links":{"self":[{"href":"https:\/\/www.retro-games.hu\/index.php\/wp-json\/wp\/v2\/product\/62465","targetHints":{"allow":["GET"]}}],"collection":[{"href":"https:\/\/www.retro-games.hu\/index.php\/wp-json\/wp\/v2\/product"}],"about":[{"href":"https:\/\/www.retro-games.hu\/index.php\/wp-json\/wp\/v2\/types\/product"}],"replies":[{"embeddable":true,"href":"https:\/\/www.retro-games.hu\/index.php\/wp-json\/wp\/v2\/comments?post=62465"}],"wp:featuredmedia":[{"embeddable":true,"href":"https:\/\/www.retro-games.hu\/index.php\/wp-json\/wp\/v2\/media\/62464"}],"wp:attachment":[{"href":"https:\/\/www.retro-games.hu\/index.php\/wp-json\/wp\/v2\/media?parent=62465"}],"wp:term":[{"taxonomy":"product_brand","embeddable":true,"href":"https:\/\/www.retro-games.hu\/index.php\/wp-json\/wp\/v2\/product_brand?post=62465"},{"taxonomy":"product_cat","embeddable":true,"href":"https:\/\/www.retro-games.hu\/index.php\/wp-json\/wp\/v2\/product_cat?post=62465"},{"taxonomy":"product_tag","embeddable":true,"href":"https:\/\/www.retro-games.hu\/index.php\/wp-json\/wp\/v2\/product_tag?post=62465"}],"curies":[{"name":"wp","href":"https:\/\/api.w.org\/{rel}","templated":true}]}}