{"id":62481,"date":"2025-11-03T15:08:17","date_gmt":"2025-11-03T15:08:17","guid":{"rendered":"https:\/\/www.retro-games.hu\/index.php\/termek\/combat-wings-harc-a-felhok-felett\/"},"modified":"2025-11-03T15:08:25","modified_gmt":"2025-11-03T15:08:25","slug":"combat-wings-harc-a-felhok-felett","status":"publish","type":"product","link":"https:\/\/www.retro-games.hu\/index.php\/termek\/combat-wings-harc-a-felhok-felett\/","title":{"rendered":"Combat Wings: Harc a felh\u0151k felett"},"content":{"rendered":"<p>Harci rep\u00fcl\u0151g\u00e9p-szimul\u00e1tor. Kiad\u00e1s \u00e9ve: 2005. Platform: Windows 98\/ME\/2000\/XP. Kivitel: dvd tokos, Cool Games Premiere kiad\u00e1s, magyar feliratos bor\u00edt\u00f3, magyar nyelv\u0171 r\u00f6vid pap\u00edrk\u00e9zik\u00f6nyv, eredeti cd, magyar feliratos j\u00e1t\u00e9k. CD \u00e1llapota: karcmentes, \u00fajnak t\u0171nik<\/p>\n","protected":false},"excerpt":{"rendered":"<p>Harci rep\u00fcl\u0151g\u00e9p-szimul\u00e1tor. Kiad\u00e1s \u00e9ve: 2005. Platform: Windows 98\/ME\/2000\/XP. Kivitel: dvd tokos, Cool Games Premiere kiad\u00e1s, magyar feliratos bor\u00edt\u00f3, magyar nyelv\u0171 r\u00f6vid pap\u00edrk\u00e9zik\u00f6nyv, eredeti cd, magyar feliratos j\u00e1t\u00e9k. CD \u00e1llapota: karcmentes, \u00fajnak t\u0171nik<\/p>\n","protected":false},"featured_media":62480,"comment_status":"open","ping_status":"closed","template":"","meta":{"_et_pb_use_builder":"","_et_pb_old_content":"","_et_gb_content_width":""},"product_brand":[],"product_cat":[11,155,9,8],"product_tag":[],"class_list":{"0":"post-62481","1":"product","2":"type-product","3":"status-publish","4":"has-post-thumbnail","6":"product_cat-harci","7":"product_cat-jatekok","8":"product_cat-repulogep-szimulator-szimulator","9":"product_cat-szimulator","10":"pa_allapot-hasznalt","11":"pa_kivitel-dvd-tokos","12":"pa_nyelv-magyar-feliratos","13":"pa_platform-pc-windows-2000","14":"pa_platform-pc-windows-98","15":"pa_platform-pc-windows-me","16":"pa_platform-pc_windows","18":"first","19":"instock","20":"shipping-taxable","21":"purchasable","22":"product-type-simple"},"_links":{"self":[{"href":"https:\/\/www.retro-games.hu\/index.php\/wp-json\/wp\/v2\/product\/62481","targetHints":{"allow":["GET"]}}],"collection":[{"href":"https:\/\/www.retro-games.hu\/index.php\/wp-json\/wp\/v2\/product"}],"about":[{"href":"https:\/\/www.retro-games.hu\/index.php\/wp-json\/wp\/v2\/types\/product"}],"replies":[{"embeddable":true,"href":"https:\/\/www.retro-games.hu\/index.php\/wp-json\/wp\/v2\/comments?post=62481"}],"wp:featuredmedia":[{"embeddable":true,"href":"https:\/\/www.retro-games.hu\/index.php\/wp-json\/wp\/v2\/media\/62480"}],"wp:attachment":[{"href":"https:\/\/www.retro-games.hu\/index.php\/wp-json\/wp\/v2\/media?parent=62481"}],"wp:term":[{"taxonomy":"product_brand","embeddable":true,"href":"https:\/\/www.retro-games.hu\/index.php\/wp-json\/wp\/v2\/product_brand?post=62481"},{"taxonomy":"product_cat","embeddable":true,"href":"https:\/\/www.retro-games.hu\/index.php\/wp-json\/wp\/v2\/product_cat?post=62481"},{"taxonomy":"product_tag","embeddable":true,"href":"https:\/\/www.retro-games.hu\/index.php\/wp-json\/wp\/v2\/product_tag?post=62481"}],"curies":[{"name":"wp","href":"https:\/\/api.w.org\/{rel}","templated":true}]}}