{"id":62613,"date":"2025-11-03T15:14:11","date_gmt":"2025-11-03T15:14:11","guid":{"rendered":"https:\/\/www.retro-games.hu\/index.php\/termek\/csi-crime-scene-investigation-dark-motives-2\/"},"modified":"2025-11-03T15:14:17","modified_gmt":"2025-11-03T15:14:17","slug":"csi-crime-scene-investigation-dark-motives-2","status":"publish","type":"product","link":"https:\/\/www.retro-games.hu\/index.php\/termek\/csi-crime-scene-investigation-dark-motives-2\/","title":{"rendered":"CSI: Crime Scene Investigation + Dark Motives"},"content":{"rendered":"<p>Nyomoz\u00f3s j\u00e1t\u00e9k. Kiad\u00e1s \u00e9ve: 2005. Platform: Windows 98\/ME\/2000\/XP. Kivitel: dvd tokos, gy\u0171jtem\u00e9nyes kiad\u00e1s, magyar feliratos bor\u00edt\u00f3, eredeti 6 cd, angol\/francia\/n\u00e9met\/olasz nyelv\u0171 j\u00e1t\u00e9kok. CD-k \u00e1llapota: karcmentes, \u00fajnak t\u0171nnek<\/p>\n","protected":false},"excerpt":{"rendered":"<p>Nyomoz\u00f3s j\u00e1t\u00e9k. Kiad\u00e1s \u00e9ve: 2005. Platform: Windows 98\/ME\/2000\/XP. Kivitel: dvd tokos, gy\u0171jtem\u00e9nyes kiad\u00e1s, magyar feliratos bor\u00edt\u00f3, eredeti 6 cd, angol\/francia\/n\u00e9met\/olasz nyelv\u0171 j\u00e1t\u00e9kok. CD-k \u00e1llapota: karcmentes, \u00fajnak t\u0171nnek<\/p>\n","protected":false},"featured_media":62612,"comment_status":"open","ping_status":"closed","template":"","meta":{"_et_pb_use_builder":"","_et_pb_old_content":"","_et_gb_content_width":""},"product_brand":[],"product_cat":[25,155,114],"product_tag":[],"class_list":{"0":"post-62613","1":"product","2":"type-product","3":"status-publish","4":"has-post-thumbnail","6":"product_cat-kaland","7":"product_cat-jatekok","8":"product_cat-rejtvenymegoldo","9":"pa_allapot-hasznalt","10":"pa_kivitel-dvd-tokos","11":"pa_nyelv-angol","12":"pa_nyelv-francia","13":"pa_nyelv-nemet","14":"pa_nyelv-olasz","15":"pa_platform-pc-windows-vista","16":"pa_platform-pc_windows","18":"first","19":"instock","20":"shipping-taxable","21":"purchasable","22":"product-type-simple"},"_links":{"self":[{"href":"https:\/\/www.retro-games.hu\/index.php\/wp-json\/wp\/v2\/product\/62613","targetHints":{"allow":["GET"]}}],"collection":[{"href":"https:\/\/www.retro-games.hu\/index.php\/wp-json\/wp\/v2\/product"}],"about":[{"href":"https:\/\/www.retro-games.hu\/index.php\/wp-json\/wp\/v2\/types\/product"}],"replies":[{"embeddable":true,"href":"https:\/\/www.retro-games.hu\/index.php\/wp-json\/wp\/v2\/comments?post=62613"}],"wp:featuredmedia":[{"embeddable":true,"href":"https:\/\/www.retro-games.hu\/index.php\/wp-json\/wp\/v2\/media\/62612"}],"wp:attachment":[{"href":"https:\/\/www.retro-games.hu\/index.php\/wp-json\/wp\/v2\/media?parent=62613"}],"wp:term":[{"taxonomy":"product_brand","embeddable":true,"href":"https:\/\/www.retro-games.hu\/index.php\/wp-json\/wp\/v2\/product_brand?post=62613"},{"taxonomy":"product_cat","embeddable":true,"href":"https:\/\/www.retro-games.hu\/index.php\/wp-json\/wp\/v2\/product_cat?post=62613"},{"taxonomy":"product_tag","embeddable":true,"href":"https:\/\/www.retro-games.hu\/index.php\/wp-json\/wp\/v2\/product_tag?post=62613"}],"curies":[{"name":"wp","href":"https:\/\/api.w.org\/{rel}","templated":true}]}}