{"id":62781,"date":"2025-11-03T15:21:28","date_gmt":"2025-11-03T15:21:28","guid":{"rendered":"https:\/\/www.retro-games.hu\/index.php\/termek\/divinity-ii-the-dragon-knight-saga\/"},"modified":"2025-11-03T15:21:34","modified_gmt":"2025-11-03T15:21:34","slug":"divinity-ii-the-dragon-knight-saga","status":"publish","type":"product","link":"https:\/\/www.retro-games.hu\/index.php\/termek\/divinity-ii-the-dragon-knight-saga\/","title":{"rendered":"Divinity II: The Dragon Knight Saga"},"content":{"rendered":"<p>Akci\u00f3-szerepj\u00e1t\u00e9k. Kollekci\u00f3: Divinity II: Ego Draconis (remastered v\u00e1ltozat) \u00e9s a Flames of Vengeance kieg\u00e9sz\u00edt\u0151, plusz valamennyi DLC. Kiad\u00e1s \u00e9ve: 2010. Platform: Windows XP\/Vista\/7. Kivitel: dvd tokos, els\u0151 kiad\u00e1s, magyar feliratos bor\u00edt\u00f3, r\u00f6vid \u00fatmutat\u00f3, eredeti dvd, angol nyelv\u0171 j\u00e1t\u00e9k. DVD \u00e1llapota: enyh\u00e9n karcos (hajsz\u00e1lkarcok), tesztelt, m\u0171k\u00f6dik. Figyelem: A j\u00e1t\u00e9k elind\u00edt\u00e1s\u00e1hoz interneten aktiv\u00e1l\u00e1s sz\u00fcks\u00e9ges.<\/p>\n","protected":false},"excerpt":{"rendered":"<p>Akci\u00f3-szerepj\u00e1t\u00e9k. Kollekci\u00f3: Divinity II: Ego Draconis (remastered v\u00e1ltozat) \u00e9s a Flames of Vengeance kieg\u00e9sz\u00edt\u0151, plusz valamennyi DLC. Kiad\u00e1s \u00e9ve: 2010. Platform: Windows XP\/Vista\/7. Kivitel: dvd tokos, els\u0151 kiad\u00e1s, magyar feliratos bor\u00edt\u00f3, r\u00f6vid \u00fatmutat\u00f3, eredeti dvd, angol nyelv\u0171 j\u00e1t\u00e9k. DVD \u00e1llapota: enyh\u00e9n karcos (hajsz\u00e1lkarcok), tesztelt, m\u0171k\u00f6dik. Figyelem: A j\u00e1t\u00e9k elind\u00edt\u00e1s\u00e1hoz interneten aktiv\u00e1l\u00e1s sz\u00fcks\u00e9ges.<\/p>\n","protected":false},"featured_media":62780,"comment_status":"open","ping_status":"closed","template":"","meta":{"_et_pb_use_builder":"","_et_pb_old_content":"","_et_gb_content_width":""},"product_brand":[],"product_cat":[67,155,272],"product_tag":[],"class_list":{"0":"post-62781","1":"product","2":"type-product","3":"status-publish","4":"has-post-thumbnail","6":"product_cat-akcio-szerepjatek-arpg","7":"product_cat-jatekok","8":"product_cat-szerepjatek-rpg","9":"pa_allapot-hasznalt","10":"pa_kivitel-dvd-tokos","11":"pa_nyelv-angol","12":"pa_platform-pc-windows-7","13":"pa_platform-pc-windows-vista","14":"pa_platform-pc_windows","16":"first","17":"instock","18":"shipping-taxable","19":"purchasable","20":"product-type-simple"},"_links":{"self":[{"href":"https:\/\/www.retro-games.hu\/index.php\/wp-json\/wp\/v2\/product\/62781","targetHints":{"allow":["GET"]}}],"collection":[{"href":"https:\/\/www.retro-games.hu\/index.php\/wp-json\/wp\/v2\/product"}],"about":[{"href":"https:\/\/www.retro-games.hu\/index.php\/wp-json\/wp\/v2\/types\/product"}],"replies":[{"embeddable":true,"href":"https:\/\/www.retro-games.hu\/index.php\/wp-json\/wp\/v2\/comments?post=62781"}],"wp:featuredmedia":[{"embeddable":true,"href":"https:\/\/www.retro-games.hu\/index.php\/wp-json\/wp\/v2\/media\/62780"}],"wp:attachment":[{"href":"https:\/\/www.retro-games.hu\/index.php\/wp-json\/wp\/v2\/media?parent=62781"}],"wp:term":[{"taxonomy":"product_brand","embeddable":true,"href":"https:\/\/www.retro-games.hu\/index.php\/wp-json\/wp\/v2\/product_brand?post=62781"},{"taxonomy":"product_cat","embeddable":true,"href":"https:\/\/www.retro-games.hu\/index.php\/wp-json\/wp\/v2\/product_cat?post=62781"},{"taxonomy":"product_tag","embeddable":true,"href":"https:\/\/www.retro-games.hu\/index.php\/wp-json\/wp\/v2\/product_tag?post=62781"}],"curies":[{"name":"wp","href":"https:\/\/api.w.org\/{rel}","templated":true}]}}