{"id":62809,"date":"2025-11-03T15:22:42","date_gmt":"2025-11-03T15:22:42","guid":{"rendered":"https:\/\/www.retro-games.hu\/index.php\/termek\/dragon-age-vervonalak-eszmeles-origins-awakening-kiegeszito\/"},"modified":"2026-03-17T11:01:53","modified_gmt":"2026-03-17T11:01:53","slug":"dragon-age-vervonalak-eszmeles-origins-awakening-kiegeszito","status":"publish","type":"product","link":"https:\/\/www.retro-games.hu\/index.php\/termek\/dragon-age-vervonalak-eszmeles-origins-awakening-kiegeszito\/","title":{"rendered":"Dragon Age: V\u00e9rvonalak &#8211; Eszm\u00e9l\u00e9s (Origins &#8211; Awakening) kieg\u00e9sz\u00edt\u0151"},"content":{"rendered":"<p>Klasszikus szerepj\u00e1t\u00e9k. Kiad\u00e1s \u00e9ve: 2010. Platform: Windows XP\/Vista\/7. Kivitel: dvd tokos, els\u0151 kiad\u00e1s, magyar feliratos bor\u00edt\u00f3, magyar nyelv\u0171 pap\u00edrk\u00e9zik\u00f6nyv, eredeti dvd, magyar feliratos, cseh, n\u00e9met, angol, spanyol, francia, olasz, lengyel nyelv\u0171 kieg\u00e9sz\u00edt\u0151 lemez, a Dragon Age: Origins (V\u00e9rvonalak) alapj\u00e1t\u00e9k sz\u00fcks\u00e9ges hozz\u00e1! DVD-k \u00e1llapota: karcmentes, \u00fajnak t\u0171nik<\/p>\n","protected":false},"excerpt":{"rendered":"<p>Klasszikus szerepj\u00e1t\u00e9k. Kiad\u00e1s \u00e9ve: 2010. Platform: Windows XP\/Vista\/7. Kivitel: dvd tokos, els\u0151 kiad\u00e1s, magyar feliratos bor\u00edt\u00f3, magyar nyelv\u0171 pap\u00edrk\u00e9zik\u00f6nyv, eredeti dvd, magyar feliratos, cseh, n\u00e9met, angol, spanyol, francia, olasz, lengyel nyelv\u0171 kieg\u00e9sz\u00edt\u0151 lemez, a Dragon Age: Origins (V\u00e9rvonalak) alapj\u00e1t\u00e9k sz\u00fcks\u00e9ges hozz\u00e1! DVD-k \u00e1llapota: karcmentes, \u00fajnak t\u0171nik<\/p>\n","protected":false},"featured_media":62808,"comment_status":"open","ping_status":"closed","template":"","meta":{"_et_pb_use_builder":"","_et_pb_old_content":"","_et_gb_content_width":""},"product_brand":[],"product_cat":[116,155,272],"product_tag":[],"class_list":{"0":"post-62809","1":"product","2":"type-product","3":"status-publish","4":"has-post-thumbnail","6":"product_cat-klasszikus-szerepjatek","7":"product_cat-jatekok","8":"product_cat-szerepjatek-rpg","9":"pa_allapot-hasznalt","10":"pa_kivitel-dvd-tokos","11":"pa_nyelv-angol","12":"pa_nyelv-cseh","13":"pa_nyelv-francia","14":"pa_nyelv-lengyel","15":"pa_nyelv-magyar-feliratos","16":"pa_nyelv-nemet","17":"pa_nyelv-olasz","18":"pa_nyelv-spanyol","19":"pa_platform-pc-windows-7","20":"pa_platform-pc-windows-vista","21":"pa_platform-pc_windows","23":"first","24":"instock","25":"shipping-taxable","26":"purchasable","27":"product-type-simple"},"_links":{"self":[{"href":"https:\/\/www.retro-games.hu\/index.php\/wp-json\/wp\/v2\/product\/62809","targetHints":{"allow":["GET"]}}],"collection":[{"href":"https:\/\/www.retro-games.hu\/index.php\/wp-json\/wp\/v2\/product"}],"about":[{"href":"https:\/\/www.retro-games.hu\/index.php\/wp-json\/wp\/v2\/types\/product"}],"replies":[{"embeddable":true,"href":"https:\/\/www.retro-games.hu\/index.php\/wp-json\/wp\/v2\/comments?post=62809"}],"wp:featuredmedia":[{"embeddable":true,"href":"https:\/\/www.retro-games.hu\/index.php\/wp-json\/wp\/v2\/media\/62808"}],"wp:attachment":[{"href":"https:\/\/www.retro-games.hu\/index.php\/wp-json\/wp\/v2\/media?parent=62809"}],"wp:term":[{"taxonomy":"product_brand","embeddable":true,"href":"https:\/\/www.retro-games.hu\/index.php\/wp-json\/wp\/v2\/product_brand?post=62809"},{"taxonomy":"product_cat","embeddable":true,"href":"https:\/\/www.retro-games.hu\/index.php\/wp-json\/wp\/v2\/product_cat?post=62809"},{"taxonomy":"product_tag","embeddable":true,"href":"https:\/\/www.retro-games.hu\/index.php\/wp-json\/wp\/v2\/product_tag?post=62809"}],"curies":[{"name":"wp","href":"https:\/\/api.w.org\/{rel}","templated":true}]}}