{"id":62885,"date":"2025-11-03T15:26:16","date_gmt":"2025-11-03T15:26:16","guid":{"rendered":"https:\/\/www.retro-games.hu\/index.php\/termek\/independence-war-2-edge-of-chaos-3\/"},"modified":"2025-11-03T15:26:22","modified_gmt":"2025-11-03T15:26:22","slug":"independence-war-2-edge-of-chaos-3","status":"publish","type":"product","link":"https:\/\/www.retro-games.hu\/index.php\/termek\/independence-war-2-edge-of-chaos-3\/","title":{"rendered":"Independence War 2: Edge of Chaos"},"content":{"rendered":"<p>Harci \u0171rhaj\u00f3szimul\u00e1tor. Kiad\u00e1s \u00e9ve: 2001. Platform: Windows 95\/98\/ME\/2000. Kivitel: dvd tokos, Cool Games kiad\u00e1s, magyar\/cseh\/angol\/szlov\u00e1k feliratos bor\u00edt\u00f3, eredeti 2cd, angol nyelv\u0171 j\u00e1t\u00e9k. CD-k \u00e1llapota: enyh\u00e9n-k\u00f6zepesen karcos (hajsz\u00e1lkarcok) tesztelt, m\u0171k\u00f6dik<\/p>\n","protected":false},"excerpt":{"rendered":"<p>Harci \u0171rhaj\u00f3szimul\u00e1tor. Kiad\u00e1s \u00e9ve: 2001. Platform: Windows 95\/98\/ME\/2000. Kivitel: dvd tokos, Cool Games kiad\u00e1s, magyar\/cseh\/angol\/szlov\u00e1k feliratos bor\u00edt\u00f3, eredeti 2cd, angol nyelv\u0171 j\u00e1t\u00e9k. CD-k \u00e1llapota: enyh\u00e9n-k\u00f6zepesen karcos (hajsz\u00e1lkarcok) tesztelt, m\u0171k\u00f6dik<\/p>\n","protected":false},"featured_media":62884,"comment_status":"open","ping_status":"closed","template":"","meta":{"_et_pb_use_builder":"","_et_pb_old_content":"","_et_gb_content_width":""},"product_brand":[],"product_cat":[155,8,71],"product_tag":[],"class_list":{"0":"post-62885","1":"product","2":"type-product","3":"status-publish","4":"has-post-thumbnail","6":"product_cat-jatekok","7":"product_cat-szimulator","8":"product_cat-urhajo-harci","9":"pa_allapot-hasznalt","10":"pa_kivitel-dvd-tokos","11":"pa_nyelv-angol","12":"pa_platform-pc-windows-2000","13":"pa_platform-pc-windows-95","14":"pa_platform-pc-windows-98","15":"pa_platform-pc-windows-me","17":"first","18":"instock","19":"shipping-taxable","20":"purchasable","21":"product-type-simple"},"_links":{"self":[{"href":"https:\/\/www.retro-games.hu\/index.php\/wp-json\/wp\/v2\/product\/62885","targetHints":{"allow":["GET"]}}],"collection":[{"href":"https:\/\/www.retro-games.hu\/index.php\/wp-json\/wp\/v2\/product"}],"about":[{"href":"https:\/\/www.retro-games.hu\/index.php\/wp-json\/wp\/v2\/types\/product"}],"replies":[{"embeddable":true,"href":"https:\/\/www.retro-games.hu\/index.php\/wp-json\/wp\/v2\/comments?post=62885"}],"wp:featuredmedia":[{"embeddable":true,"href":"https:\/\/www.retro-games.hu\/index.php\/wp-json\/wp\/v2\/media\/62884"}],"wp:attachment":[{"href":"https:\/\/www.retro-games.hu\/index.php\/wp-json\/wp\/v2\/media?parent=62885"}],"wp:term":[{"taxonomy":"product_brand","embeddable":true,"href":"https:\/\/www.retro-games.hu\/index.php\/wp-json\/wp\/v2\/product_brand?post=62885"},{"taxonomy":"product_cat","embeddable":true,"href":"https:\/\/www.retro-games.hu\/index.php\/wp-json\/wp\/v2\/product_cat?post=62885"},{"taxonomy":"product_tag","embeddable":true,"href":"https:\/\/www.retro-games.hu\/index.php\/wp-json\/wp\/v2\/product_tag?post=62885"}],"curies":[{"name":"wp","href":"https:\/\/api.w.org\/{rel}","templated":true}]}}