{"id":62933,"date":"2025-11-03T15:28:37","date_gmt":"2025-11-03T15:28:37","guid":{"rendered":"https:\/\/www.retro-games.hu\/index.php\/termek\/e-t-the-extra-terrestrial-away-from-home\/"},"modified":"2025-11-03T15:28:46","modified_gmt":"2025-11-03T15:28:46","slug":"e-t-the-extra-terrestrial-away-from-home","status":"publish","type":"product","link":"https:\/\/www.retro-games.hu\/index.php\/termek\/e-t-the-extra-terrestrial-away-from-home\/","title":{"rendered":"E.T. The Extra-Terrestrial: Away From Home"},"content":{"rendered":"<p>T\u00e1rsasj\u00e1t\u00e9k-adapt\u00e1ci\u00f3. Kiad\u00e1s \u00e9ve: 2002. Platform: Windows 95\/98\/2000\/ME\/XP. Kivitel: dvd tokos, els\u0151 kiad\u00e1s, angol feliratos bor\u00edt\u00f3, angol nyelv\u0171 pap\u00edrk\u00e9zik\u00f6nyv, eredeti cd, angol\/spanyol\/olasz nyelv\u0171 j\u00e1t\u00e9k. CD \u00e1llapota: karcmentes, \u00fajnak t\u0171nik<\/p>\n","protected":false},"excerpt":{"rendered":"<p>T\u00e1rsasj\u00e1t\u00e9k-adapt\u00e1ci\u00f3. Kiad\u00e1s \u00e9ve: 2002. Platform: Windows 95\/98\/2000\/ME\/XP. Kivitel: dvd tokos, els\u0151 kiad\u00e1s, angol feliratos bor\u00edt\u00f3, angol nyelv\u0171 pap\u00edrk\u00e9zik\u00f6nyv, eredeti cd, angol\/spanyol\/olasz nyelv\u0171 j\u00e1t\u00e9k. CD \u00e1llapota: karcmentes, \u00fajnak t\u0171nik<\/p>\n","protected":false},"featured_media":62932,"comment_status":"open","ping_status":"closed","template":"","meta":{"_et_pb_use_builder":"","_et_pb_old_content":"","_et_gb_content_width":""},"product_brand":[],"product_cat":[45,129],"product_tag":[],"class_list":{"0":"post-62933","1":"product","2":"type-product","3":"status-publish","4":"has-post-thumbnail","6":"product_cat-egyeb","7":"product_cat-tarsasjatek-adaptacio","8":"pa_allapot-hasznalt","9":"pa_kivitel-dvd-tokos","10":"pa_nyelv-angol","11":"pa_nyelv-olasz","12":"pa_nyelv-spanyol","13":"pa_platform-pc-windows-2000","14":"pa_platform-pc-windows-95","15":"pa_platform-pc-windows-98","16":"pa_platform-pc-windows-me","17":"pa_platform-pc_windows","19":"first","20":"instock","21":"shipping-taxable","22":"purchasable","23":"product-type-simple"},"_links":{"self":[{"href":"https:\/\/www.retro-games.hu\/index.php\/wp-json\/wp\/v2\/product\/62933","targetHints":{"allow":["GET"]}}],"collection":[{"href":"https:\/\/www.retro-games.hu\/index.php\/wp-json\/wp\/v2\/product"}],"about":[{"href":"https:\/\/www.retro-games.hu\/index.php\/wp-json\/wp\/v2\/types\/product"}],"replies":[{"embeddable":true,"href":"https:\/\/www.retro-games.hu\/index.php\/wp-json\/wp\/v2\/comments?post=62933"}],"wp:featuredmedia":[{"embeddable":true,"href":"https:\/\/www.retro-games.hu\/index.php\/wp-json\/wp\/v2\/media\/62932"}],"wp:attachment":[{"href":"https:\/\/www.retro-games.hu\/index.php\/wp-json\/wp\/v2\/media?parent=62933"}],"wp:term":[{"taxonomy":"product_brand","embeddable":true,"href":"https:\/\/www.retro-games.hu\/index.php\/wp-json\/wp\/v2\/product_brand?post=62933"},{"taxonomy":"product_cat","embeddable":true,"href":"https:\/\/www.retro-games.hu\/index.php\/wp-json\/wp\/v2\/product_cat?post=62933"},{"taxonomy":"product_tag","embeddable":true,"href":"https:\/\/www.retro-games.hu\/index.php\/wp-json\/wp\/v2\/product_tag?post=62933"}],"curies":[{"name":"wp","href":"https:\/\/api.w.org\/{rel}","templated":true}]}}