{"id":63037,"date":"2025-11-03T15:35:06","date_gmt":"2025-11-03T15:35:06","guid":{"rendered":"https:\/\/www.retro-games.hu\/index.php\/termek\/far-cry\/"},"modified":"2026-03-23T05:07:14","modified_gmt":"2026-03-23T05:07:14","slug":"far-cry","status":"publish","type":"product","link":"https:\/\/www.retro-games.hu\/index.php\/termek\/far-cry\/","title":{"rendered":"Far Cry"},"content":{"rendered":"<p>Bels\u0151 n\u00e9zetes l\u00f6v\u00f6ld\u00f6z\u0151s j\u00e1t\u00e9k (FPS). Kiad\u00e1s \u00e9ve: 2007. Platform: Windows 98\/2000\/ME\/XP. Kivitel: dvd tokos, ut\u00e1nkiad\u00e1s, magyar feliratos bor\u00edt\u00f3, eredeti DVD, angol\/francia nyelv\u0171 j\u00e1t\u00e9k. DVD \u00e1llapota: karcmentes, \u00fajnak t\u0171nik<\/p>\n","protected":false},"excerpt":{"rendered":"<p>Bels\u0151 n\u00e9zetes l\u00f6v\u00f6ld\u00f6z\u0151s j\u00e1t\u00e9k (FPS). Kiad\u00e1s \u00e9ve: 2007. Platform: Windows 98\/2000\/ME\/XP. Kivitel: dvd tokos, ut\u00e1nkiad\u00e1s, magyar feliratos bor\u00edt\u00f3, eredeti DVD, angol\/francia nyelv\u0171 j\u00e1t\u00e9k. DVD \u00e1llapota: karcmentes, \u00fajnak t\u0171nik<\/p>\n","protected":false},"featured_media":63036,"comment_status":"open","ping_status":"closed","template":"","meta":{"_et_pb_use_builder":"","_et_pb_old_content":"","_et_gb_content_width":""},"product_brand":[],"product_cat":[21,22,155],"product_tag":[],"class_list":{"0":"post-63037","1":"product","2":"type-product","3":"status-publish","4":"has-post-thumbnail","6":"product_cat-akcio","7":"product_cat-belso-nezetes-lovoldozos-fps","8":"product_cat-jatekok","9":"pa_allapot-hasznalt","10":"pa_kivitel-dvd-tokos","11":"pa_nyelv-angol","12":"pa_nyelv-francia","13":"pa_platform-pc-windows-2000","14":"pa_platform-pc-windows-98","15":"pa_platform-pc-windows-me","16":"pa_platform-pc_windows","18":"first","19":"outofstock","20":"shipping-taxable","21":"purchasable","22":"product-type-simple"},"_links":{"self":[{"href":"https:\/\/www.retro-games.hu\/index.php\/wp-json\/wp\/v2\/product\/63037","targetHints":{"allow":["GET"]}}],"collection":[{"href":"https:\/\/www.retro-games.hu\/index.php\/wp-json\/wp\/v2\/product"}],"about":[{"href":"https:\/\/www.retro-games.hu\/index.php\/wp-json\/wp\/v2\/types\/product"}],"replies":[{"embeddable":true,"href":"https:\/\/www.retro-games.hu\/index.php\/wp-json\/wp\/v2\/comments?post=63037"}],"wp:featuredmedia":[{"embeddable":true,"href":"https:\/\/www.retro-games.hu\/index.php\/wp-json\/wp\/v2\/media\/63036"}],"wp:attachment":[{"href":"https:\/\/www.retro-games.hu\/index.php\/wp-json\/wp\/v2\/media?parent=63037"}],"wp:term":[{"taxonomy":"product_brand","embeddable":true,"href":"https:\/\/www.retro-games.hu\/index.php\/wp-json\/wp\/v2\/product_brand?post=63037"},{"taxonomy":"product_cat","embeddable":true,"href":"https:\/\/www.retro-games.hu\/index.php\/wp-json\/wp\/v2\/product_cat?post=63037"},{"taxonomy":"product_tag","embeddable":true,"href":"https:\/\/www.retro-games.hu\/index.php\/wp-json\/wp\/v2\/product_tag?post=63037"}],"curies":[{"name":"wp","href":"https:\/\/api.w.org\/{rel}","templated":true}]}}