{"id":63285,"date":"2025-11-03T15:47:31","date_gmt":"2025-11-03T15:47:31","guid":{"rendered":"https:\/\/www.retro-games.hu\/index.php\/termek\/the-gladiators-of-rome\/"},"modified":"2025-11-03T15:47:39","modified_gmt":"2025-11-03T15:47:39","slug":"the-gladiators-of-rome","status":"publish","type":"product","link":"https:\/\/www.retro-games.hu\/index.php\/termek\/the-gladiators-of-rome\/","title":{"rendered":"The Gladiators of Rome"},"content":{"rendered":"<p>Akci\u00f3-strat\u00e9giai j\u00e1t\u00e9k. Kiad\u00e1s \u00e9ve: 2002. Platform: Windows 98\/ME\/2000\/XP. Kivitel: dvd tokos, els\u0151 kiad\u00e1s, angol feliratos bor\u00edt\u00f3, angol nyelv\u0171 pap\u00edrk\u00e9zik\u00f6nyv, eredeti cd, angol nyelv\u0171 j\u00e1t\u00e9k. CD \u00e1llapota: karcmentes, \u00fajnak t\u0171nik<\/p>\n","protected":false},"excerpt":{"rendered":"<p>Akci\u00f3-strat\u00e9giai j\u00e1t\u00e9k. Kiad\u00e1s \u00e9ve: 2002. Platform: Windows 98\/ME\/2000\/XP. Kivitel: dvd tokos, els\u0151 kiad\u00e1s, angol feliratos bor\u00edt\u00f3, angol nyelv\u0171 pap\u00edrk\u00e9zik\u00f6nyv, eredeti cd, angol nyelv\u0171 j\u00e1t\u00e9k. CD \u00e1llapota: karcmentes, \u00fajnak t\u0171nik<\/p>\n","protected":false},"featured_media":63284,"comment_status":"open","ping_status":"closed","template":"","meta":{"_et_pb_use_builder":"","_et_pb_old_content":"","_et_gb_content_width":""},"product_brand":[],"product_cat":[143,155,43],"product_tag":[],"class_list":{"0":"post-63285","1":"product","2":"type-product","3":"status-publish","4":"has-post-thumbnail","6":"product_cat-akcio-strategia","7":"product_cat-jatekok","8":"product_cat-strategiai-jatek","9":"pa_allapot-hasznalt","10":"pa_kivitel-dvd-tokos","11":"pa_nyelv-angol","12":"pa_platform-pc-windows-2000","13":"pa_platform-pc-windows-98","14":"pa_platform-pc-windows-me","15":"pa_platform-pc_windows","17":"first","18":"instock","19":"shipping-taxable","20":"purchasable","21":"product-type-simple"},"_links":{"self":[{"href":"https:\/\/www.retro-games.hu\/index.php\/wp-json\/wp\/v2\/product\/63285","targetHints":{"allow":["GET"]}}],"collection":[{"href":"https:\/\/www.retro-games.hu\/index.php\/wp-json\/wp\/v2\/product"}],"about":[{"href":"https:\/\/www.retro-games.hu\/index.php\/wp-json\/wp\/v2\/types\/product"}],"replies":[{"embeddable":true,"href":"https:\/\/www.retro-games.hu\/index.php\/wp-json\/wp\/v2\/comments?post=63285"}],"wp:featuredmedia":[{"embeddable":true,"href":"https:\/\/www.retro-games.hu\/index.php\/wp-json\/wp\/v2\/media\/63284"}],"wp:attachment":[{"href":"https:\/\/www.retro-games.hu\/index.php\/wp-json\/wp\/v2\/media?parent=63285"}],"wp:term":[{"taxonomy":"product_brand","embeddable":true,"href":"https:\/\/www.retro-games.hu\/index.php\/wp-json\/wp\/v2\/product_brand?post=63285"},{"taxonomy":"product_cat","embeddable":true,"href":"https:\/\/www.retro-games.hu\/index.php\/wp-json\/wp\/v2\/product_cat?post=63285"},{"taxonomy":"product_tag","embeddable":true,"href":"https:\/\/www.retro-games.hu\/index.php\/wp-json\/wp\/v2\/product_tag?post=63285"}],"curies":[{"name":"wp","href":"https:\/\/api.w.org\/{rel}","templated":true}]}}