{"id":63309,"date":"2025-11-03T15:48:43","date_gmt":"2025-11-03T15:48:43","guid":{"rendered":"https:\/\/www.retro-games.hu\/index.php\/termek\/gorky-zero-2-aurora-watching-soldier-elite-zero-hour\/"},"modified":"2025-11-03T15:48:50","modified_gmt":"2025-11-03T15:48:50","slug":"gorky-zero-2-aurora-watching-soldier-elite-zero-hour","status":"publish","type":"product","link":"https:\/\/www.retro-games.hu\/index.php\/termek\/gorky-zero-2-aurora-watching-soldier-elite-zero-hour\/","title":{"rendered":"Gorky Zero 2: Aurora Watching (Soldier Elite: Zero Hour)"},"content":{"rendered":"<p>K\u00fcls\u0151 n\u00e9zetes lopakod\u00f3s j\u00e1t\u00e9k. Kiad\u00e1s \u00e9ve: 2005. Platform: Windows 98\/ME\/2000\/XP. Kivitel: dvd tokos, EVM ut\u00e1nkiad\u00e1s, magyar feliratos bor\u00edt\u00f3, r\u00f6vid magyar le\u00edr\u00e1s, eredeti cd, magyar feliratos j\u00e1t\u00e9k. CD \u00e1llapota: karcmentes, \u00fajnak t\u0171nik<\/p>\n","protected":false},"excerpt":{"rendered":"<p>K\u00fcls\u0151 n\u00e9zetes lopakod\u00f3s j\u00e1t\u00e9k. Kiad\u00e1s \u00e9ve: 2005. Platform: Windows 98\/ME\/2000\/XP. Kivitel: dvd tokos, EVM ut\u00e1nkiad\u00e1s, magyar feliratos bor\u00edt\u00f3, r\u00f6vid magyar le\u00edr\u00e1s, eredeti cd, magyar feliratos j\u00e1t\u00e9k. CD \u00e1llapota: karcmentes, \u00fajnak t\u0171nik<\/p>\n","protected":false},"featured_media":63308,"comment_status":"open","ping_status":"closed","template":"","meta":{"_et_pb_use_builder":"","_et_pb_old_content":"","_et_gb_content_width":""},"product_brand":[],"product_cat":[21,64,155],"product_tag":[],"class_list":{"0":"post-63309","1":"product","2":"type-product","3":"status-publish","4":"has-post-thumbnail","6":"product_cat-akcio","7":"product_cat-lopakodos","8":"product_cat-jatekok","9":"pa_allapot-hasznalt","10":"pa_kivitel-dvd-tokos","11":"pa_nyelv-magyar-feliratos","12":"pa_platform-pc-windows-2000","13":"pa_platform-pc-windows-98","14":"pa_platform-pc-windows-me","15":"pa_platform-pc_windows","17":"first","18":"instock","19":"shipping-taxable","20":"purchasable","21":"product-type-simple"},"_links":{"self":[{"href":"https:\/\/www.retro-games.hu\/index.php\/wp-json\/wp\/v2\/product\/63309","targetHints":{"allow":["GET"]}}],"collection":[{"href":"https:\/\/www.retro-games.hu\/index.php\/wp-json\/wp\/v2\/product"}],"about":[{"href":"https:\/\/www.retro-games.hu\/index.php\/wp-json\/wp\/v2\/types\/product"}],"replies":[{"embeddable":true,"href":"https:\/\/www.retro-games.hu\/index.php\/wp-json\/wp\/v2\/comments?post=63309"}],"wp:featuredmedia":[{"embeddable":true,"href":"https:\/\/www.retro-games.hu\/index.php\/wp-json\/wp\/v2\/media\/63308"}],"wp:attachment":[{"href":"https:\/\/www.retro-games.hu\/index.php\/wp-json\/wp\/v2\/media?parent=63309"}],"wp:term":[{"taxonomy":"product_brand","embeddable":true,"href":"https:\/\/www.retro-games.hu\/index.php\/wp-json\/wp\/v2\/product_brand?post=63309"},{"taxonomy":"product_cat","embeddable":true,"href":"https:\/\/www.retro-games.hu\/index.php\/wp-json\/wp\/v2\/product_cat?post=63309"},{"taxonomy":"product_tag","embeddable":true,"href":"https:\/\/www.retro-games.hu\/index.php\/wp-json\/wp\/v2\/product_tag?post=63309"}],"curies":[{"name":"wp","href":"https:\/\/api.w.org\/{rel}","templated":true}]}}