{"id":63333,"date":"2025-11-03T15:49:50","date_gmt":"2025-11-03T15:49:50","guid":{"rendered":"https:\/\/www.retro-games.hu\/index.php\/termek\/grand-ages-rome\/"},"modified":"2025-11-03T15:49:57","modified_gmt":"2025-11-03T15:49:57","slug":"grand-ages-rome","status":"publish","type":"product","link":"https:\/\/www.retro-games.hu\/index.php\/termek\/grand-ages-rome\/","title":{"rendered":"Grand Ages: Rome"},"content":{"rendered":"<p>V\u00e1ros\u00e9p\u00edt\u0151 j\u00e1t\u00e9k. Kiad\u00e1s \u00e9ve: 2008. Platform: Windows XP\/Vista. Kivitel: dvd tokos, LV kiad\u00e1s, magyar feliratos bor\u00edt\u00f3, magyar nyelv\u0171 pap\u00edrk\u00e9zik\u00f6nyv, eredeti dvd, magyar feliratos \u00e9s cseh\/lengyel feliratos j\u00e1t\u00e9k. DVD \u00e1llapota: enyh\u00e9n karcos (hajsz\u00e1lkarcok), tesztelt, m\u0171k\u00f6dik<\/p>\n","protected":false},"excerpt":{"rendered":"<p>V\u00e1ros\u00e9p\u00edt\u0151 j\u00e1t\u00e9k. Kiad\u00e1s \u00e9ve: 2008. Platform: Windows XP\/Vista. Kivitel: dvd tokos, LV kiad\u00e1s, magyar feliratos bor\u00edt\u00f3, magyar nyelv\u0171 pap\u00edrk\u00e9zik\u00f6nyv, eredeti dvd, magyar feliratos \u00e9s cseh\/lengyel feliratos j\u00e1t\u00e9k. DVD \u00e1llapota: enyh\u00e9n karcos (hajsz\u00e1lkarcok), tesztelt, m\u0171k\u00f6dik<\/p>\n","protected":false},"featured_media":63332,"comment_status":"open","ping_status":"closed","template":"","meta":{"_et_pb_use_builder":"","_et_pb_old_content":"","_et_gb_content_width":""},"product_brand":[],"product_cat":[155,43,117],"product_tag":[],"class_list":{"0":"post-63333","1":"product","2":"type-product","3":"status-publish","4":"has-post-thumbnail","6":"product_cat-jatekok","7":"product_cat-strategiai-jatek","8":"product_cat-varosepito","9":"pa_allapot-hasznalt","10":"pa_kivitel-dvd-tokos","11":"pa_nyelv-cseh","12":"pa_nyelv-lengyel","13":"pa_nyelv-magyar-feliratos","14":"pa_platform-pc-windows-vista","15":"pa_platform-pc_windows","17":"first","18":"instock","19":"shipping-taxable","20":"purchasable","21":"product-type-simple"},"_links":{"self":[{"href":"https:\/\/www.retro-games.hu\/index.php\/wp-json\/wp\/v2\/product\/63333","targetHints":{"allow":["GET"]}}],"collection":[{"href":"https:\/\/www.retro-games.hu\/index.php\/wp-json\/wp\/v2\/product"}],"about":[{"href":"https:\/\/www.retro-games.hu\/index.php\/wp-json\/wp\/v2\/types\/product"}],"replies":[{"embeddable":true,"href":"https:\/\/www.retro-games.hu\/index.php\/wp-json\/wp\/v2\/comments?post=63333"}],"wp:featuredmedia":[{"embeddable":true,"href":"https:\/\/www.retro-games.hu\/index.php\/wp-json\/wp\/v2\/media\/63332"}],"wp:attachment":[{"href":"https:\/\/www.retro-games.hu\/index.php\/wp-json\/wp\/v2\/media?parent=63333"}],"wp:term":[{"taxonomy":"product_brand","embeddable":true,"href":"https:\/\/www.retro-games.hu\/index.php\/wp-json\/wp\/v2\/product_brand?post=63333"},{"taxonomy":"product_cat","embeddable":true,"href":"https:\/\/www.retro-games.hu\/index.php\/wp-json\/wp\/v2\/product_cat?post=63333"},{"taxonomy":"product_tag","embeddable":true,"href":"https:\/\/www.retro-games.hu\/index.php\/wp-json\/wp\/v2\/product_tag?post=63333"}],"curies":[{"name":"wp","href":"https:\/\/api.w.org\/{rel}","templated":true}]}}