{"id":63345,"date":"2025-11-03T15:50:26","date_gmt":"2025-11-03T15:50:26","guid":{"rendered":"https:\/\/www.retro-games.hu\/index.php\/termek\/the-guild-complete-collection-guild-1-2-osszes-kieg\/"},"modified":"2025-11-03T15:50:34","modified_gmt":"2025-11-03T15:50:34","slug":"the-guild-complete-collection-guild-1-2-osszes-kieg","status":"publish","type":"product","link":"https:\/\/www.retro-games.hu\/index.php\/termek\/the-guild-complete-collection-guild-1-2-osszes-kieg\/","title":{"rendered":"The Guild Complete Collection (Guild 1 + 2 + \u00f6sszes kieg)"},"content":{"rendered":"<p>\u00dczleti menedzsment j\u00e1t\u00e9k. Kiad\u00e1s \u00e9ve: 2011. Platform: Windows XP\/Vista. Kivitel \u00e9s tartalma: Europa 1400: The Guild + kieg\u00e9sz\u00edt\u0151, The Guild 2 + Pirates of the European Seas + Venice + Renaissance. dvd tokos, gy\u0171jtem\u00e9nyes kiad\u00e1s, angol feliratos bor\u00edt\u00f3, eredeti 2 dvd, angol nyelv\u0171 j\u00e1t\u00e9kok. DVD-k \u00e1llapota: enyh\u00e9n karcos (hajsz\u00e1lkarcok), tesztelt, m\u0171k\u00f6dik.<\/p>\n","protected":false},"excerpt":{"rendered":"<p>\u00dczleti menedzsment j\u00e1t\u00e9k. Kiad\u00e1s \u00e9ve: 2011. Platform: Windows XP\/Vista. Kivitel \u00e9s tartalma: Europa 1400: The Guild + kieg\u00e9sz\u00edt\u0151, The Guild 2 + Pirates of the European Seas + Venice + Renaissance. dvd tokos, gy\u0171jtem\u00e9nyes kiad\u00e1s, angol feliratos bor\u00edt\u00f3, eredeti 2 dvd, angol nyelv\u0171 j\u00e1t\u00e9kok. DVD-k \u00e1llapota: enyh\u00e9n karcos (hajsz\u00e1lkarcok), tesztelt, m\u0171k\u00f6dik.<\/p>\n","protected":false},"featured_media":63344,"comment_status":"open","ping_status":"closed","template":"","meta":{"_et_pb_use_builder":"","_et_pb_old_content":"","_et_gb_content_width":""},"product_brand":[],"product_cat":[155,8,81],"product_tag":[],"class_list":{"0":"post-63345","1":"product","2":"type-product","3":"status-publish","4":"has-post-thumbnail","6":"product_cat-jatekok","7":"product_cat-szimulator","8":"product_cat-uzlet-menedzsment","9":"pa_allapot-hasznalt","10":"pa_kivitel-dvd-tokos","11":"pa_nyelv-angol","12":"pa_platform-pc-windows-vista","13":"pa_platform-pc_windows","15":"first","16":"instock","17":"shipping-taxable","18":"purchasable","19":"product-type-simple"},"_links":{"self":[{"href":"https:\/\/www.retro-games.hu\/index.php\/wp-json\/wp\/v2\/product\/63345","targetHints":{"allow":["GET"]}}],"collection":[{"href":"https:\/\/www.retro-games.hu\/index.php\/wp-json\/wp\/v2\/product"}],"about":[{"href":"https:\/\/www.retro-games.hu\/index.php\/wp-json\/wp\/v2\/types\/product"}],"replies":[{"embeddable":true,"href":"https:\/\/www.retro-games.hu\/index.php\/wp-json\/wp\/v2\/comments?post=63345"}],"wp:featuredmedia":[{"embeddable":true,"href":"https:\/\/www.retro-games.hu\/index.php\/wp-json\/wp\/v2\/media\/63344"}],"wp:attachment":[{"href":"https:\/\/www.retro-games.hu\/index.php\/wp-json\/wp\/v2\/media?parent=63345"}],"wp:term":[{"taxonomy":"product_brand","embeddable":true,"href":"https:\/\/www.retro-games.hu\/index.php\/wp-json\/wp\/v2\/product_brand?post=63345"},{"taxonomy":"product_cat","embeddable":true,"href":"https:\/\/www.retro-games.hu\/index.php\/wp-json\/wp\/v2\/product_cat?post=63345"},{"taxonomy":"product_tag","embeddable":true,"href":"https:\/\/www.retro-games.hu\/index.php\/wp-json\/wp\/v2\/product_tag?post=63345"}],"curies":[{"name":"wp","href":"https:\/\/api.w.org\/{rel}","templated":true}]}}