{"id":63385,"date":"2025-11-03T15:52:21","date_gmt":"2025-11-03T15:52:21","guid":{"rendered":"https:\/\/www.retro-games.hu\/index.php\/termek\/a-gyuruk-ura-a-kiraly-visszater-the-lord-of-the-rings-the-return-of-the-king-2\/"},"modified":"2026-04-15T21:34:00","modified_gmt":"2026-04-15T21:34:00","slug":"a-gyuruk-ura-a-kiraly-visszater-the-lord-of-the-rings-the-return-of-the-king-2","status":"publish","type":"product","link":"https:\/\/www.retro-games.hu\/index.php\/termek\/a-gyuruk-ura-a-kiraly-visszater-the-lord-of-the-rings-the-return-of-the-king-2\/","title":{"rendered":"A gy\u0171r\u0171k ura: A kir\u00e1ly visszat\u00e9r (The Lord of the Rings: The Return of the King)"},"content":{"rendered":"<p>K\u00fcls\u0151 n\u00e9zetes akci\u00f3-szerepj\u00e1t\u00e9k. Kiad\u00e1s \u00e9ve: 2003. Platform: Windows 98\/2000\/ME\/XP. Kivitel:\u00a0dvd tokos, EA Games Classics kiad\u00e1s, magyar feliratos bor\u00edt\u00f3, magyar nyelv\u0171 pap\u00edrk\u00e9zik\u00f6nyv, eredeti 3cd, angol, holland, portug\u00e1l, lengyel, sv\u00e9d nyelv\u0171 j\u00e1t\u00e9k. CD-k \u00e1llapota: enyh\u00e9n-k\u00f6zepesen karcos (hajsz\u00e1lkarcok), tesztelt, m\u0171k\u00f6dik.<\/p>\n","protected":false},"excerpt":{"rendered":"<p>K\u00fcls\u0151 n\u00e9zetes akci\u00f3-szerepj\u00e1t\u00e9k. Kiad\u00e1s \u00e9ve: 2003. Platform: Windows 98\/2000\/ME\/XP. Kivitel:\u00a0dvd tokos, EA Games Classics kiad\u00e1s, magyar feliratos bor\u00edt\u00f3, magyar nyelv\u0171 pap\u00edrk\u00e9zik\u00f6nyv, eredeti 3cd, angol, holland, portug\u00e1l, lengyel, sv\u00e9d nyelv\u0171 j\u00e1t\u00e9k. CD-k \u00e1llapota: enyh\u00e9n-k\u00f6zepesen karcos (hajsz\u00e1lkarcok), tesztelt, m\u0171k\u00f6dik.<\/p>\n","protected":false},"featured_media":63384,"comment_status":"open","ping_status":"closed","template":"","meta":{"_et_pb_use_builder":"","_et_pb_old_content":"","_et_gb_content_width":""},"product_brand":[],"product_cat":[67,155,272],"product_tag":[],"class_list":{"0":"post-63385","1":"product","2":"type-product","3":"status-publish","4":"has-post-thumbnail","6":"product_cat-akcio-szerepjatek-arpg","7":"product_cat-jatekok","8":"product_cat-szerepjatek-rpg","9":"pa_allapot-hasznalt","10":"pa_kivitel-dvd-tokos","11":"pa_nyelv-angol","12":"pa_nyelv-holland","13":"pa_nyelv-lengyel","14":"pa_nyelv-portugal","15":"pa_nyelv-sved","16":"pa_platform-pc-windows-2000","17":"pa_platform-pc-windows-98","18":"pa_platform-pc-windows-me","19":"pa_platform-pc_windows","21":"first","22":"instock","23":"shipping-taxable","24":"purchasable","25":"product-type-simple"},"_links":{"self":[{"href":"https:\/\/www.retro-games.hu\/index.php\/wp-json\/wp\/v2\/product\/63385","targetHints":{"allow":["GET"]}}],"collection":[{"href":"https:\/\/www.retro-games.hu\/index.php\/wp-json\/wp\/v2\/product"}],"about":[{"href":"https:\/\/www.retro-games.hu\/index.php\/wp-json\/wp\/v2\/types\/product"}],"replies":[{"embeddable":true,"href":"https:\/\/www.retro-games.hu\/index.php\/wp-json\/wp\/v2\/comments?post=63385"}],"wp:featuredmedia":[{"embeddable":true,"href":"https:\/\/www.retro-games.hu\/index.php\/wp-json\/wp\/v2\/media\/63384"}],"wp:attachment":[{"href":"https:\/\/www.retro-games.hu\/index.php\/wp-json\/wp\/v2\/media?parent=63385"}],"wp:term":[{"taxonomy":"product_brand","embeddable":true,"href":"https:\/\/www.retro-games.hu\/index.php\/wp-json\/wp\/v2\/product_brand?post=63385"},{"taxonomy":"product_cat","embeddable":true,"href":"https:\/\/www.retro-games.hu\/index.php\/wp-json\/wp\/v2\/product_cat?post=63385"},{"taxonomy":"product_tag","embeddable":true,"href":"https:\/\/www.retro-games.hu\/index.php\/wp-json\/wp\/v2\/product_tag?post=63385"}],"curies":[{"name":"wp","href":"https:\/\/api.w.org\/{rel}","templated":true}]}}