{"id":63469,"date":"2025-11-03T15:56:30","date_gmt":"2025-11-03T15:56:30","guid":{"rendered":"https:\/\/www.retro-games.hu\/index.php\/termek\/hearts-of-iron-ii-prepare-for-war\/"},"modified":"2025-11-03T15:56:39","modified_gmt":"2025-11-03T15:56:39","slug":"hearts-of-iron-ii-prepare-for-war","status":"publish","type":"product","link":"https:\/\/www.retro-games.hu\/index.php\/termek\/hearts-of-iron-ii-prepare-for-war\/","title":{"rendered":"Hearts of Iron II: Prepare for War"},"content":{"rendered":"<p>\u00c1tfog\u00f3 (grand) strat\u00e9giai j\u00e1t\u00e9k. Kiad\u00e1s \u00e9ve: 2005. Platform: Windows 98\/ME\/2000\/XP. Kivitel: dvd tokos, EVM kiad\u00e1s, magyar feliratos bor\u00edt\u00f3, r\u00f6vid magyar nyelv\u0171 ismertet\u0151, eredeti CD, angol nyelv\u0171 j\u00e1t\u00e9k. CD \u00e1llapota: szinte karcmentes, tesztelt, m\u0171k\u00f6dik<\/p>\n","protected":false},"excerpt":{"rendered":"<p>\u00c1tfog\u00f3 (grand) strat\u00e9giai j\u00e1t\u00e9k. Kiad\u00e1s \u00e9ve: 2005. Platform: Windows 98\/ME\/2000\/XP. Kivitel: dvd tokos, EVM kiad\u00e1s, magyar feliratos bor\u00edt\u00f3, r\u00f6vid magyar nyelv\u0171 ismertet\u0151, eredeti CD, angol nyelv\u0171 j\u00e1t\u00e9k. CD \u00e1llapota: szinte karcmentes, tesztelt, m\u0171k\u00f6dik<\/p>\n","protected":false},"featured_media":63468,"comment_status":"open","ping_status":"closed","template":"","meta":{"_et_pb_use_builder":"","_et_pb_old_content":"","_et_gb_content_width":""},"product_brand":[],"product_cat":[135,155,43],"product_tag":[],"class_list":{"0":"post-63469","1":"product","2":"type-product","3":"status-publish","4":"has-post-thumbnail","6":"product_cat-atfogo-grand","7":"product_cat-jatekok","8":"product_cat-strategiai-jatek","9":"pa_allapot-hasznalt","10":"pa_kivitel-dvd-tokos","11":"pa_nyelv-angol","12":"pa_platform-pc-windows-2000","13":"pa_platform-pc-windows-98","14":"pa_platform-pc-windows-me","15":"pa_platform-pc_windows","17":"first","18":"instock","19":"shipping-taxable","20":"purchasable","21":"product-type-simple"},"_links":{"self":[{"href":"https:\/\/www.retro-games.hu\/index.php\/wp-json\/wp\/v2\/product\/63469","targetHints":{"allow":["GET"]}}],"collection":[{"href":"https:\/\/www.retro-games.hu\/index.php\/wp-json\/wp\/v2\/product"}],"about":[{"href":"https:\/\/www.retro-games.hu\/index.php\/wp-json\/wp\/v2\/types\/product"}],"replies":[{"embeddable":true,"href":"https:\/\/www.retro-games.hu\/index.php\/wp-json\/wp\/v2\/comments?post=63469"}],"wp:featuredmedia":[{"embeddable":true,"href":"https:\/\/www.retro-games.hu\/index.php\/wp-json\/wp\/v2\/media\/63468"}],"wp:attachment":[{"href":"https:\/\/www.retro-games.hu\/index.php\/wp-json\/wp\/v2\/media?parent=63469"}],"wp:term":[{"taxonomy":"product_brand","embeddable":true,"href":"https:\/\/www.retro-games.hu\/index.php\/wp-json\/wp\/v2\/product_brand?post=63469"},{"taxonomy":"product_cat","embeddable":true,"href":"https:\/\/www.retro-games.hu\/index.php\/wp-json\/wp\/v2\/product_cat?post=63469"},{"taxonomy":"product_tag","embeddable":true,"href":"https:\/\/www.retro-games.hu\/index.php\/wp-json\/wp\/v2\/product_tag?post=63469"}],"curies":[{"name":"wp","href":"https:\/\/api.w.org\/{rel}","templated":true}]}}