{"id":63713,"date":"2025-11-03T16:08:22","date_gmt":"2025-11-03T16:08:22","guid":{"rendered":"https:\/\/www.retro-games.hu\/index.php\/termek\/jack-keane\/"},"modified":"2025-11-03T16:08:30","modified_gmt":"2025-11-03T16:08:30","slug":"jack-keane","status":"publish","type":"product","link":"https:\/\/www.retro-games.hu\/index.php\/termek\/jack-keane\/","title":{"rendered":"Jack Keane"},"content":{"rendered":"<p>Klasszikus point &#8216;n click kalandj\u00e1t\u00e9k. Kiad\u00e1s \u00e9ve: 2007. Platform: Windows XP\/Vista. Kivitel: dvd tokos, Cool Games kiad\u00e1s, magyar feliratos bor\u00edt\u00f3, magyar nyelv\u0171 pap\u00edrk\u00e9zik\u00f6nyv, eredeti dvd, magyar feliratos j\u00e1t\u00e9k. CD \u00e1llapota: karcmentes, \u00fajnak t\u0171nik<\/p>\n","protected":false},"excerpt":{"rendered":"<p>Klasszikus point &#8216;n click kalandj\u00e1t\u00e9k. Kiad\u00e1s \u00e9ve: 2007. Platform: Windows XP\/Vista. Kivitel: dvd tokos, Cool Games kiad\u00e1s, magyar feliratos bor\u00edt\u00f3, magyar nyelv\u0171 pap\u00edrk\u00e9zik\u00f6nyv, eredeti dvd, magyar feliratos j\u00e1t\u00e9k. CD \u00e1llapota: karcmentes, \u00fajnak t\u0171nik<\/p>\n","protected":false},"featured_media":63712,"comment_status":"open","ping_status":"closed","template":"","meta":{"_et_pb_use_builder":"","_et_pb_old_content":"","_et_gb_content_width":""},"product_brand":[],"product_cat":[25,120,155],"product_tag":[],"class_list":{"0":"post-63713","1":"product","2":"type-product","3":"status-publish","4":"has-post-thumbnail","6":"product_cat-kaland","7":"product_cat-klasszikus-point-n-click","8":"product_cat-jatekok","9":"pa_allapot-hasznalt","10":"pa_kivitel-dvd-tokos","11":"pa_nyelv-magyar-feliratos","12":"pa_platform-pc-windows-vista","13":"pa_platform-pc_windows","15":"first","16":"instock","17":"shipping-taxable","18":"purchasable","19":"product-type-simple"},"_links":{"self":[{"href":"https:\/\/www.retro-games.hu\/index.php\/wp-json\/wp\/v2\/product\/63713","targetHints":{"allow":["GET"]}}],"collection":[{"href":"https:\/\/www.retro-games.hu\/index.php\/wp-json\/wp\/v2\/product"}],"about":[{"href":"https:\/\/www.retro-games.hu\/index.php\/wp-json\/wp\/v2\/types\/product"}],"replies":[{"embeddable":true,"href":"https:\/\/www.retro-games.hu\/index.php\/wp-json\/wp\/v2\/comments?post=63713"}],"wp:featuredmedia":[{"embeddable":true,"href":"https:\/\/www.retro-games.hu\/index.php\/wp-json\/wp\/v2\/media\/63712"}],"wp:attachment":[{"href":"https:\/\/www.retro-games.hu\/index.php\/wp-json\/wp\/v2\/media?parent=63713"}],"wp:term":[{"taxonomy":"product_brand","embeddable":true,"href":"https:\/\/www.retro-games.hu\/index.php\/wp-json\/wp\/v2\/product_brand?post=63713"},{"taxonomy":"product_cat","embeddable":true,"href":"https:\/\/www.retro-games.hu\/index.php\/wp-json\/wp\/v2\/product_cat?post=63713"},{"taxonomy":"product_tag","embeddable":true,"href":"https:\/\/www.retro-games.hu\/index.php\/wp-json\/wp\/v2\/product_tag?post=63713"}],"curies":[{"name":"wp","href":"https:\/\/api.w.org\/{rel}","templated":true}]}}