{"id":63753,"date":"2025-11-03T16:10:14","date_gmt":"2025-11-03T16:10:14","guid":{"rendered":"https:\/\/www.retro-games.hu\/index.php\/termek\/just-cause-2\/"},"modified":"2025-11-03T16:10:21","modified_gmt":"2025-11-03T16:10:21","slug":"just-cause-2","status":"publish","type":"product","link":"https:\/\/www.retro-games.hu\/index.php\/termek\/just-cause-2\/","title":{"rendered":"Just Cause"},"content":{"rendered":"<p>K\u00fcls\u0151 n\u00e9zetes l\u00f6v\u00f6ld\u00f6z\u0151s ny\u00edlt vil\u00e1g\u00fa j\u00e1t\u00e9k. Kiad\u00e1s \u00e9ve: 2006. Platform: Windows 2000\/XP. Kivitel: dvd tokos tokos, LV ut\u00e1nkiad\u00e1s, magyar feliratos bor\u00edt\u00f3, magyar nyelv\u0171 pap\u00edrk\u00e9zik\u00f6nyv, eredeti dvd, angol\/francia\/n\u00e9met\/olasz\/spanyol nyelv\u0171 j\u00e1t\u00e9k. DVD \u00e1llapota: szinte karcmentes, tesztelt, m\u0171k\u00f6dik<\/p>\n","protected":false},"excerpt":{"rendered":"<p>K\u00fcls\u0151 n\u00e9zetes l\u00f6v\u00f6ld\u00f6z\u0151s ny\u00edlt vil\u00e1g\u00fa j\u00e1t\u00e9k. Kiad\u00e1s \u00e9ve: 2006. Platform: Windows 2000\/XP. Kivitel: dvd tokos tokos, LV ut\u00e1nkiad\u00e1s, magyar feliratos bor\u00edt\u00f3, magyar nyelv\u0171 pap\u00edrk\u00e9zik\u00f6nyv, eredeti dvd, angol\/francia\/n\u00e9met\/olasz\/spanyol nyelv\u0171 j\u00e1t\u00e9k. DVD \u00e1llapota: szinte karcmentes, tesztelt, m\u0171k\u00f6dik<\/p>\n","protected":false},"featured_media":63752,"comment_status":"open","ping_status":"closed","template":"","meta":{"_et_pb_use_builder":"","_et_pb_old_content":"","_et_gb_content_width":""},"product_brand":[],"product_cat":[101,21,25,39,155],"product_tag":[],"class_list":{"0":"post-63753","1":"product","2":"type-product","3":"status-publish","4":"has-post-thumbnail","6":"product_cat-akcio-kalandjatek-nyilt-vilag","7":"product_cat-akcio","8":"product_cat-kaland","9":"product_cat-kulso-nezetu-lovoldozos","10":"product_cat-jatekok","11":"pa_allapot-hasznalt","12":"pa_kivitel-dvd-tokos","13":"pa_nyelv-angol","14":"pa_nyelv-francia","15":"pa_nyelv-nemet","16":"pa_nyelv-olasz","17":"pa_nyelv-spanyol","18":"pa_platform-pc-windows-2000","19":"pa_platform-pc_windows","21":"first","22":"instock","23":"shipping-taxable","24":"purchasable","25":"product-type-simple"},"_links":{"self":[{"href":"https:\/\/www.retro-games.hu\/index.php\/wp-json\/wp\/v2\/product\/63753","targetHints":{"allow":["GET"]}}],"collection":[{"href":"https:\/\/www.retro-games.hu\/index.php\/wp-json\/wp\/v2\/product"}],"about":[{"href":"https:\/\/www.retro-games.hu\/index.php\/wp-json\/wp\/v2\/types\/product"}],"replies":[{"embeddable":true,"href":"https:\/\/www.retro-games.hu\/index.php\/wp-json\/wp\/v2\/comments?post=63753"}],"wp:featuredmedia":[{"embeddable":true,"href":"https:\/\/www.retro-games.hu\/index.php\/wp-json\/wp\/v2\/media\/63752"}],"wp:attachment":[{"href":"https:\/\/www.retro-games.hu\/index.php\/wp-json\/wp\/v2\/media?parent=63753"}],"wp:term":[{"taxonomy":"product_brand","embeddable":true,"href":"https:\/\/www.retro-games.hu\/index.php\/wp-json\/wp\/v2\/product_brand?post=63753"},{"taxonomy":"product_cat","embeddable":true,"href":"https:\/\/www.retro-games.hu\/index.php\/wp-json\/wp\/v2\/product_cat?post=63753"},{"taxonomy":"product_tag","embeddable":true,"href":"https:\/\/www.retro-games.hu\/index.php\/wp-json\/wp\/v2\/product_tag?post=63753"}],"curies":[{"name":"wp","href":"https:\/\/api.w.org\/{rel}","templated":true}]}}