{"id":63765,"date":"2025-11-03T16:10:51","date_gmt":"2025-11-03T16:10:51","guid":{"rendered":"https:\/\/www.retro-games.hu\/index.php\/termek\/kings-quest-vii-the-princeless-bride-kings-quest-viii-mask-of-eternity-egyben\/"},"modified":"2025-11-03T16:11:00","modified_gmt":"2025-11-03T16:11:00","slug":"kings-quest-vii-the-princeless-bride-kings-quest-viii-mask-of-eternity-egyben","status":"publish","type":"product","link":"https:\/\/www.retro-games.hu\/index.php\/termek\/kings-quest-vii-the-princeless-bride-kings-quest-viii-mask-of-eternity-egyben\/","title":{"rendered":"King&#8217;s Quest VII: The Princeless Bride + King&#8217;s Quest VIII: Mask of Eternity egyben"},"content":{"rendered":"<p>Klasszikus point &#8216;n click kalandj\u00e1t\u00e9kok. Kiad\u00e1s \u00e9ve: 1995 \/ 1998 Platform: DOS, Windows 3.x,\/95 a 7. r\u00e9szhez, Windows 95 a 8. r\u00e9szhez. Kivitel: dvd tokos, ut\u00e1nkiad\u00e1s, angol feliratos bor\u00edt\u00f3, eredeti 2 cd, angol nyelv\u0171 j\u00e1t\u00e9k. CD-k \u00e1llapota: enyh\u00e9n karcos (hajsz\u00e1lkarcok), tesztelt, m\u0171k\u00f6dik.<\/p>\n","protected":false},"excerpt":{"rendered":"<p>Klasszikus point &#8216;n click kalandj\u00e1t\u00e9kok. Kiad\u00e1s \u00e9ve: 1995 \/ 1998 Platform: DOS, Windows 3.x,\/95 a 7. r\u00e9szhez, Windows 95 a 8. r\u00e9szhez. Kivitel: dvd tokos, ut\u00e1nkiad\u00e1s, angol feliratos bor\u00edt\u00f3, eredeti 2 cd, angol nyelv\u0171 j\u00e1t\u00e9k. CD-k \u00e1llapota: enyh\u00e9n karcos (hajsz\u00e1lkarcok), tesztelt, m\u0171k\u00f6dik.<\/p>\n","protected":false},"featured_media":63764,"comment_status":"open","ping_status":"closed","template":"","meta":{"_et_pb_use_builder":"","_et_pb_old_content":"","_et_gb_content_width":""},"product_brand":[],"product_cat":[25,120,155],"product_tag":[],"class_list":{"0":"post-63765","1":"product","2":"type-product","3":"status-publish","4":"has-post-thumbnail","6":"product_cat-kaland","7":"product_cat-klasszikus-point-n-click","8":"product_cat-jatekok","9":"pa_allapot-hasznalt","10":"pa_kivitel-dvd-tokos","11":"pa_nyelv-angol","12":"pa_platform-pc_dos","13":"pa_platform-pc-windows-3-x","14":"pa_platform-pc-windows-95","16":"first","17":"instock","18":"shipping-taxable","19":"purchasable","20":"product-type-simple"},"_links":{"self":[{"href":"https:\/\/www.retro-games.hu\/index.php\/wp-json\/wp\/v2\/product\/63765","targetHints":{"allow":["GET"]}}],"collection":[{"href":"https:\/\/www.retro-games.hu\/index.php\/wp-json\/wp\/v2\/product"}],"about":[{"href":"https:\/\/www.retro-games.hu\/index.php\/wp-json\/wp\/v2\/types\/product"}],"replies":[{"embeddable":true,"href":"https:\/\/www.retro-games.hu\/index.php\/wp-json\/wp\/v2\/comments?post=63765"}],"wp:featuredmedia":[{"embeddable":true,"href":"https:\/\/www.retro-games.hu\/index.php\/wp-json\/wp\/v2\/media\/63764"}],"wp:attachment":[{"href":"https:\/\/www.retro-games.hu\/index.php\/wp-json\/wp\/v2\/media?parent=63765"}],"wp:term":[{"taxonomy":"product_brand","embeddable":true,"href":"https:\/\/www.retro-games.hu\/index.php\/wp-json\/wp\/v2\/product_brand?post=63765"},{"taxonomy":"product_cat","embeddable":true,"href":"https:\/\/www.retro-games.hu\/index.php\/wp-json\/wp\/v2\/product_cat?post=63765"},{"taxonomy":"product_tag","embeddable":true,"href":"https:\/\/www.retro-games.hu\/index.php\/wp-json\/wp\/v2\/product_tag?post=63765"}],"curies":[{"name":"wp","href":"https:\/\/api.w.org\/{rel}","templated":true}]}}