{"id":63781,"date":"2025-11-03T16:11:41","date_gmt":"2025-11-03T16:11:41","guid":{"rendered":"https:\/\/www.retro-games.hu\/index.php\/termek\/klanok-clans-3\/"},"modified":"2026-03-09T08:36:54","modified_gmt":"2026-03-09T08:36:54","slug":"klanok-clans-3","status":"publish","type":"product","link":"https:\/\/www.retro-games.hu\/index.php\/termek\/klanok-clans-3\/","title":{"rendered":"Kl\u00e1nok (Clans)"},"content":{"rendered":"<p>Akci\u00f3-szerepj\u00e1t\u00e9k. Kiad\u00e1s \u00e9ve: 1999. Platform: Windows 95\/98. Kivitel: dvd tokos, els\u0151 kiad\u00e1s, magyar feliratos bor\u00edt\u00f3, eredeti cd, magyar feliratos j\u00e1t\u00e9k. CD \u00e1llapota: enyh\u00e9n karcos (hajsz\u00e1lkarcok), tesztelt, m\u0171k\u00f6dik.<\/p>\n","protected":false},"excerpt":{"rendered":"<p>Akci\u00f3-szerepj\u00e1t\u00e9k. Kiad\u00e1s \u00e9ve: 1999. Platform: Windows 95\/98. Kivitel: dvd tokos, els\u0151 kiad\u00e1s, magyar feliratos bor\u00edt\u00f3, eredeti cd, magyar feliratos j\u00e1t\u00e9k. CD \u00e1llapota: enyh\u00e9n karcos (hajsz\u00e1lkarcok), tesztelt, m\u0171k\u00f6dik.<\/p>\n","protected":false},"featured_media":63780,"comment_status":"open","ping_status":"closed","template":"","meta":{"_et_pb_use_builder":"","_et_pb_old_content":"","_et_gb_content_width":""},"product_brand":[],"product_cat":[67,155,272],"product_tag":[],"class_list":{"0":"post-63781","1":"product","2":"type-product","3":"status-publish","4":"has-post-thumbnail","6":"product_cat-akcio-szerepjatek-arpg","7":"product_cat-jatekok","8":"product_cat-szerepjatek-rpg","9":"pa_allapot-hasznalt","10":"pa_kivitel-dvd-tokos","11":"pa_nyelv-magyar-feliratos","12":"pa_platform-pc-windows-95","13":"pa_platform-pc-windows-98","15":"first","16":"instock","17":"shipping-taxable","18":"purchasable","19":"product-type-simple"},"_links":{"self":[{"href":"https:\/\/www.retro-games.hu\/index.php\/wp-json\/wp\/v2\/product\/63781","targetHints":{"allow":["GET"]}}],"collection":[{"href":"https:\/\/www.retro-games.hu\/index.php\/wp-json\/wp\/v2\/product"}],"about":[{"href":"https:\/\/www.retro-games.hu\/index.php\/wp-json\/wp\/v2\/types\/product"}],"replies":[{"embeddable":true,"href":"https:\/\/www.retro-games.hu\/index.php\/wp-json\/wp\/v2\/comments?post=63781"}],"wp:featuredmedia":[{"embeddable":true,"href":"https:\/\/www.retro-games.hu\/index.php\/wp-json\/wp\/v2\/media\/63780"}],"wp:attachment":[{"href":"https:\/\/www.retro-games.hu\/index.php\/wp-json\/wp\/v2\/media?parent=63781"}],"wp:term":[{"taxonomy":"product_brand","embeddable":true,"href":"https:\/\/www.retro-games.hu\/index.php\/wp-json\/wp\/v2\/product_brand?post=63781"},{"taxonomy":"product_cat","embeddable":true,"href":"https:\/\/www.retro-games.hu\/index.php\/wp-json\/wp\/v2\/product_cat?post=63781"},{"taxonomy":"product_tag","embeddable":true,"href":"https:\/\/www.retro-games.hu\/index.php\/wp-json\/wp\/v2\/product_tag?post=63781"}],"curies":[{"name":"wp","href":"https:\/\/api.w.org\/{rel}","templated":true}]}}