{"id":63809,"date":"2025-11-03T16:12:58","date_gmt":"2025-11-03T16:12:58","guid":{"rendered":"https:\/\/www.retro-games.hu\/index.php\/termek\/knights-of-the-temple-infernal-crusade\/"},"modified":"2025-11-03T16:13:04","modified_gmt":"2025-11-03T16:13:04","slug":"knights-of-the-temple-infernal-crusade","status":"publish","type":"product","link":"https:\/\/www.retro-games.hu\/index.php\/termek\/knights-of-the-temple-infernal-crusade\/","title":{"rendered":"Knights of the Temple: Infernal Crusade"},"content":{"rendered":"<p>K\u00fcls\u0151 n\u00e9zetes hack and slash j\u00e1t\u00e9k. Kiad\u00e1s \u00e9ve: 2004. Platform: Windows 98\/2000\/ME\/XP. Kivitel: dvd tokos, Gamestar kiad\u00e1s, magyar feliratos bor\u00edt\u00f3, eredeti dvd, angol nyelv\u0171 j\u00e1t\u00e9k. DVD \u00e1llapota: karcmentes, \u00fajnak t\u0171nik<\/p>\n","protected":false},"excerpt":{"rendered":"<p>K\u00fcls\u0151 n\u00e9zetes hack and slash j\u00e1t\u00e9k. Kiad\u00e1s \u00e9ve: 2004. Platform: Windows 98\/2000\/ME\/XP. Kivitel: dvd tokos, Gamestar kiad\u00e1s, magyar feliratos bor\u00edt\u00f3, eredeti dvd, angol nyelv\u0171 j\u00e1t\u00e9k. DVD \u00e1llapota: karcmentes, \u00fajnak t\u0171nik<\/p>\n","protected":false},"featured_media":63808,"comment_status":"open","ping_status":"closed","template":"","meta":{"_et_pb_use_builder":"","_et_pb_old_content":"","_et_gb_content_width":""},"product_brand":[],"product_cat":[21,296,155],"product_tag":[],"class_list":{"0":"post-63809","1":"product","2":"type-product","3":"status-publish","4":"has-post-thumbnail","6":"product_cat-akcio","7":"product_cat-hack-n-slash","8":"product_cat-jatekok","9":"pa_allapot-hasznalt","10":"pa_kivitel-dvd-tokos","11":"pa_nyelv-angol","12":"pa_platform-pc-windows-2000","13":"pa_platform-pc-windows-98","14":"pa_platform-pc-windows-me","15":"pa_platform-pc_windows","17":"first","18":"instock","19":"shipping-taxable","20":"purchasable","21":"product-type-simple"},"_links":{"self":[{"href":"https:\/\/www.retro-games.hu\/index.php\/wp-json\/wp\/v2\/product\/63809","targetHints":{"allow":["GET"]}}],"collection":[{"href":"https:\/\/www.retro-games.hu\/index.php\/wp-json\/wp\/v2\/product"}],"about":[{"href":"https:\/\/www.retro-games.hu\/index.php\/wp-json\/wp\/v2\/types\/product"}],"replies":[{"embeddable":true,"href":"https:\/\/www.retro-games.hu\/index.php\/wp-json\/wp\/v2\/comments?post=63809"}],"wp:featuredmedia":[{"embeddable":true,"href":"https:\/\/www.retro-games.hu\/index.php\/wp-json\/wp\/v2\/media\/63808"}],"wp:attachment":[{"href":"https:\/\/www.retro-games.hu\/index.php\/wp-json\/wp\/v2\/media?parent=63809"}],"wp:term":[{"taxonomy":"product_brand","embeddable":true,"href":"https:\/\/www.retro-games.hu\/index.php\/wp-json\/wp\/v2\/product_brand?post=63809"},{"taxonomy":"product_cat","embeddable":true,"href":"https:\/\/www.retro-games.hu\/index.php\/wp-json\/wp\/v2\/product_cat?post=63809"},{"taxonomy":"product_tag","embeddable":true,"href":"https:\/\/www.retro-games.hu\/index.php\/wp-json\/wp\/v2\/product_tag?post=63809"}],"curies":[{"name":"wp","href":"https:\/\/api.w.org\/{rel}","templated":true}]}}