{"id":63893,"date":"2025-11-03T16:16:46","date_gmt":"2025-11-03T16:16:46","guid":{"rendered":"https:\/\/www.retro-games.hu\/index.php\/termek\/lego-star-wars-ii-the-original-trilogy\/"},"modified":"2025-11-03T16:16:53","modified_gmt":"2025-11-03T16:16:53","slug":"lego-star-wars-ii-the-original-trilogy","status":"publish","type":"product","link":"https:\/\/www.retro-games.hu\/index.php\/termek\/lego-star-wars-ii-the-original-trilogy\/","title":{"rendered":"LEGO Star Wars II: The Original Trilogy"},"content":{"rendered":"<p>Platformj\u00e1t\u00e9k. Kiad\u00e1s \u00e9ve: 2006. Platform: Windows 2000\/XP\/Vista. Kivitel: dvd tokos, ut\u00e1nkiad\u00e1s, angol feliratos bor\u00edt\u00f3, eredeti cd, angol, n\u00e9met, spanyol, francia, olasz, d\u00e1n nyelv\u0171 j\u00e1t\u00e9k. CD \u00e1llapota: meglehet\u0151sen karcos (hajsz\u00e1lkarcok), tesztelt, m\u0171k\u00f6dik<\/p>\n","protected":false},"excerpt":{"rendered":"<p>Platformj\u00e1t\u00e9k. Kiad\u00e1s \u00e9ve: 2006. Platform: Windows 2000\/XP\/Vista. Kivitel: dvd tokos, ut\u00e1nkiad\u00e1s, angol feliratos bor\u00edt\u00f3, eredeti cd, angol, n\u00e9met, spanyol, francia, olasz, d\u00e1n nyelv\u0171 j\u00e1t\u00e9k. CD \u00e1llapota: meglehet\u0151sen karcos (hajsz\u00e1lkarcok), tesztelt, m\u0171k\u00f6dik<\/p>\n","protected":false},"featured_media":63892,"comment_status":"open","ping_status":"closed","template":"","meta":{"_et_pb_use_builder":"","_et_pb_old_content":"","_et_gb_content_width":""},"product_brand":[],"product_cat":[21,155,34],"product_tag":[],"class_list":{"0":"post-63893","1":"product","2":"type-product","3":"status-publish","4":"has-post-thumbnail","6":"product_cat-akcio","7":"product_cat-jatekok","8":"product_cat-platformjatek","9":"pa_allapot-hasznalt","10":"pa_kivitel-dvd-tokos","11":"pa_nyelv-angol","12":"pa_nyelv-dan","13":"pa_nyelv-francia","14":"pa_nyelv-nemet","15":"pa_nyelv-olasz","16":"pa_nyelv-spanyol","17":"pa_platform-pc-windows-2000","18":"pa_platform-pc-windows-vista","19":"pa_platform-pc_windows","21":"first","22":"instock","23":"shipping-taxable","24":"purchasable","25":"product-type-simple"},"_links":{"self":[{"href":"https:\/\/www.retro-games.hu\/index.php\/wp-json\/wp\/v2\/product\/63893","targetHints":{"allow":["GET"]}}],"collection":[{"href":"https:\/\/www.retro-games.hu\/index.php\/wp-json\/wp\/v2\/product"}],"about":[{"href":"https:\/\/www.retro-games.hu\/index.php\/wp-json\/wp\/v2\/types\/product"}],"replies":[{"embeddable":true,"href":"https:\/\/www.retro-games.hu\/index.php\/wp-json\/wp\/v2\/comments?post=63893"}],"wp:featuredmedia":[{"embeddable":true,"href":"https:\/\/www.retro-games.hu\/index.php\/wp-json\/wp\/v2\/media\/63892"}],"wp:attachment":[{"href":"https:\/\/www.retro-games.hu\/index.php\/wp-json\/wp\/v2\/media?parent=63893"}],"wp:term":[{"taxonomy":"product_brand","embeddable":true,"href":"https:\/\/www.retro-games.hu\/index.php\/wp-json\/wp\/v2\/product_brand?post=63893"},{"taxonomy":"product_cat","embeddable":true,"href":"https:\/\/www.retro-games.hu\/index.php\/wp-json\/wp\/v2\/product_cat?post=63893"},{"taxonomy":"product_tag","embeddable":true,"href":"https:\/\/www.retro-games.hu\/index.php\/wp-json\/wp\/v2\/product_tag?post=63893"}],"curies":[{"name":"wp","href":"https:\/\/api.w.org\/{rel}","templated":true}]}}