{"id":63921,"date":"2025-11-03T16:18:04","date_gmt":"2025-11-03T16:18:04","guid":{"rendered":"https:\/\/www.retro-games.hu\/index.php\/termek\/lma-manager-2007\/"},"modified":"2026-04-16T15:55:11","modified_gmt":"2026-04-16T15:55:11","slug":"lma-manager-2007","status":"publish","type":"product","link":"https:\/\/www.retro-games.hu\/index.php\/termek\/lma-manager-2007\/","title":{"rendered":"LMA Manager 2007"},"content":{"rendered":"<p>Futballmenedzser j\u00e1t\u00e9k. Kiad\u00e1s \u00e9ve: 2006. Platform: Windows 2000\/XP. Kivitel: dvd tokos, els\u0151 kiad\u00e1s, angol feliratos bor\u00edt\u00f3,  eredeti dvd, angol \u00e9s n\u00e9met, spanyol, francia, olasz nyelv\u0171 j\u00e1t\u00e9k. DVD \u00e1llapota: szinte karcmentes, tesztelt, m\u0171k\u00f6dik. <\/p>\n","protected":false},"excerpt":{"rendered":"<p>Futballmenedzser j\u00e1t\u00e9k. Kiad\u00e1s \u00e9ve: 2006. Platform: Windows 2000\/XP. Kivitel: dvd tokos, els\u0151 kiad\u00e1s, angol feliratos bor\u00edt\u00f3, eredeti dvd, angol \u00e9s n\u00e9met, spanyol, francia, olasz nyelv\u0171 j\u00e1t\u00e9k. DVD \u00e1llapota: szinte karcmentes, tesztelt, m\u0171k\u00f6dik.<\/p>\n","protected":false},"featured_media":63920,"comment_status":"open","ping_status":"closed","template":"","meta":{"_et_pb_use_builder":"","_et_pb_old_content":"","_et_gb_content_width":""},"product_brand":[],"product_cat":[8,81],"product_tag":[],"class_list":{"0":"post-63921","1":"product","2":"type-product","3":"status-publish","4":"has-post-thumbnail","6":"product_cat-szimulator","7":"product_cat-uzlet-menedzsment","8":"pa_allapot-hasznalt","9":"pa_kivitel-dvd-tokos","10":"pa_nyelv-angol","11":"pa_platform-pc-windows-2000","12":"pa_platform-pc_windows","14":"first","15":"instock","16":"shipping-taxable","17":"purchasable","18":"product-type-simple"},"_links":{"self":[{"href":"https:\/\/www.retro-games.hu\/index.php\/wp-json\/wp\/v2\/product\/63921","targetHints":{"allow":["GET"]}}],"collection":[{"href":"https:\/\/www.retro-games.hu\/index.php\/wp-json\/wp\/v2\/product"}],"about":[{"href":"https:\/\/www.retro-games.hu\/index.php\/wp-json\/wp\/v2\/types\/product"}],"replies":[{"embeddable":true,"href":"https:\/\/www.retro-games.hu\/index.php\/wp-json\/wp\/v2\/comments?post=63921"}],"wp:featuredmedia":[{"embeddable":true,"href":"https:\/\/www.retro-games.hu\/index.php\/wp-json\/wp\/v2\/media\/63920"}],"wp:attachment":[{"href":"https:\/\/www.retro-games.hu\/index.php\/wp-json\/wp\/v2\/media?parent=63921"}],"wp:term":[{"taxonomy":"product_brand","embeddable":true,"href":"https:\/\/www.retro-games.hu\/index.php\/wp-json\/wp\/v2\/product_brand?post=63921"},{"taxonomy":"product_cat","embeddable":true,"href":"https:\/\/www.retro-games.hu\/index.php\/wp-json\/wp\/v2\/product_cat?post=63921"},{"taxonomy":"product_tag","embeddable":true,"href":"https:\/\/www.retro-games.hu\/index.php\/wp-json\/wp\/v2\/product_tag?post=63921"}],"curies":[{"name":"wp","href":"https:\/\/api.w.org\/{rel}","templated":true}]}}