{"id":64053,"date":"2025-11-03T16:24:24","date_gmt":"2025-11-03T16:24:24","guid":{"rendered":"https:\/\/www.retro-games.hu\/index.php\/termek\/master-of-olympus-zeus-gold-master-of-atlantis-is\/"},"modified":"2025-11-03T16:24:32","modified_gmt":"2025-11-03T16:24:32","slug":"master-of-olympus-zeus-gold-master-of-atlantis-is","status":"publish","type":"product","link":"https:\/\/www.retro-games.hu\/index.php\/termek\/master-of-olympus-zeus-gold-master-of-atlantis-is\/","title":{"rendered":"Master of Olympus: Zeus Gold (Master of Atlantis is)"},"content":{"rendered":"<p>V\u00e1ros\u00e9p\u00edt\u0151 j\u00e1t\u00e9k. Kiad\u00e1s \u00e9ve: 2001. Platform: Windows 95\/98\/ME\/2000. Kivitel: dvd tokos, els\u0151 kiad\u00e1s, magyar feliratos bor\u00edt\u00f3, r\u00f6vid magyar nyelv\u0171 ismertet\u0151, eredeti 2cd, angol nyelv\u0171 j\u00e1t\u00e9k (tartalmazza az alapj\u00e1t\u00e9kot \u00e9s a Master of Atlantis kieg\u00e9sz\u00edt\u0151t is). CD-k \u00e1llapota: karcmentes, \u00fajnak t\u0171nik<\/p>\n","protected":false},"excerpt":{"rendered":"<p>V\u00e1ros\u00e9p\u00edt\u0151 j\u00e1t\u00e9k. Kiad\u00e1s \u00e9ve: 2001. Platform: Windows 95\/98\/ME\/2000. Kivitel: dvd tokos, els\u0151 kiad\u00e1s, magyar feliratos bor\u00edt\u00f3, r\u00f6vid magyar nyelv\u0171 ismertet\u0151, eredeti 2cd, angol nyelv\u0171 j\u00e1t\u00e9k (tartalmazza az alapj\u00e1t\u00e9kot \u00e9s a Master of Atlantis kieg\u00e9sz\u00edt\u0151t is). CD-k \u00e1llapota: karcmentes, \u00fajnak t\u0171nik<\/p>\n","protected":false},"featured_media":64052,"comment_status":"open","ping_status":"closed","template":"","meta":{"_et_pb_use_builder":"","_et_pb_old_content":"","_et_gb_content_width":""},"product_brand":[],"product_cat":[155,43,117],"product_tag":[],"class_list":{"0":"post-64053","1":"product","2":"type-product","3":"status-publish","4":"has-post-thumbnail","6":"product_cat-jatekok","7":"product_cat-strategiai-jatek","8":"product_cat-varosepito","9":"pa_allapot-hasznalt","10":"pa_kivitel-dvd-tokos","11":"pa_nyelv-angol","12":"pa_platform-pc-windows-2000","13":"pa_platform-pc-windows-95","14":"pa_platform-pc-windows-98","15":"pa_platform-pc-windows-me","17":"first","18":"instock","19":"shipping-taxable","20":"purchasable","21":"product-type-simple"},"_links":{"self":[{"href":"https:\/\/www.retro-games.hu\/index.php\/wp-json\/wp\/v2\/product\/64053","targetHints":{"allow":["GET"]}}],"collection":[{"href":"https:\/\/www.retro-games.hu\/index.php\/wp-json\/wp\/v2\/product"}],"about":[{"href":"https:\/\/www.retro-games.hu\/index.php\/wp-json\/wp\/v2\/types\/product"}],"replies":[{"embeddable":true,"href":"https:\/\/www.retro-games.hu\/index.php\/wp-json\/wp\/v2\/comments?post=64053"}],"wp:featuredmedia":[{"embeddable":true,"href":"https:\/\/www.retro-games.hu\/index.php\/wp-json\/wp\/v2\/media\/64052"}],"wp:attachment":[{"href":"https:\/\/www.retro-games.hu\/index.php\/wp-json\/wp\/v2\/media?parent=64053"}],"wp:term":[{"taxonomy":"product_brand","embeddable":true,"href":"https:\/\/www.retro-games.hu\/index.php\/wp-json\/wp\/v2\/product_brand?post=64053"},{"taxonomy":"product_cat","embeddable":true,"href":"https:\/\/www.retro-games.hu\/index.php\/wp-json\/wp\/v2\/product_cat?post=64053"},{"taxonomy":"product_tag","embeddable":true,"href":"https:\/\/www.retro-games.hu\/index.php\/wp-json\/wp\/v2\/product_tag?post=64053"}],"curies":[{"name":"wp","href":"https:\/\/api.w.org\/{rel}","templated":true}]}}