{"id":64077,"date":"2025-11-03T16:25:39","date_gmt":"2025-11-03T16:25:39","guid":{"rendered":"https:\/\/www.retro-games.hu\/index.php\/termek\/medal-of-honor-airborne\/"},"modified":"2025-11-03T16:25:46","modified_gmt":"2025-11-03T16:25:46","slug":"medal-of-honor-airborne","status":"publish","type":"product","link":"https:\/\/www.retro-games.hu\/index.php\/termek\/medal-of-honor-airborne\/","title":{"rendered":"Medal of Honor: Airborne"},"content":{"rendered":"<p>Bels\u0151 n\u00e9zetes l\u00f6v\u00f6ld\u00f6z\u0151s j\u00e1t\u00e9k (FPS). Kiad\u00e1s \u00e9ve: 2007. Platform: Windows XP\/Vista. Kivitel: dvd tokos, EA Value Games kiad\u00e1s, magyar feliratos bor\u00edt\u00f3, eredeti dvd, telep\u00edt\u0151k\u00f3d, magyar feliratos \u00e9s cseh, n\u00e9met, angol, spanyol, francia, olasz, lengyel \u00e9s orosz nyelv\u0171 j\u00e1t\u00e9k. DVD \u00e1llapota: karcmentes, \u00fajnak t\u0171nik<\/p>\n","protected":false},"excerpt":{"rendered":"<p>Bels\u0151 n\u00e9zetes l\u00f6v\u00f6ld\u00f6z\u0151s j\u00e1t\u00e9k (FPS). Kiad\u00e1s \u00e9ve: 2007. Platform: Windows XP\/Vista. Kivitel: dvd tokos, EA Value Games kiad\u00e1s, magyar feliratos bor\u00edt\u00f3, eredeti dvd, telep\u00edt\u0151k\u00f3d, magyar feliratos \u00e9s cseh, n\u00e9met, angol, spanyol, francia, olasz, lengyel \u00e9s orosz nyelv\u0171 j\u00e1t\u00e9k. DVD \u00e1llapota: karcmentes, \u00fajnak t\u0171nik<\/p>\n","protected":false},"featured_media":64076,"comment_status":"open","ping_status":"closed","template":"","meta":{"_et_pb_use_builder":"","_et_pb_old_content":"","_et_gb_content_width":""},"product_brand":[],"product_cat":[21,22,155],"product_tag":[],"class_list":{"0":"post-64077","1":"product","2":"type-product","3":"status-publish","4":"has-post-thumbnail","6":"product_cat-akcio","7":"product_cat-belso-nezetes-lovoldozos-fps","8":"product_cat-jatekok","9":"pa_allapot-hasznalt","10":"pa_kivitel-dvd-tokos","11":"pa_nyelv-angol","12":"pa_nyelv-cseh","13":"pa_nyelv-francia","14":"pa_nyelv-lengyel","15":"pa_nyelv-magyar-feliratos","16":"pa_nyelv-nemet","17":"pa_nyelv-olasz","18":"pa_nyelv-orosz","19":"pa_nyelv-spanyol","20":"pa_platform-pc-windows-vista","21":"pa_platform-pc_windows","23":"first","24":"instock","25":"shipping-taxable","26":"purchasable","27":"product-type-simple"},"_links":{"self":[{"href":"https:\/\/www.retro-games.hu\/index.php\/wp-json\/wp\/v2\/product\/64077","targetHints":{"allow":["GET"]}}],"collection":[{"href":"https:\/\/www.retro-games.hu\/index.php\/wp-json\/wp\/v2\/product"}],"about":[{"href":"https:\/\/www.retro-games.hu\/index.php\/wp-json\/wp\/v2\/types\/product"}],"replies":[{"embeddable":true,"href":"https:\/\/www.retro-games.hu\/index.php\/wp-json\/wp\/v2\/comments?post=64077"}],"wp:featuredmedia":[{"embeddable":true,"href":"https:\/\/www.retro-games.hu\/index.php\/wp-json\/wp\/v2\/media\/64076"}],"wp:attachment":[{"href":"https:\/\/www.retro-games.hu\/index.php\/wp-json\/wp\/v2\/media?parent=64077"}],"wp:term":[{"taxonomy":"product_brand","embeddable":true,"href":"https:\/\/www.retro-games.hu\/index.php\/wp-json\/wp\/v2\/product_brand?post=64077"},{"taxonomy":"product_cat","embeddable":true,"href":"https:\/\/www.retro-games.hu\/index.php\/wp-json\/wp\/v2\/product_cat?post=64077"},{"taxonomy":"product_tag","embeddable":true,"href":"https:\/\/www.retro-games.hu\/index.php\/wp-json\/wp\/v2\/product_tag?post=64077"}],"curies":[{"name":"wp","href":"https:\/\/api.w.org\/{rel}","templated":true}]}}