{"id":64129,"date":"2025-11-03T16:28:25","date_gmt":"2025-11-03T16:28:25","guid":{"rendered":"https:\/\/www.retro-games.hu\/index.php\/termek\/messiah\/"},"modified":"2025-11-03T16:28:33","modified_gmt":"2025-11-03T16:28:33","slug":"messiah","status":"publish","type":"product","link":"https:\/\/www.retro-games.hu\/index.php\/termek\/messiah\/","title":{"rendered":"Messiah"},"content":{"rendered":"<p>K\u00fcls\u0151 n\u00e9zetes akci\u00f3j\u00e1t\u00e9k. Kiad\u00e1s \u00e9ve: 2000. Platform: Windows 95\/98\/ME\/XP. Kivitel: dvd tokos, EVM kiad\u00e1s, r\u00f6vid magyar nyelv\u0171 ismertet\u0151, magyar feliratos bor\u00edt\u00f3, eredeti 2 CD, angol\/olasz\/spanyol nyelv\u0171 j\u00e1t\u00e9k. CD-k \u00e1llapota: karcmentes, \u00fajnak t\u0171nik<\/p>\n","protected":false},"excerpt":{"rendered":"<p>K\u00fcls\u0151 n\u00e9zetes akci\u00f3j\u00e1t\u00e9k. Kiad\u00e1s \u00e9ve: 2000. Platform: Windows 95\/98\/ME\/XP. Kivitel: dvd tokos, EVM kiad\u00e1s, r\u00f6vid magyar nyelv\u0171 ismertet\u0151, magyar feliratos bor\u00edt\u00f3, eredeti 2 CD, angol\/olasz\/spanyol nyelv\u0171 j\u00e1t\u00e9k. CD-k \u00e1llapota: karcmentes, \u00fajnak t\u0171nik<\/p>\n","protected":false},"featured_media":64128,"comment_status":"open","ping_status":"closed","template":"","meta":{"_et_pb_use_builder":"","_et_pb_old_content":"","_et_gb_content_width":""},"product_brand":[],"product_cat":[21,39,155],"product_tag":[],"class_list":{"0":"post-64129","1":"product","2":"type-product","3":"status-publish","4":"has-post-thumbnail","6":"product_cat-akcio","7":"product_cat-kulso-nezetu-lovoldozos","8":"product_cat-jatekok","9":"pa_allapot-hasznalt","10":"pa_kivitel-dvd-tokos","11":"pa_nyelv-angol","12":"pa_nyelv-olasz","13":"pa_nyelv-spanyol","14":"pa_platform-pc-windows-95","15":"pa_platform-pc-windows-98","16":"pa_platform-pc-windows-me","17":"pa_platform-pc_windows","19":"first","20":"instock","21":"shipping-taxable","22":"purchasable","23":"product-type-simple"},"_links":{"self":[{"href":"https:\/\/www.retro-games.hu\/index.php\/wp-json\/wp\/v2\/product\/64129","targetHints":{"allow":["GET"]}}],"collection":[{"href":"https:\/\/www.retro-games.hu\/index.php\/wp-json\/wp\/v2\/product"}],"about":[{"href":"https:\/\/www.retro-games.hu\/index.php\/wp-json\/wp\/v2\/types\/product"}],"replies":[{"embeddable":true,"href":"https:\/\/www.retro-games.hu\/index.php\/wp-json\/wp\/v2\/comments?post=64129"}],"wp:featuredmedia":[{"embeddable":true,"href":"https:\/\/www.retro-games.hu\/index.php\/wp-json\/wp\/v2\/media\/64128"}],"wp:attachment":[{"href":"https:\/\/www.retro-games.hu\/index.php\/wp-json\/wp\/v2\/media?parent=64129"}],"wp:term":[{"taxonomy":"product_brand","embeddable":true,"href":"https:\/\/www.retro-games.hu\/index.php\/wp-json\/wp\/v2\/product_brand?post=64129"},{"taxonomy":"product_cat","embeddable":true,"href":"https:\/\/www.retro-games.hu\/index.php\/wp-json\/wp\/v2\/product_cat?post=64129"},{"taxonomy":"product_tag","embeddable":true,"href":"https:\/\/www.retro-games.hu\/index.php\/wp-json\/wp\/v2\/product_tag?post=64129"}],"curies":[{"name":"wp","href":"https:\/\/api.w.org\/{rel}","templated":true}]}}