{"id":64141,"date":"2025-11-03T16:29:01","date_gmt":"2025-11-03T16:29:01","guid":{"rendered":"https:\/\/www.retro-games.hu\/index.php\/termek\/microsoft-flight-simulator-2002\/"},"modified":"2025-11-03T16:29:08","modified_gmt":"2025-11-03T16:29:08","slug":"microsoft-flight-simulator-2002","status":"publish","type":"product","link":"https:\/\/www.retro-games.hu\/index.php\/termek\/microsoft-flight-simulator-2002\/","title":{"rendered":"Microsoft Flight Simulator 2002"},"content":{"rendered":"<p>Rep\u00fcl\u0151g\u00e9p-szimul\u00e1tor. Kiad\u00e1s \u00e9ve: 2002. Platform: Windows 98\/ME\/2000\/XP. Kivitel: dvd tokos, els\u0151 kiad\u00e1s, n\u00e9met feliratos bor\u00edt\u00f3, n\u00e9met nyelv\u0171 pap\u00edrk\u00e9zik\u00f6nyv, eredeti 3 cd, n\u00e9met nyelv\u0171 j\u00e1t\u00e9k. CD \u00e1llapota: szinte karcmentes, tesztelt, m\u0171k\u00f6dik<\/p>\n","protected":false},"excerpt":{"rendered":"<p>Rep\u00fcl\u0151g\u00e9p-szimul\u00e1tor. Kiad\u00e1s \u00e9ve: 2002. Platform: Windows 98\/ME\/2000\/XP. Kivitel: dvd tokos, els\u0151 kiad\u00e1s, n\u00e9met feliratos bor\u00edt\u00f3, n\u00e9met nyelv\u0171 pap\u00edrk\u00e9zik\u00f6nyv, eredeti 3 cd, n\u00e9met nyelv\u0171 j\u00e1t\u00e9k. CD \u00e1llapota: szinte karcmentes, tesztelt, m\u0171k\u00f6dik<\/p>\n","protected":false},"featured_media":64140,"comment_status":"open","ping_status":"closed","template":"","meta":{"_et_pb_use_builder":"","_et_pb_old_content":"","_et_gb_content_width":""},"product_brand":[],"product_cat":[155,10,9,8],"product_tag":[],"class_list":{"0":"post-64141","1":"product","2":"type-product","3":"status-publish","4":"has-post-thumbnail","6":"product_cat-jatekok","7":"product_cat-polgari","8":"product_cat-repulogep-szimulator-szimulator","9":"product_cat-szimulator","10":"pa_allapot-hasznalt","11":"pa_kivitel-dvd-tokos","12":"pa_nyelv-nemet","13":"pa_platform-pc-windows-2000","14":"pa_platform-pc-windows-98","15":"pa_platform-pc-windows-me","16":"pa_platform-pc_windows","18":"first","19":"instock","20":"shipping-taxable","21":"purchasable","22":"product-type-simple"},"_links":{"self":[{"href":"https:\/\/www.retro-games.hu\/index.php\/wp-json\/wp\/v2\/product\/64141","targetHints":{"allow":["GET"]}}],"collection":[{"href":"https:\/\/www.retro-games.hu\/index.php\/wp-json\/wp\/v2\/product"}],"about":[{"href":"https:\/\/www.retro-games.hu\/index.php\/wp-json\/wp\/v2\/types\/product"}],"replies":[{"embeddable":true,"href":"https:\/\/www.retro-games.hu\/index.php\/wp-json\/wp\/v2\/comments?post=64141"}],"wp:featuredmedia":[{"embeddable":true,"href":"https:\/\/www.retro-games.hu\/index.php\/wp-json\/wp\/v2\/media\/64140"}],"wp:attachment":[{"href":"https:\/\/www.retro-games.hu\/index.php\/wp-json\/wp\/v2\/media?parent=64141"}],"wp:term":[{"taxonomy":"product_brand","embeddable":true,"href":"https:\/\/www.retro-games.hu\/index.php\/wp-json\/wp\/v2\/product_brand?post=64141"},{"taxonomy":"product_cat","embeddable":true,"href":"https:\/\/www.retro-games.hu\/index.php\/wp-json\/wp\/v2\/product_cat?post=64141"},{"taxonomy":"product_tag","embeddable":true,"href":"https:\/\/www.retro-games.hu\/index.php\/wp-json\/wp\/v2\/product_tag?post=64141"}],"curies":[{"name":"wp","href":"https:\/\/api.w.org\/{rel}","templated":true}]}}