{"id":64225,"date":"2025-11-03T16:33:13","date_gmt":"2025-11-03T16:33:13","guid":{"rendered":"https:\/\/www.retro-games.hu\/index.php\/termek\/moto-gp-ultimate-racing-technology-3\/"},"modified":"2025-11-03T16:33:21","modified_gmt":"2025-11-03T16:33:21","slug":"moto-gp-ultimate-racing-technology-3","status":"publish","type":"product","link":"https:\/\/www.retro-games.hu\/index.php\/termek\/moto-gp-ultimate-racing-technology-3\/","title":{"rendered":"Moto GP Ultimate Racing Technology 3"},"content":{"rendered":"<p>Motorversenyz\u0151s j\u00e1t\u00e9k. Kiad\u00e1s \u00e9ve: 2005. Platform: Windows 2000\/XP\/Vista. Kivitel: dvd tokos, els\u0151 kiad\u00e1s, magyar feliratos bor\u00edt\u00f3, eredeti cd, angol, francia, spanyol, n\u00e9met nyelv\u0171 j\u00e1t\u00e9k. CD \u00e1llapota: karcmentes, \u00fajnak t\u0171nik<\/p>\n","protected":false},"excerpt":{"rendered":"<p>Motorversenyz\u0151s j\u00e1t\u00e9k. Kiad\u00e1s \u00e9ve: 2005. Platform: Windows 2000\/XP\/Vista. Kivitel: dvd tokos, els\u0151 kiad\u00e1s, magyar feliratos bor\u00edt\u00f3, eredeti cd, angol, francia, spanyol, n\u00e9met nyelv\u0171 j\u00e1t\u00e9k. CD \u00e1llapota: karcmentes, \u00fajnak t\u0171nik<\/p>\n","protected":false},"featured_media":64224,"comment_status":"open","ping_status":"closed","template":"","meta":{"_et_pb_use_builder":"","_et_pb_old_content":"","_et_gb_content_width":""},"product_brand":[],"product_cat":[133,155,8],"product_tag":[],"class_list":{"0":"post-64225","1":"product","2":"type-product","3":"status-publish","4":"has-post-thumbnail","6":"product_cat-motorversenyzos","7":"product_cat-jatekok","8":"product_cat-szimulator","9":"pa_allapot-hasznalt","10":"pa_kivitel-dvd-tokos","11":"pa_nyelv-angol","12":"pa_nyelv-francia","13":"pa_nyelv-nemet","14":"pa_nyelv-spanyol","15":"pa_platform-pc-windows-2000","16":"pa_platform-pc-windows-vista","17":"pa_platform-pc_windows","19":"first","20":"instock","21":"shipping-taxable","22":"purchasable","23":"product-type-simple"},"_links":{"self":[{"href":"https:\/\/www.retro-games.hu\/index.php\/wp-json\/wp\/v2\/product\/64225","targetHints":{"allow":["GET"]}}],"collection":[{"href":"https:\/\/www.retro-games.hu\/index.php\/wp-json\/wp\/v2\/product"}],"about":[{"href":"https:\/\/www.retro-games.hu\/index.php\/wp-json\/wp\/v2\/types\/product"}],"replies":[{"embeddable":true,"href":"https:\/\/www.retro-games.hu\/index.php\/wp-json\/wp\/v2\/comments?post=64225"}],"wp:featuredmedia":[{"embeddable":true,"href":"https:\/\/www.retro-games.hu\/index.php\/wp-json\/wp\/v2\/media\/64224"}],"wp:attachment":[{"href":"https:\/\/www.retro-games.hu\/index.php\/wp-json\/wp\/v2\/media?parent=64225"}],"wp:term":[{"taxonomy":"product_brand","embeddable":true,"href":"https:\/\/www.retro-games.hu\/index.php\/wp-json\/wp\/v2\/product_brand?post=64225"},{"taxonomy":"product_cat","embeddable":true,"href":"https:\/\/www.retro-games.hu\/index.php\/wp-json\/wp\/v2\/product_cat?post=64225"},{"taxonomy":"product_tag","embeddable":true,"href":"https:\/\/www.retro-games.hu\/index.php\/wp-json\/wp\/v2\/product_tag?post=64225"}],"curies":[{"name":"wp","href":"https:\/\/api.w.org\/{rel}","templated":true}]}}