{"id":64253,"date":"2025-11-03T16:34:42","date_gmt":"2025-11-03T16:34:42","guid":{"rendered":"https:\/\/www.retro-games.hu\/index.php\/termek\/myst-v-end-of-ages\/"},"modified":"2025-11-03T16:34:49","modified_gmt":"2025-11-03T16:34:49","slug":"myst-v-end-of-ages","status":"publish","type":"product","link":"https:\/\/www.retro-games.hu\/index.php\/termek\/myst-v-end-of-ages\/","title":{"rendered":"Myst V: End of Ages"},"content":{"rendered":"<p>Rejtv\u00e9nymegold\u00f3 kalandj\u00e1t\u00e9k. Kiad\u00e1s \u00e9ve: 2005. Platform: Windows 2000\/XP \u00e9s Apple Macintosh. Kivitel: dvd tokos, Ubisoft Exclusive kiad\u00e1s, angol\/magyar\/olasz feliratos bor\u00edt\u00f3, magyar nyelv\u0171 pap\u00edrk\u00e9zik\u00f6nyv, eredeti dvd, angol\/francia\/olasz\/n\u00e9met\/spanyol nyelv\u0171 j\u00e1t\u00e9k. A DVD \u00e1llapota: szinte karcmentes, tesztelt, m\u0171k\u00f6dik.<\/p>\n","protected":false},"excerpt":{"rendered":"<p>Rejtv\u00e9nymegold\u00f3 kalandj\u00e1t\u00e9k. Kiad\u00e1s \u00e9ve: 2005. Platform: Windows 2000\/XP \u00e9s Apple Macintosh. Kivitel: dvd tokos, Ubisoft Exclusive kiad\u00e1s, angol\/magyar\/olasz feliratos bor\u00edt\u00f3, magyar nyelv\u0171 pap\u00edrk\u00e9zik\u00f6nyv, eredeti dvd, angol\/francia\/olasz\/n\u00e9met\/spanyol nyelv\u0171 j\u00e1t\u00e9k. A DVD \u00e1llapota: szinte karcmentes, tesztelt, m\u0171k\u00f6dik.<\/p>\n","protected":false},"featured_media":64252,"comment_status":"open","ping_status":"closed","template":"","meta":{"_et_pb_use_builder":"","_et_pb_old_content":"","_et_gb_content_width":""},"product_brand":[],"product_cat":[25,155,114],"product_tag":[],"class_list":{"0":"post-64253","1":"product","2":"type-product","3":"status-publish","4":"has-post-thumbnail","6":"product_cat-kaland","7":"product_cat-jatekok","8":"product_cat-rejtvenymegoldo","9":"pa_allapot-hasznalt","10":"pa_kivitel-dvd-tokos","11":"pa_nyelv-angol","12":"pa_nyelv-francia","13":"pa_nyelv-nemet","14":"pa_nyelv-olasz","15":"pa_nyelv-spanyol","16":"pa_platform-applepower-macintosh","17":"pa_platform-pc-windows-2000","18":"pa_platform-pc_windows","20":"first","21":"instock","22":"shipping-taxable","23":"purchasable","24":"product-type-simple"},"_links":{"self":[{"href":"https:\/\/www.retro-games.hu\/index.php\/wp-json\/wp\/v2\/product\/64253","targetHints":{"allow":["GET"]}}],"collection":[{"href":"https:\/\/www.retro-games.hu\/index.php\/wp-json\/wp\/v2\/product"}],"about":[{"href":"https:\/\/www.retro-games.hu\/index.php\/wp-json\/wp\/v2\/types\/product"}],"replies":[{"embeddable":true,"href":"https:\/\/www.retro-games.hu\/index.php\/wp-json\/wp\/v2\/comments?post=64253"}],"wp:featuredmedia":[{"embeddable":true,"href":"https:\/\/www.retro-games.hu\/index.php\/wp-json\/wp\/v2\/media\/64252"}],"wp:attachment":[{"href":"https:\/\/www.retro-games.hu\/index.php\/wp-json\/wp\/v2\/media?parent=64253"}],"wp:term":[{"taxonomy":"product_brand","embeddable":true,"href":"https:\/\/www.retro-games.hu\/index.php\/wp-json\/wp\/v2\/product_brand?post=64253"},{"taxonomy":"product_cat","embeddable":true,"href":"https:\/\/www.retro-games.hu\/index.php\/wp-json\/wp\/v2\/product_cat?post=64253"},{"taxonomy":"product_tag","embeddable":true,"href":"https:\/\/www.retro-games.hu\/index.php\/wp-json\/wp\/v2\/product_tag?post=64253"}],"curies":[{"name":"wp","href":"https:\/\/api.w.org\/{rel}","templated":true}]}}