{"id":64329,"date":"2025-11-03T16:38:22","date_gmt":"2025-11-03T16:38:22","guid":{"rendered":"https:\/\/www.retro-games.hu\/index.php\/termek\/neverwinter-nights-shadows-of-undrentide-kiegeszito-lemez-2\/"},"modified":"2025-11-03T16:38:31","modified_gmt":"2025-11-03T16:38:31","slug":"neverwinter-nights-shadows-of-undrentide-kiegeszito-lemez-2","status":"publish","type":"product","link":"https:\/\/www.retro-games.hu\/index.php\/termek\/neverwinter-nights-shadows-of-undrentide-kiegeszito-lemez-2\/","title":{"rendered":"Neverwinter Nights: Shadows of Undrentide kieg\u00e9sz\u00edt\u0151 lemez"},"content":{"rendered":"<p>Klasszikus szerepj\u00e1t\u00e9k. Kiad\u00e1s \u00e9ve: 2003. Platform: Windows 98SE\/ME\/2000\/XP. Kivitel: dvd tokos, els\u0151 kiad\u00e1s, angol feliratos bor\u00edt\u00f3, angol nyelv\u0171 pap\u00edrk\u00e9zik\u00f6nyv, eredeti cd, angol nyelv\u0171 kieg\u00e9sz\u00edt\u0151 lemez, a Neverwinter Nights alapj\u00e1t\u00e9k sz\u00fcks\u00e9ges hozz\u00e1. CD \u00e1llapota: karcmentes, \u00fajnak t\u0171nik<\/p>\n","protected":false},"excerpt":{"rendered":"<p>Klasszikus szerepj\u00e1t\u00e9k. Kiad\u00e1s \u00e9ve: 2003. Platform: Windows 98SE\/ME\/2000\/XP. Kivitel: dvd tokos, els\u0151 kiad\u00e1s, angol feliratos bor\u00edt\u00f3, angol nyelv\u0171 pap\u00edrk\u00e9zik\u00f6nyv, eredeti cd, angol nyelv\u0171 kieg\u00e9sz\u00edt\u0151 lemez, a Neverwinter Nights alapj\u00e1t\u00e9k sz\u00fcks\u00e9ges hozz\u00e1. CD \u00e1llapota: karcmentes, \u00fajnak t\u0171nik<\/p>\n","protected":false},"featured_media":64328,"comment_status":"open","ping_status":"closed","template":"","meta":{"_et_pb_use_builder":"","_et_pb_old_content":"","_et_gb_content_width":""},"product_brand":[],"product_cat":[116,155,272],"product_tag":[],"class_list":{"0":"post-64329","1":"product","2":"type-product","3":"status-publish","4":"has-post-thumbnail","6":"product_cat-klasszikus-szerepjatek","7":"product_cat-jatekok","8":"product_cat-szerepjatek-rpg","9":"pa_allapot-hasznalt","10":"pa_kivitel-dvd-tokos","11":"pa_nyelv-angol","12":"pa_platform-pc-windows-2000","13":"pa_platform-pc-windows-98se-2","14":"pa_platform-pc-windows-me","15":"pa_platform-pc_windows","17":"first","18":"instock","19":"shipping-taxable","20":"purchasable","21":"product-type-simple"},"_links":{"self":[{"href":"https:\/\/www.retro-games.hu\/index.php\/wp-json\/wp\/v2\/product\/64329","targetHints":{"allow":["GET"]}}],"collection":[{"href":"https:\/\/www.retro-games.hu\/index.php\/wp-json\/wp\/v2\/product"}],"about":[{"href":"https:\/\/www.retro-games.hu\/index.php\/wp-json\/wp\/v2\/types\/product"}],"replies":[{"embeddable":true,"href":"https:\/\/www.retro-games.hu\/index.php\/wp-json\/wp\/v2\/comments?post=64329"}],"wp:featuredmedia":[{"embeddable":true,"href":"https:\/\/www.retro-games.hu\/index.php\/wp-json\/wp\/v2\/media\/64328"}],"wp:attachment":[{"href":"https:\/\/www.retro-games.hu\/index.php\/wp-json\/wp\/v2\/media?parent=64329"}],"wp:term":[{"taxonomy":"product_brand","embeddable":true,"href":"https:\/\/www.retro-games.hu\/index.php\/wp-json\/wp\/v2\/product_brand?post=64329"},{"taxonomy":"product_cat","embeddable":true,"href":"https:\/\/www.retro-games.hu\/index.php\/wp-json\/wp\/v2\/product_cat?post=64329"},{"taxonomy":"product_tag","embeddable":true,"href":"https:\/\/www.retro-games.hu\/index.php\/wp-json\/wp\/v2\/product_tag?post=64329"}],"curies":[{"name":"wp","href":"https:\/\/api.w.org\/{rel}","templated":true}]}}