{"id":64413,"date":"2025-11-03T16:42:41","date_gmt":"2025-11-03T16:42:41","guid":{"rendered":"https:\/\/www.retro-games.hu\/index.php\/termek\/operation-overkill\/"},"modified":"2025-11-03T16:42:49","modified_gmt":"2025-11-03T16:42:49","slug":"operation-overkill","status":"publish","type":"product","link":"https:\/\/www.retro-games.hu\/index.php\/termek\/operation-overkill\/","title":{"rendered":"Operation Overkill"},"content":{"rendered":"<p>\u00c1rk\u00e1d helikopterszimul\u00e1tor. Kiad\u00e1s \u00e9ve: 2004. Platform: Windows 95\/98\/2000\/XP. Kivitel: dvd tokos, els\u0151 kiad\u00e1s, magyar feliratos bor\u00edt\u00f3, eredeti cd, angol nyelv\u0171 j\u00e1t\u00e9k. CD \u00e1llapota: karcmentes, \u00fajnak t\u0171nik<\/p>\n","protected":false},"excerpt":{"rendered":"<p>\u00c1rk\u00e1d helikopterszimul\u00e1tor. Kiad\u00e1s \u00e9ve: 2004. Platform: Windows 95\/98\/2000\/XP. Kivitel: dvd tokos, els\u0151 kiad\u00e1s, magyar feliratos bor\u00edt\u00f3, eredeti cd, angol nyelv\u0171 j\u00e1t\u00e9k. CD \u00e1llapota: karcmentes, \u00fajnak t\u0171nik<\/p>\n","protected":false},"featured_media":64412,"comment_status":"open","ping_status":"closed","template":"","meta":{"_et_pb_use_builder":"","_et_pb_old_content":"","_et_gb_content_width":""},"product_brand":[],"product_cat":[11,155,9,8],"product_tag":[],"class_list":{"0":"post-64413","1":"product","2":"type-product","3":"status-publish","4":"has-post-thumbnail","6":"product_cat-harci","7":"product_cat-jatekok","8":"product_cat-repulogep-szimulator-szimulator","9":"product_cat-szimulator","10":"pa_allapot-hasznalt","11":"pa_kivitel-dvd-tokos","12":"pa_nyelv-angol","13":"pa_platform-pc-windows-2000","14":"pa_platform-pc-windows-95","15":"pa_platform-pc-windows-98","16":"pa_platform-pc_windows","18":"first","19":"instock","20":"shipping-taxable","21":"purchasable","22":"product-type-simple"},"_links":{"self":[{"href":"https:\/\/www.retro-games.hu\/index.php\/wp-json\/wp\/v2\/product\/64413","targetHints":{"allow":["GET"]}}],"collection":[{"href":"https:\/\/www.retro-games.hu\/index.php\/wp-json\/wp\/v2\/product"}],"about":[{"href":"https:\/\/www.retro-games.hu\/index.php\/wp-json\/wp\/v2\/types\/product"}],"replies":[{"embeddable":true,"href":"https:\/\/www.retro-games.hu\/index.php\/wp-json\/wp\/v2\/comments?post=64413"}],"wp:featuredmedia":[{"embeddable":true,"href":"https:\/\/www.retro-games.hu\/index.php\/wp-json\/wp\/v2\/media\/64412"}],"wp:attachment":[{"href":"https:\/\/www.retro-games.hu\/index.php\/wp-json\/wp\/v2\/media?parent=64413"}],"wp:term":[{"taxonomy":"product_brand","embeddable":true,"href":"https:\/\/www.retro-games.hu\/index.php\/wp-json\/wp\/v2\/product_brand?post=64413"},{"taxonomy":"product_cat","embeddable":true,"href":"https:\/\/www.retro-games.hu\/index.php\/wp-json\/wp\/v2\/product_cat?post=64413"},{"taxonomy":"product_tag","embeddable":true,"href":"https:\/\/www.retro-games.hu\/index.php\/wp-json\/wp\/v2\/product_tag?post=64413"}],"curies":[{"name":"wp","href":"https:\/\/api.w.org\/{rel}","templated":true}]}}