{"id":64521,"date":"2025-11-03T16:48:05","date_gmt":"2025-11-03T16:48:05","guid":{"rendered":"https:\/\/www.retro-games.hu\/index.php\/termek\/peter-jacksons-king-kong-the-official-game-of-the-movie\/"},"modified":"2026-04-06T20:42:20","modified_gmt":"2026-04-06T20:42:20","slug":"peter-jacksons-king-kong-the-official-game-of-the-movie","status":"publish","type":"product","link":"https:\/\/www.retro-games.hu\/index.php\/termek\/peter-jacksons-king-kong-the-official-game-of-the-movie\/","title":{"rendered":"Peter Jackson&#8217;s King Kong: The Official Game of the Movie"},"content":{"rendered":"<p>Bels\u0151 n\u00e9zetes l\u00f6v\u00f6ld\u00f6z\u0151s j\u00e1t\u00e9k (FPS). Kiad\u00e1s \u00e9ve: 2005. Platform: Windows 98SE\/ME\/2000\/XP. Kivitel: dvd tokos, els\u0151 kiad\u00e1s, angol feliratos bor\u00edt\u00f3, angol nyelv\u0171 pap\u00edrk\u00e9zik\u00f6nyv, eredeti 3 cd, angol, francia, n\u00e9met, olasz, spanyol, d\u00e1n, holland, finn, norv\u00e9g, sv\u00e9d nyelv\u0171 j\u00e1t\u00e9k. CD-k \u00e1llapota: szinte karcmentes, tesztelt, m\u0171k\u00f6dik<\/p>\n","protected":false},"excerpt":{"rendered":"<p>Bels\u0151 n\u00e9zetes l\u00f6v\u00f6ld\u00f6z\u0151s j\u00e1t\u00e9k (FPS). Kiad\u00e1s \u00e9ve: 2005. Platform: Windows 98SE\/ME\/2000\/XP. Kivitel: dvd tokos, els\u0151 kiad\u00e1s, angol feliratos bor\u00edt\u00f3, angol nyelv\u0171 pap\u00edrk\u00e9zik\u00f6nyv, eredeti 3 cd, angol, francia, n\u00e9met, olasz, spanyol, d\u00e1n, holland, finn, norv\u00e9g, sv\u00e9d nyelv\u0171 j\u00e1t\u00e9k. CD-k \u00e1llapota: szinte karcmentes, tesztelt, m\u0171k\u00f6dik<\/p>\n","protected":false},"featured_media":64520,"comment_status":"open","ping_status":"closed","template":"","meta":{"_et_pb_use_builder":"","_et_pb_old_content":"","_et_gb_content_width":""},"product_brand":[],"product_cat":[21,22,155],"product_tag":[],"class_list":{"0":"post-64521","1":"product","2":"type-product","3":"status-publish","4":"has-post-thumbnail","6":"product_cat-akcio","7":"product_cat-belso-nezetes-lovoldozos-fps","8":"product_cat-jatekok","9":"pa_allapot-hasznalt","10":"pa_kivitel-dvd-tokos","11":"pa_nyelv-angol","12":"pa_nyelv-dan","13":"pa_nyelv-finn","14":"pa_nyelv-francia","15":"pa_nyelv-holland","16":"pa_nyelv-nemet","17":"pa_nyelv-norveg","18":"pa_nyelv-olasz","19":"pa_nyelv-spanyol","20":"pa_nyelv-sved","21":"pa_platform-pc-windows-2000","22":"pa_platform-pc-windows-98se-2","23":"pa_platform-pc-windows-me","24":"pa_platform-pc_windows","26":"first","27":"outofstock","28":"shipping-taxable","29":"purchasable","30":"product-type-simple"},"_links":{"self":[{"href":"https:\/\/www.retro-games.hu\/index.php\/wp-json\/wp\/v2\/product\/64521","targetHints":{"allow":["GET"]}}],"collection":[{"href":"https:\/\/www.retro-games.hu\/index.php\/wp-json\/wp\/v2\/product"}],"about":[{"href":"https:\/\/www.retro-games.hu\/index.php\/wp-json\/wp\/v2\/types\/product"}],"replies":[{"embeddable":true,"href":"https:\/\/www.retro-games.hu\/index.php\/wp-json\/wp\/v2\/comments?post=64521"}],"wp:featuredmedia":[{"embeddable":true,"href":"https:\/\/www.retro-games.hu\/index.php\/wp-json\/wp\/v2\/media\/64520"}],"wp:attachment":[{"href":"https:\/\/www.retro-games.hu\/index.php\/wp-json\/wp\/v2\/media?parent=64521"}],"wp:term":[{"taxonomy":"product_brand","embeddable":true,"href":"https:\/\/www.retro-games.hu\/index.php\/wp-json\/wp\/v2\/product_brand?post=64521"},{"taxonomy":"product_cat","embeddable":true,"href":"https:\/\/www.retro-games.hu\/index.php\/wp-json\/wp\/v2\/product_cat?post=64521"},{"taxonomy":"product_tag","embeddable":true,"href":"https:\/\/www.retro-games.hu\/index.php\/wp-json\/wp\/v2\/product_tag?post=64521"}],"curies":[{"name":"wp","href":"https:\/\/api.w.org\/{rel}","templated":true}]}}