{"id":64617,"date":"2025-11-03T16:52:37","date_gmt":"2025-11-03T16:52:37","guid":{"rendered":"https:\/\/www.retro-games.hu\/index.php\/termek\/prisoner-of-war-2\/"},"modified":"2025-11-03T16:52:44","modified_gmt":"2025-11-03T16:52:44","slug":"prisoner-of-war-2","status":"publish","type":"product","link":"https:\/\/www.retro-games.hu\/index.php\/termek\/prisoner-of-war-2\/","title":{"rendered":"Prisoner of War"},"content":{"rendered":"<p>Lopakod\u00f3s akci\u00f3j\u00e1t\u00e9k. Kiad\u00e1s \u00e9ve: 2002. Platform: Windows 98\/98SE\/ME\/2000\/XP. Kivitel: dvd tokos, 100% sorozat kiad\u00e1s, magyar feliratos bor\u00edt\u00f3, eredeti cd, angol\/francia\/n\u00e9met\/olasz\/spanyol nyelv\u0171 j\u00e1t\u00e9k. CD \u00e1llapota: enyh\u00e9n karcos (hajsz\u00e1lkarcok), tesztelt, m\u0171k\u00f6dik.<\/p>\n","protected":false},"excerpt":{"rendered":"<p>Lopakod\u00f3s akci\u00f3j\u00e1t\u00e9k. Kiad\u00e1s \u00e9ve: 2002. Platform: Windows 98\/98SE\/ME\/2000\/XP. Kivitel: dvd tokos, 100% sorozat kiad\u00e1s, magyar feliratos bor\u00edt\u00f3, eredeti cd, angol\/francia\/n\u00e9met\/olasz\/spanyol nyelv\u0171 j\u00e1t\u00e9k. CD \u00e1llapota: enyh\u00e9n karcos (hajsz\u00e1lkarcok), tesztelt, m\u0171k\u00f6dik.<\/p>\n","protected":false},"featured_media":64616,"comment_status":"open","ping_status":"closed","template":"","meta":{"_et_pb_use_builder":"","_et_pb_old_content":"","_et_gb_content_width":""},"product_brand":[],"product_cat":[21,64,155],"product_tag":[],"class_list":{"0":"post-64617","1":"product","2":"type-product","3":"status-publish","4":"has-post-thumbnail","6":"product_cat-akcio","7":"product_cat-lopakodos","8":"product_cat-jatekok","9":"pa_allapot-hasznalt","10":"pa_kivitel-dvd-tokos","11":"pa_nyelv-angol","12":"pa_nyelv-francia","13":"pa_nyelv-nemet","14":"pa_nyelv-olasz","15":"pa_nyelv-spanyol","16":"pa_platform-pc-windows-2000","17":"pa_platform-pc-windows-98","18":"pa_platform-pc-windows-98se-2","19":"pa_platform-pc-windows-me","20":"pa_platform-pc_windows","22":"first","23":"instock","24":"shipping-taxable","25":"purchasable","26":"product-type-simple"},"_links":{"self":[{"href":"https:\/\/www.retro-games.hu\/index.php\/wp-json\/wp\/v2\/product\/64617","targetHints":{"allow":["GET"]}}],"collection":[{"href":"https:\/\/www.retro-games.hu\/index.php\/wp-json\/wp\/v2\/product"}],"about":[{"href":"https:\/\/www.retro-games.hu\/index.php\/wp-json\/wp\/v2\/types\/product"}],"replies":[{"embeddable":true,"href":"https:\/\/www.retro-games.hu\/index.php\/wp-json\/wp\/v2\/comments?post=64617"}],"wp:featuredmedia":[{"embeddable":true,"href":"https:\/\/www.retro-games.hu\/index.php\/wp-json\/wp\/v2\/media\/64616"}],"wp:attachment":[{"href":"https:\/\/www.retro-games.hu\/index.php\/wp-json\/wp\/v2\/media?parent=64617"}],"wp:term":[{"taxonomy":"product_brand","embeddable":true,"href":"https:\/\/www.retro-games.hu\/index.php\/wp-json\/wp\/v2\/product_brand?post=64617"},{"taxonomy":"product_cat","embeddable":true,"href":"https:\/\/www.retro-games.hu\/index.php\/wp-json\/wp\/v2\/product_cat?post=64617"},{"taxonomy":"product_tag","embeddable":true,"href":"https:\/\/www.retro-games.hu\/index.php\/wp-json\/wp\/v2\/product_tag?post=64617"}],"curies":[{"name":"wp","href":"https:\/\/api.w.org\/{rel}","templated":true}]}}