{"id":64657,"date":"2025-11-03T16:54:32","date_gmt":"2025-11-03T16:54:32","guid":{"rendered":"https:\/\/www.retro-games.hu\/index.php\/termek\/railroad-lines-bug-mania-paintball-shooter-es-butcher\/"},"modified":"2025-11-03T16:54:39","modified_gmt":"2025-11-03T16:54:39","slug":"railroad-lines-bug-mania-paintball-shooter-es-butcher","status":"publish","type":"product","link":"https:\/\/www.retro-games.hu\/index.php\/termek\/railroad-lines-bug-mania-paintball-shooter-es-butcher\/","title":{"rendered":"Railroad Lines (+ Bug Mania, Paintball Shooter \u00e9s Butcher)"},"content":{"rendered":"<p>J\u00e1t\u00e9kgy\u0171jtem\u00e9ny 4 teljes verzi\u00f3s j\u00e1t\u00e9kkal. Kiad\u00e1s \u00e9ve: 1999. Platform: Windows XP\/Vista. Kivitel: dvd tokos, els\u0151 kiad\u00e1s, magyar feliratos bor\u00edt\u00f3, eredeti 2 cd, magyar\/lengyel feliratos j\u00e1t\u00e9kok. CD-k \u00e1llapota: enyh\u00e9n karcos (hajsz\u00e1lkarcok), tesztelt, m\u0171k\u00f6dik<\/p>\n","protected":false},"excerpt":{"rendered":"<p>J\u00e1t\u00e9kgy\u0171jtem\u00e9ny 4 teljes verzi\u00f3s j\u00e1t\u00e9kkal. Kiad\u00e1s \u00e9ve: 1999. Platform: Windows XP\/Vista. Kivitel: dvd tokos, els\u0151 kiad\u00e1s, magyar feliratos bor\u00edt\u00f3, eredeti 2 cd, magyar\/lengyel feliratos j\u00e1t\u00e9kok. CD-k \u00e1llapota: enyh\u00e9n karcos (hajsz\u00e1lkarcok), tesztelt, m\u0171k\u00f6dik<\/p>\n","protected":false},"featured_media":64656,"comment_status":"open","ping_status":"closed","template":"","meta":{"_et_pb_use_builder":"","_et_pb_old_content":"","_et_gb_content_width":""},"product_brand":[],"product_cat":[45,36,155],"product_tag":[],"class_list":{"0":"post-64657","1":"product","2":"type-product","3":"status-publish","4":"has-post-thumbnail","6":"product_cat-egyeb","7":"product_cat-osszeallitasok","8":"product_cat-jatekok","9":"pa_allapot-hasznalt","10":"pa_kivitel-dvd-tokos","11":"pa_nyelv-lengyel","12":"pa_nyelv-magyar-feliratos","13":"pa_platform-pc-windows-vista","14":"pa_platform-pc_windows","16":"first","17":"instock","18":"shipping-taxable","19":"purchasable","20":"product-type-simple"},"_links":{"self":[{"href":"https:\/\/www.retro-games.hu\/index.php\/wp-json\/wp\/v2\/product\/64657","targetHints":{"allow":["GET"]}}],"collection":[{"href":"https:\/\/www.retro-games.hu\/index.php\/wp-json\/wp\/v2\/product"}],"about":[{"href":"https:\/\/www.retro-games.hu\/index.php\/wp-json\/wp\/v2\/types\/product"}],"replies":[{"embeddable":true,"href":"https:\/\/www.retro-games.hu\/index.php\/wp-json\/wp\/v2\/comments?post=64657"}],"wp:featuredmedia":[{"embeddable":true,"href":"https:\/\/www.retro-games.hu\/index.php\/wp-json\/wp\/v2\/media\/64656"}],"wp:attachment":[{"href":"https:\/\/www.retro-games.hu\/index.php\/wp-json\/wp\/v2\/media?parent=64657"}],"wp:term":[{"taxonomy":"product_brand","embeddable":true,"href":"https:\/\/www.retro-games.hu\/index.php\/wp-json\/wp\/v2\/product_brand?post=64657"},{"taxonomy":"product_cat","embeddable":true,"href":"https:\/\/www.retro-games.hu\/index.php\/wp-json\/wp\/v2\/product_cat?post=64657"},{"taxonomy":"product_tag","embeddable":true,"href":"https:\/\/www.retro-games.hu\/index.php\/wp-json\/wp\/v2\/product_tag?post=64657"}],"curies":[{"name":"wp","href":"https:\/\/api.w.org\/{rel}","templated":true}]}}